{"id":1065,"date":"2016-08-01T16:22:32","date_gmt":"2016-08-01T14:22:32","guid":{"rendered":"https:\/\/leasetransfer.ch\/de\/accueil\/"},"modified":"2024-08-21T12:26:04","modified_gmt":"2024-08-21T10:26:04","slug":"accueil","status":"publish","type":"page","link":"https:\/\/leasetransfer.ch\/de\/","title":{"rendered":"Accueil"},"content":{"rendered":"","protected":false},"excerpt":{"rendered":"","protected":false},"author":1,"featured_media":0,"parent":0,"menu_order":71,"comment_status":"closed","ping_status":"closed","template":"lt-templates\/accueil.php","meta":{"_acf_changed":false,"_monsterinsights_skip_tracking":false,"_monsterinsights_sitenote_active":false,"_monsterinsights_sitenote_note":"","_monsterinsights_sitenote_category":0,"footnotes":""},"class_list":["post-1065","page","type-page","status-publish","hentry"],"acf":[],"yoast_head":"<!-- This site is optimized with the Yoast SEO plugin v23.7 - https:\/\/yoast.com\/wordpress\/plugins\/seo\/ -->\n<title>LeaseTransfer : \u00dcbernahme oder Kauf von Autoleasing.<\/title>\n<meta name=\"description\" content=\"Platform f\u00fcr \u00dcbernahme und Kauf von Fahrzeugleasing in der Schweiz. Schalten Sie Ihre Anzeige gratis 30 Tage lang und finden Sie schnell einen Abnehmer.\" \/>\n<meta name=\"robots\" content=\"index, follow, max-snippet:-1, max-image-preview:large, max-video-preview:-1\" \/>\n<link rel=\"canonical\" href=\"https:\/\/leasetransfer.ch\/de\/\" \/>\n<meta property=\"og:locale\" content=\"de_DE\" \/>\n<meta property=\"og:type\" content=\"article\" \/>\n<meta property=\"og:title\" content=\"LeaseTransfer : \u00dcbernahme oder Kauf von Autoleasing.\" \/>\n<meta property=\"og:description\" content=\"Platform f\u00fcr \u00dcbernahme und Kauf von Fahrzeugleasing in der Schweiz. Schalten Sie Ihre Anzeige gratis 30 Tage lang und finden Sie schnell einen Abnehmer.\" \/>\n<meta property=\"og:url\" content=\"https:\/\/leasetransfer.ch\/de\/\" \/>\n<meta property=\"og:site_name\" content=\"LeaseTransfer\" \/>\n<meta property=\"article:modified_time\" content=\"2024-08-21T10:26:04+00:00\" \/>\n<meta name=\"twitter:card\" content=\"summary_large_image\" \/>\n<script type=\"application\/ld+json\" class=\"yoast-schema-graph\">{\"@context\":\"https:\/\/schema.org\",\"@graph\":[{\"@type\":\"WebPage\",\"@id\":\"https:\/\/leasetransfer.ch\/de\/\",\"url\":\"https:\/\/leasetransfer.ch\/de\/\",\"name\":\"LeaseTransfer : \u00dcbernahme oder Kauf von Autoleasing.\",\"isPartOf\":{\"@id\":\"https:\/\/leasetransfer.ch\/#website\"},\"datePublished\":\"2016-08-01T14:22:32+00:00\",\"dateModified\":\"2024-08-21T10:26:04+00:00\",\"description\":\"Platform f\u00fcr \u00dcbernahme und Kauf von Fahrzeugleasing in der Schweiz. Schalten Sie Ihre Anzeige gratis 30 Tage lang und finden Sie schnell einen Abnehmer.\",\"breadcrumb\":{\"@id\":\"https:\/\/leasetransfer.ch\/de\/#breadcrumb\"},\"inLanguage\":\"de-DE\",\"potentialAction\":[{\"@type\":\"ReadAction\",\"target\":[\"https:\/\/leasetransfer.ch\/de\/\"]}]},{\"@type\":\"BreadcrumbList\",\"@id\":\"https:\/\/leasetransfer.ch\/de\/#breadcrumb\",\"itemListElement\":[{\"@type\":\"ListItem\",\"position\":1,\"name\":\"Accueil\",\"item\":\"https:\/\/leasetransfer.ch\/de\/\"},{\"@type\":\"ListItem\",\"position\":2,\"name\":\"Accueil\"}]},{\"@type\":\"WebSite\",\"@id\":\"https:\/\/leasetransfer.ch\/#website\",\"url\":\"https:\/\/leasetransfer.ch\/\",\"name\":\"LeaseTransfer\",\"description\":\"Transfert et rachat de leasing auto en Suisse\",\"potentialAction\":[{\"@type\":\"SearchAction\",\"target\":{\"@type\":\"EntryPoint\",\"urlTemplate\":\"https:\/\/leasetransfer.ch\/?s={search_term_string}\"},\"query-input\":{\"@type\":\"PropertyValueSpecification\",\"valueRequired\":true,\"valueName\":\"search_term_string\"}}],\"inLanguage\":\"de-DE\"}]}<\/script>\n<!-- \/ Yoast SEO plugin. -->","yoast_head_json":{"title":"LeaseTransfer : \u00dcbernahme oder Kauf von Autoleasing.","description":"Platform f\u00fcr \u00dcbernahme und Kauf von Fahrzeugleasing in der Schweiz. Schalten Sie Ihre Anzeige gratis 30 Tage lang und finden Sie schnell einen Abnehmer.","robots":{"index":"index","follow":"follow","max-snippet":"max-snippet:-1","max-image-preview":"max-image-preview:large","max-video-preview":"max-video-preview:-1"},"canonical":"https:\/\/leasetransfer.ch\/de\/","og_locale":"de_DE","og_type":"article","og_title":"LeaseTransfer : \u00dcbernahme oder Kauf von Autoleasing.","og_description":"Platform f\u00fcr \u00dcbernahme und Kauf von Fahrzeugleasing in der Schweiz. Schalten Sie Ihre Anzeige gratis 30 Tage lang und finden Sie schnell einen Abnehmer.","og_url":"https:\/\/leasetransfer.ch\/de\/","og_site_name":"LeaseTransfer","article_modified_time":"2024-08-21T10:26:04+00:00","twitter_card":"summary_large_image","schema":{"@context":"https:\/\/schema.org","@graph":[{"@type":"WebPage","@id":"https:\/\/leasetransfer.ch\/de\/","url":"https:\/\/leasetransfer.ch\/de\/","name":"LeaseTransfer : \u00dcbernahme oder Kauf von Autoleasing.","isPartOf":{"@id":"https:\/\/leasetransfer.ch\/#website"},"datePublished":"2016-08-01T14:22:32+00:00","dateModified":"2024-08-21T10:26:04+00:00","description":"Platform f\u00fcr \u00dcbernahme und Kauf von Fahrzeugleasing in der Schweiz. Schalten Sie Ihre Anzeige gratis 30 Tage lang und finden Sie schnell einen Abnehmer.","breadcrumb":{"@id":"https:\/\/leasetransfer.ch\/de\/#breadcrumb"},"inLanguage":"de-DE","potentialAction":[{"@type":"ReadAction","target":["https:\/\/leasetransfer.ch\/de\/"]}]},{"@type":"BreadcrumbList","@id":"https:\/\/leasetransfer.ch\/de\/#breadcrumb","itemListElement":[{"@type":"ListItem","position":1,"name":"Accueil","item":"https:\/\/leasetransfer.ch\/de\/"},{"@type":"ListItem","position":2,"name":"Accueil"}]},{"@type":"WebSite","@id":"https:\/\/leasetransfer.ch\/#website","url":"https:\/\/leasetransfer.ch\/","name":"LeaseTransfer","description":"Transfert et rachat de leasing auto en Suisse","potentialAction":[{"@type":"SearchAction","target":{"@type":"EntryPoint","urlTemplate":"https:\/\/leasetransfer.ch\/?s={search_term_string}"},"query-input":{"@type":"PropertyValueSpecification","valueRequired":true,"valueName":"search_term_string"}}],"inLanguage":"de-DE"}]}},"_links":{"self":[{"href":"https:\/\/leasetransfer.ch\/de\/wp-json\/wp\/v2\/pages\/1065"}],"collection":[{"href":"https:\/\/leasetransfer.ch\/de\/wp-json\/wp\/v2\/pages"}],"about":[{"href":"https:\/\/leasetransfer.ch\/de\/wp-json\/wp\/v2\/types\/page"}],"author":[{"embeddable":true,"href":"https:\/\/leasetransfer.ch\/de\/wp-json\/wp\/v2\/users\/1"}],"replies":[{"embeddable":true,"href":"https:\/\/leasetransfer.ch\/de\/wp-json\/wp\/v2\/comments?post=1065"}],"version-history":[{"count":0,"href":"https:\/\/leasetransfer.ch\/de\/wp-json\/wp\/v2\/pages\/1065\/revisions"}],"wp:attachment":[{"href":"https:\/\/leasetransfer.ch\/de\/wp-json\/wp\/v2\/media?parent=1065"}],"curies":[{"name":"wp","href":"https:\/\/api.w.org\/{rel}","templated":true}]}}