{"id":1197,"date":"2016-12-01T09:12:08","date_gmt":"2016-12-01T08:12:08","guid":{"rendered":"https:\/\/leasetransfer.ch\/?page_id=1197\/"},"modified":"2021-01-11T23:07:37","modified_gmt":"2021-01-11T22:07:37","slug":"wer-sind-wir","status":"publish","type":"page","link":"https:\/\/leasetransfer.ch\/de\/wer-sind-wir\/","title":{"rendered":"Wer sind wir ?"},"content":{"rendered":"<p>LeaseTransfer ist ein in der Schweiz immatrikuliertes Start-up\u00a0CH-660.1.144.017-7 im Handeslregister.<\/p>\n<p>Der Site LeaseTransfer ist eine Anzeigenplatform f\u00fcr Privatpersonen und Firmen, <strong>die auf dem Site Anzeigen schalten m\u00f6chten um ein Fahrzeugleasing abzugeben.<\/strong><\/p>\n<p>Der Site richtet sich an Privatpersonen als auch an Gewerbekunden, die ihren Wohnsitz in der Schweiz haben. Die Bedingungen zu denen man einen Leasingvertrag f\u00fcr ein Fahrzeug bei einer Finanzgesellschaft k\u00fcndigen kann sind abschreckend, denn kostspielig. Nach mehreren Feed-backs konnten wir uns davon \u00fcberzeugen, dass es tats\u00e4chlich sehr schwierig ist, einen Leasingvertrag f\u00fcr ein Auto vorzeitig zu k\u00fcndigen, ohne ungerechtfertigte Kosten, die oft Wucher grenzen, zu zahlen.<\/p>\n<p>Aus diesem Grund haben wir uns entschlossen, eine Platform zu schaffen, die es erm\u00f6glicht, einen Leasingvertrag ohne Schwierigkeiten zu \u00fcbergeben. Wir m\u00f6chten, dass Personen, die ihren Leasingvertrag abgeben m\u00f6chten, dies zu geringsten Kosten tun k\u00f6nnen. Mit dem Ziel, sie von manchmal belastenden oder unangemessenen Monatsraten zu befreien.<\/p>\n<p><strong>LeaseTransfer ist ein neues Konzept f\u00fcr den Schweizer Automarkt.<\/strong><\/p>\n<p>In Quebec, wo die Anzahl der Autoleasingvertr\u00e4ge mit der der Schweiz vergleichbar ist, ist die Suche nach einem K\u00e4ufer \u00fcber eine spezielle Plattform weit verbreitet.<\/p>\n<p><strong>LeaseTransfer antwortet auf einfache und effiziente Weise <\/strong>auf ein allt\u00e4gliches Bed\u00fcrfnis von <strong>Privatpersonen<\/strong> und <strong>Gewerbetreibenden. <\/strong>Endlich gibt es f\u00fcr die<strong> \u00dcbertragung von Leasingvertr\u00e4gen <\/strong>in der Schweiz eine Platform ausschliesslich daf\u00fcr.<\/p>\n","protected":false},"excerpt":{"rendered":"<p>LeaseTransfer ist ein in der Schweiz immatrikuliertes Start-up\u00a0CH-660.1.144.017-7 im Handeslregister. Der Site LeaseTransfer ist eine Anzeigenplatform f\u00fcr Privatpersonen und Firmen, die auf dem Site Anzeigen schalten m\u00f6chten um ein Fahrzeugleasing abzugeben. Der Site richtet sich an Privatpersonen als auch an Gewerbekunden, die ihren Wohnsitz in der Schweiz haben. Die Bedingungen zu denen man einen Leasingvertrag&hellip;<\/p>\n","protected":false},"author":44,"featured_media":0,"parent":0,"menu_order":126,"comment_status":"closed","ping_status":"closed","template":"","meta":{"_acf_changed":false,"_monsterinsights_skip_tracking":false,"_monsterinsights_sitenote_active":false,"_monsterinsights_sitenote_note":"","_monsterinsights_sitenote_category":0,"footnotes":""},"class_list":["post-1197","page","type-page","status-publish","hentry"],"acf":[],"yoast_head":"<!-- This site is optimized with the Yoast SEO plugin v23.7 - https:\/\/yoast.com\/wordpress\/plugins\/seo\/ -->\n<title>Wer sind wir ?<\/title>\n<meta name=\"description\" content=\"LeaseTransfer ist ein in der Schweiz immatrikuliertes Start-up\u00a0CH-660.1.144.017-7 im Handeslregister. Der Site LeaseTransfer ist eine Anzeigenplatform f\u00fcr\" \/>\n<meta name=\"robots\" content=\"index, follow, max-snippet:-1, max-image-preview:large, max-video-preview:-1\" \/>\n<link rel=\"canonical\" href=\"https:\/\/leasetransfer.ch\/de\/wer-sind-wir\/\" \/>\n<meta property=\"og:locale\" content=\"de_DE\" \/>\n<meta property=\"og:type\" content=\"article\" \/>\n<meta property=\"og:title\" content=\"Wer sind wir ?\" \/>\n<meta property=\"og:description\" content=\"LeaseTransfer ist ein in der Schweiz immatrikuliertes Start-up\u00a0CH-660.1.144.017-7 im Handeslregister. Der Site LeaseTransfer ist eine Anzeigenplatform f\u00fcr\" \/>\n<meta property=\"og:url\" content=\"https:\/\/leasetransfer.ch\/de\/wer-sind-wir\/\" \/>\n<meta property=\"og:site_name\" content=\"LeaseTransfer\" \/>\n<meta property=\"article:modified_time\" content=\"2021-01-11T22:07:37+00:00\" \/>\n<meta name=\"twitter:card\" content=\"summary_large_image\" \/>\n<meta name=\"twitter:label1\" content=\"Gesch\u00e4tzte Lesezeit\" \/>\n\t<meta name=\"twitter:data1\" content=\"1 Minute\" \/>\n<script type=\"application\/ld+json\" class=\"yoast-schema-graph\">{\"@context\":\"https:\/\/schema.org\",\"@graph\":[{\"@type\":\"WebPage\",\"@id\":\"https:\/\/leasetransfer.ch\/de\/wer-sind-wir\/\",\"url\":\"https:\/\/leasetransfer.ch\/de\/wer-sind-wir\/\",\"name\":\"Wer sind wir ?\",\"isPartOf\":{\"@id\":\"https:\/\/leasetransfer.ch\/#website\"},\"datePublished\":\"2016-12-01T08:12:08+00:00\",\"dateModified\":\"2021-01-11T22:07:37+00:00\",\"description\":\"LeaseTransfer ist ein in der Schweiz immatrikuliertes Start-up\u00a0CH-660.1.144.017-7 im Handeslregister. Der Site LeaseTransfer ist eine Anzeigenplatform f\u00fcr\",\"breadcrumb\":{\"@id\":\"https:\/\/leasetransfer.ch\/de\/wer-sind-wir\/#breadcrumb\"},\"inLanguage\":\"de-DE\",\"potentialAction\":[{\"@type\":\"ReadAction\",\"target\":[\"https:\/\/leasetransfer.ch\/de\/wer-sind-wir\/\"]}]},{\"@type\":\"BreadcrumbList\",\"@id\":\"https:\/\/leasetransfer.ch\/de\/wer-sind-wir\/#breadcrumb\",\"itemListElement\":[{\"@type\":\"ListItem\",\"position\":1,\"name\":\"Accueil\",\"item\":\"https:\/\/leasetransfer.ch\/de\/\"},{\"@type\":\"ListItem\",\"position\":2,\"name\":\"Wer sind wir ?\"}]},{\"@type\":\"WebSite\",\"@id\":\"https:\/\/leasetransfer.ch\/#website\",\"url\":\"https:\/\/leasetransfer.ch\/\",\"name\":\"LeaseTransfer\",\"description\":\"Transfert et rachat de leasing auto en Suisse\",\"potentialAction\":[{\"@type\":\"SearchAction\",\"target\":{\"@type\":\"EntryPoint\",\"urlTemplate\":\"https:\/\/leasetransfer.ch\/?s={search_term_string}\"},\"query-input\":{\"@type\":\"PropertyValueSpecification\",\"valueRequired\":true,\"valueName\":\"search_term_string\"}}],\"inLanguage\":\"de-DE\"}]}<\/script>\n<!-- \/ Yoast SEO plugin. -->","yoast_head_json":{"title":"Wer sind wir ?","description":"LeaseTransfer ist ein in der Schweiz immatrikuliertes Start-up\u00a0CH-660.1.144.017-7 im Handeslregister. Der Site LeaseTransfer ist eine Anzeigenplatform f\u00fcr","robots":{"index":"index","follow":"follow","max-snippet":"max-snippet:-1","max-image-preview":"max-image-preview:large","max-video-preview":"max-video-preview:-1"},"canonical":"https:\/\/leasetransfer.ch\/de\/wer-sind-wir\/","og_locale":"de_DE","og_type":"article","og_title":"Wer sind wir ?","og_description":"LeaseTransfer ist ein in der Schweiz immatrikuliertes Start-up\u00a0CH-660.1.144.017-7 im Handeslregister. Der Site LeaseTransfer ist eine Anzeigenplatform f\u00fcr","og_url":"https:\/\/leasetransfer.ch\/de\/wer-sind-wir\/","og_site_name":"LeaseTransfer","article_modified_time":"2021-01-11T22:07:37+00:00","twitter_card":"summary_large_image","twitter_misc":{"Gesch\u00e4tzte Lesezeit":"1 Minute"},"schema":{"@context":"https:\/\/schema.org","@graph":[{"@type":"WebPage","@id":"https:\/\/leasetransfer.ch\/de\/wer-sind-wir\/","url":"https:\/\/leasetransfer.ch\/de\/wer-sind-wir\/","name":"Wer sind wir ?","isPartOf":{"@id":"https:\/\/leasetransfer.ch\/#website"},"datePublished":"2016-12-01T08:12:08+00:00","dateModified":"2021-01-11T22:07:37+00:00","description":"LeaseTransfer ist ein in der Schweiz immatrikuliertes Start-up\u00a0CH-660.1.144.017-7 im Handeslregister. Der Site LeaseTransfer ist eine Anzeigenplatform f\u00fcr","breadcrumb":{"@id":"https:\/\/leasetransfer.ch\/de\/wer-sind-wir\/#breadcrumb"},"inLanguage":"de-DE","potentialAction":[{"@type":"ReadAction","target":["https:\/\/leasetransfer.ch\/de\/wer-sind-wir\/"]}]},{"@type":"BreadcrumbList","@id":"https:\/\/leasetransfer.ch\/de\/wer-sind-wir\/#breadcrumb","itemListElement":[{"@type":"ListItem","position":1,"name":"Accueil","item":"https:\/\/leasetransfer.ch\/de\/"},{"@type":"ListItem","position":2,"name":"Wer sind wir ?"}]},{"@type":"WebSite","@id":"https:\/\/leasetransfer.ch\/#website","url":"https:\/\/leasetransfer.ch\/","name":"LeaseTransfer","description":"Transfert et rachat de leasing auto en Suisse","potentialAction":[{"@type":"SearchAction","target":{"@type":"EntryPoint","urlTemplate":"https:\/\/leasetransfer.ch\/?s={search_term_string}"},"query-input":{"@type":"PropertyValueSpecification","valueRequired":true,"valueName":"search_term_string"}}],"inLanguage":"de-DE"}]}},"_links":{"self":[{"href":"https:\/\/leasetransfer.ch\/de\/wp-json\/wp\/v2\/pages\/1197"}],"collection":[{"href":"https:\/\/leasetransfer.ch\/de\/wp-json\/wp\/v2\/pages"}],"about":[{"href":"https:\/\/leasetransfer.ch\/de\/wp-json\/wp\/v2\/types\/page"}],"author":[{"embeddable":true,"href":"https:\/\/leasetransfer.ch\/de\/wp-json\/wp\/v2\/users\/44"}],"replies":[{"embeddable":true,"href":"https:\/\/leasetransfer.ch\/de\/wp-json\/wp\/v2\/comments?post=1197"}],"version-history":[{"count":0,"href":"https:\/\/leasetransfer.ch\/de\/wp-json\/wp\/v2\/pages\/1197\/revisions"}],"wp:attachment":[{"href":"https:\/\/leasetransfer.ch\/de\/wp-json\/wp\/v2\/media?parent=1197"}],"curies":[{"name":"wp","href":"https:\/\/api.w.org\/{rel}","templated":true}]}}