{"id":1199,"date":"2016-12-01T09:28:03","date_gmt":"2016-12-01T08:28:03","guid":{"rendered":"https:\/\/leasetransfer.ch\/?page_id=1199\/"},"modified":"2024-01-06T22:11:33","modified_gmt":"2024-01-06T21:11:33","slug":"leasing-und-vorgezogene-kuendigung","status":"publish","type":"page","link":"https:\/\/leasetransfer.ch\/de\/leasing-und-vorgezogene-kuendigung\/","title":{"rendered":"Leasing und vorgezogene K\u00fcndigung"},"content":{"rendered":"<h2>Was ist ein Leasing?<\/h2>\n<p>Nach Sch\u00e4tzungen werden in der Schweiz mehr als 50% aller Neuwagen \u00fcber Leasing verkauft. Es gibt drei Formen von Leasing :<\/p>\n<ul>\n<li style=\"list-style-type: none;\">\n<ul>\n<li>Mietleasing<\/li>\n<\/ul>\n<\/li>\n<\/ul>\n<ul>\n<li style=\"list-style-type: none;\">\n<ul>\n<li>Leasing mit Kaufoption<\/li>\n<\/ul>\n<\/li>\n<\/ul>\n<ul>\n<li style=\"list-style-type: none;\">\n<ul>\n<li>Mietkauf<\/li>\n<\/ul>\n<\/li>\n<\/ul>\n<p><strong>Mietleasing<\/strong> meint ein Mietfahrzeug, dessen Monatsraten f\u00fcr eine festgelegte Dauer kalkuliert sind, bei einer im Voraus festgelegten Kilometerzahl. Das ist eine Langzeitmietung. Das Fahrzeug muss nach Vertragsablauf zur\u00fcckgegeben werden.<\/p>\n<p><strong>Leasing mit Kaufoption<\/strong> erfolgt in der selben Weise wie ein Mietleasing mit dem Unterschied, dass nach Ablauf des Vertrages der Kunde das Fahrzeug zu einem vorher festgelegten Preis kaufen kann (Restwert). F\u00fcr diese L\u00f6sung entscheiden sich 80% aller Kunden.<\/p>\n<p><strong>Der Mietkauf<\/strong> erfolgt in der selben Weise wie ein Leasing mit Kaufoption, mit dem Unterschied, dass Sie nach Ablauf des Vertrags Eigent\u00fcmer werden, ohne einen Restwert bezahlen zu m\u00fcssen. Bei einem Mietleasing zahlen Sie niedrigere Monatsraten, aber Sie m\u00fcssen das Fahrzeug nach Vertragsablauf wieder zur\u00fcckgeben.<\/p>\n<p>Bei einem Leasing mit Kaufoption zahlen Sie h\u00f6here Monatsraten, aber, wenn sie des Restwert ertstatten, werden Sie nach Vertragsablauf Eigent\u00fcmer des Fahrzeugs.<\/p>\n<p>Bei einem Mietkauf bezahlen Sie noch h\u00f6here Monatsraten, aber nach Vertragsablauf sind Sie Eigent\u00fcmer des Fahrzeugs, ohne einen Restwert bezahlen zu m\u00fcssen.<\/p>\n<h2>Was bedeutet Restwert ?<\/h2>\n<p>Den Restwert bestimmt der Wert eines Fahrzeugs nach Ablauf der Mietdauer. Restwert = Kaufpreis \u2013 Abzahlungssumme<\/p>\n<p><strong>Wie geht ein Leasing von statten ?<\/strong><\/p>\n<p>Ein Leasing besteht aus drei Parteien :<\/p>\n<ul>\n<li style=\"list-style-type: none;\">\n<ul>\n<li>Einem Kunden, der ein Fahrzeug mieten m\u00f6chte<\/li>\n<\/ul>\n<\/li>\n<\/ul>\n<ul>\n<li style=\"list-style-type: none;\">\n<ul>\n<li>Der Bank oder dem Finanzinstitut, die das Fahrzeug kaufen<\/li>\n<\/ul>\n<\/li>\n<\/ul>\n<ul>\n<li style=\"list-style-type: none;\">\n<ul>\n<li>Der Garage, die das Fahrzeug verkauft und zur Verf\u00fcgung stellt<\/li>\n<\/ul>\n<\/li>\n<\/ul>\n<p>W\u00e4hrend der ganzen Dauer des Leasingvertrages bleibt die Bank oder das Finanzinstitut Eigent\u00fcmer des Fahrzeugs. Sie sind der Mieter der Bank oder des Finanzinstituts. Sie kommen f\u00fcr die Kosten, die die Nutzung des Fahrzeugs verursacht (Wartung, Kaskoversicherung&#8230;) auf.<\/p>\n<p><strong>Nach Ablauf des Vertrags :<\/strong><\/p>\n<ul>\n<li style=\"list-style-type: none;\">\n<ul>\n<li>Im Fall eines Mietleasings m\u00fcssen sie das Fahrzeug zur\u00fcckgeben<\/li>\n<\/ul>\n<\/li>\n<\/ul>\n<ul>\n<li style=\"list-style-type: none;\">\n<ul>\n<li>Im Fall eines Leasings mit Kaufoption k\u00f6nnen Sie das Auto von der Garage zum Restwert erwerben<\/li>\n<\/ul>\n<\/li>\n<\/ul>\n<ul>\n<li style=\"list-style-type: none;\">\n<ul>\n<li>Im Fall eines Mietkaufs werden Sie Eigent\u00fcmer des Fahrzeugs.<\/li>\n<\/ul>\n<\/li>\n<\/ul>\n<h2>Die vorzeitige K\u00fcndigung eines Vertrags :<\/h2>\n<p>Die Monatsraten Ihres Leasingvertrags sind bei Vertragsabschluss nach Dauer und vorgesehener Kilometerzahl kalkuliert. Je k\u00fcrzer die Dauer des Vertrags ist, desto h\u00f6her sind die Monatsraten.<\/p>\n<p>Im Falle vorzeitiger K\u00fcndigung werden Ihre Monatsraten nach der effektiven Dauer des Leasingvertrags berechnet. Sie sind gehalten, den Unterschied zwischen den bereits bezahlten Monatsraten und der Gesamtsumme der nach oben hin neu kalkulierten Leasingraten zu bezahlen, gem\u00e4ss eines in Ihrem Vertrag festgelegten Koeffizienten. Diese Berechnung kann eine Summe von MEHREREN TAUSEND FRANKEN ergeben.<\/p>\n<p>In der Mehrzahl der F\u00e4lle werden von Ihnen auch Kilometerentsch\u00e4digungn gefordert.<\/p>\n<p>Wenn Sie den Leasingvertrag f\u00fcr Ihr Fahrzeug \u00fcbertragen, bezahlen Sie diese manchmal \u00fcbertriebenen Entsch\u00e4digungszahlungen nicht.<\/p>\n<p><em><strong>Wenn Sie sich von Ihrem Leasingvertrag zu geringsten Kosten l\u00f6sen m\u00f6chten, bietet Ihnen Leasetransfer eine einfache und effiziente L\u00f6sung!<\/strong><\/em><\/p>\n<p>Autoleasing : Das kann Sie teuer zu stehen kommen! Sendungen von RTS ansehen:<\/p>\n<p><a href=\"https:\/\/www.rts.ch\/play\/tv\/a-bon-entendeur\/video\/voiture-en-leasing-ca-peut-vous-couter-cher?urn=urn:rts:video:4578998\">Ausstrahlungen 1<\/a><\/p>\n<p><a href=\"https:\/\/www.rts.ch\/play\/tv\/a-bon-entendeur\/video\/les-pieges-du-leasing?urn=urn:rts:video:11891731\">Ausstrahlungen 2<\/a><\/p>\n<p><a href=\"https:\/\/www.rts.ch\/play\/tv\/a-bon-entendeur\/video\/vehicule-en-leasing--un-accident-et-un-remboursement-complique?urn=urn:rts:video:14433805\">Ausstrahlungen 3<\/a><br \/>\nWeitere Artikel, um herauszufinden, wie man ein Leasing am besten k\u00fcndigt, entdecken Sie auf unserem <a href=\"https:\/\/leasetransfer.ch\/de\/blog\/\">Blog<\/a><\/p>\n","protected":false},"excerpt":{"rendered":"<p>Was ist ein Leasing? Nach Sch\u00e4tzungen werden in der Schweiz mehr als 50% aller Neuwagen \u00fcber Leasing verkauft. Es gibt drei Formen von Leasing : Mietleasing Leasing mit Kaufoption Mietkauf Mietleasing meint ein Mietfahrzeug, dessen Monatsraten f\u00fcr eine festgelegte Dauer kalkuliert sind, bei einer im Voraus festgelegten Kilometerzahl. Das ist eine Langzeitmietung. Das Fahrzeug muss&hellip;<\/p>\n","protected":false},"author":44,"featured_media":0,"parent":0,"menu_order":77,"comment_status":"closed","ping_status":"closed","template":"","meta":{"_acf_changed":false,"_monsterinsights_skip_tracking":false,"_monsterinsights_sitenote_active":false,"_monsterinsights_sitenote_note":"","_monsterinsights_sitenote_category":0,"footnotes":""},"class_list":["post-1199","page","type-page","status-publish","hentry"],"acf":[],"yoast_head":"<!-- This site is optimized with the Yoast SEO plugin v23.7 - https:\/\/yoast.com\/wordpress\/plugins\/seo\/ -->\n<title>Leasing und vorgezogene K\u00fcndigung<\/title>\n<meta name=\"description\" content=\"Was ist ein Leasing? Nach Sch\u00e4tzungen werden in der Schweiz mehr als 50% aller Neuwagen \u00fcber Leasing verkauft. Es gibt drei Formen von Leasing :\" \/>\n<meta name=\"robots\" content=\"index, follow, max-snippet:-1, max-image-preview:large, max-video-preview:-1\" \/>\n<link rel=\"canonical\" href=\"https:\/\/leasetransfer.ch\/de\/leasing-und-vorgezogene-kuendigung\/\" \/>\n<meta property=\"og:locale\" content=\"de_DE\" \/>\n<meta property=\"og:type\" content=\"article\" \/>\n<meta property=\"og:title\" content=\"Leasing und vorgezogene K\u00fcndigung\" \/>\n<meta property=\"og:description\" content=\"Was ist ein Leasing? Nach Sch\u00e4tzungen werden in der Schweiz mehr als 50% aller Neuwagen \u00fcber Leasing verkauft. Es gibt drei Formen von Leasing :\" \/>\n<meta property=\"og:url\" content=\"https:\/\/leasetransfer.ch\/de\/leasing-und-vorgezogene-kuendigung\/\" \/>\n<meta property=\"og:site_name\" content=\"LeaseTransfer\" \/>\n<meta property=\"article:modified_time\" content=\"2024-01-06T21:11:33+00:00\" \/>\n<meta name=\"twitter:card\" content=\"summary_large_image\" \/>\n<meta name=\"twitter:label1\" content=\"Gesch\u00e4tzte Lesezeit\" \/>\n\t<meta name=\"twitter:data1\" content=\"3 Minuten\" \/>\n<script type=\"application\/ld+json\" class=\"yoast-schema-graph\">{\"@context\":\"https:\/\/schema.org\",\"@graph\":[{\"@type\":\"WebPage\",\"@id\":\"https:\/\/leasetransfer.ch\/de\/leasing-und-vorgezogene-kuendigung\/\",\"url\":\"https:\/\/leasetransfer.ch\/de\/leasing-und-vorgezogene-kuendigung\/\",\"name\":\"Leasing und vorgezogene K\u00fcndigung\",\"isPartOf\":{\"@id\":\"https:\/\/leasetransfer.ch\/#website\"},\"datePublished\":\"2016-12-01T08:28:03+00:00\",\"dateModified\":\"2024-01-06T21:11:33+00:00\",\"description\":\"Was ist ein Leasing? Nach Sch\u00e4tzungen werden in der Schweiz mehr als 50% aller Neuwagen \u00fcber Leasing verkauft. Es gibt drei Formen von Leasing :\",\"breadcrumb\":{\"@id\":\"https:\/\/leasetransfer.ch\/de\/leasing-und-vorgezogene-kuendigung\/#breadcrumb\"},\"inLanguage\":\"de-DE\",\"potentialAction\":[{\"@type\":\"ReadAction\",\"target\":[\"https:\/\/leasetransfer.ch\/de\/leasing-und-vorgezogene-kuendigung\/\"]}]},{\"@type\":\"BreadcrumbList\",\"@id\":\"https:\/\/leasetransfer.ch\/de\/leasing-und-vorgezogene-kuendigung\/#breadcrumb\",\"itemListElement\":[{\"@type\":\"ListItem\",\"position\":1,\"name\":\"Accueil\",\"item\":\"https:\/\/leasetransfer.ch\/de\/\"},{\"@type\":\"ListItem\",\"position\":2,\"name\":\"Leasing und vorgezogene K\u00fcndigung\"}]},{\"@type\":\"WebSite\",\"@id\":\"https:\/\/leasetransfer.ch\/#website\",\"url\":\"https:\/\/leasetransfer.ch\/\",\"name\":\"LeaseTransfer\",\"description\":\"Transfert et rachat de leasing auto en Suisse\",\"potentialAction\":[{\"@type\":\"SearchAction\",\"target\":{\"@type\":\"EntryPoint\",\"urlTemplate\":\"https:\/\/leasetransfer.ch\/?s={search_term_string}\"},\"query-input\":{\"@type\":\"PropertyValueSpecification\",\"valueRequired\":true,\"valueName\":\"search_term_string\"}}],\"inLanguage\":\"de-DE\"}]}<\/script>\n<!-- \/ Yoast SEO plugin. -->","yoast_head_json":{"title":"Leasing und vorgezogene K\u00fcndigung","description":"Was ist ein Leasing? Nach Sch\u00e4tzungen werden in der Schweiz mehr als 50% aller Neuwagen \u00fcber Leasing verkauft. Es gibt drei Formen von Leasing :","robots":{"index":"index","follow":"follow","max-snippet":"max-snippet:-1","max-image-preview":"max-image-preview:large","max-video-preview":"max-video-preview:-1"},"canonical":"https:\/\/leasetransfer.ch\/de\/leasing-und-vorgezogene-kuendigung\/","og_locale":"de_DE","og_type":"article","og_title":"Leasing und vorgezogene K\u00fcndigung","og_description":"Was ist ein Leasing? Nach Sch\u00e4tzungen werden in der Schweiz mehr als 50% aller Neuwagen \u00fcber Leasing verkauft. Es gibt drei Formen von Leasing :","og_url":"https:\/\/leasetransfer.ch\/de\/leasing-und-vorgezogene-kuendigung\/","og_site_name":"LeaseTransfer","article_modified_time":"2024-01-06T21:11:33+00:00","twitter_card":"summary_large_image","twitter_misc":{"Gesch\u00e4tzte Lesezeit":"3 Minuten"},"schema":{"@context":"https:\/\/schema.org","@graph":[{"@type":"WebPage","@id":"https:\/\/leasetransfer.ch\/de\/leasing-und-vorgezogene-kuendigung\/","url":"https:\/\/leasetransfer.ch\/de\/leasing-und-vorgezogene-kuendigung\/","name":"Leasing und vorgezogene K\u00fcndigung","isPartOf":{"@id":"https:\/\/leasetransfer.ch\/#website"},"datePublished":"2016-12-01T08:28:03+00:00","dateModified":"2024-01-06T21:11:33+00:00","description":"Was ist ein Leasing? Nach Sch\u00e4tzungen werden in der Schweiz mehr als 50% aller Neuwagen \u00fcber Leasing verkauft. Es gibt drei Formen von Leasing :","breadcrumb":{"@id":"https:\/\/leasetransfer.ch\/de\/leasing-und-vorgezogene-kuendigung\/#breadcrumb"},"inLanguage":"de-DE","potentialAction":[{"@type":"ReadAction","target":["https:\/\/leasetransfer.ch\/de\/leasing-und-vorgezogene-kuendigung\/"]}]},{"@type":"BreadcrumbList","@id":"https:\/\/leasetransfer.ch\/de\/leasing-und-vorgezogene-kuendigung\/#breadcrumb","itemListElement":[{"@type":"ListItem","position":1,"name":"Accueil","item":"https:\/\/leasetransfer.ch\/de\/"},{"@type":"ListItem","position":2,"name":"Leasing und vorgezogene K\u00fcndigung"}]},{"@type":"WebSite","@id":"https:\/\/leasetransfer.ch\/#website","url":"https:\/\/leasetransfer.ch\/","name":"LeaseTransfer","description":"Transfert et rachat de leasing auto en Suisse","potentialAction":[{"@type":"SearchAction","target":{"@type":"EntryPoint","urlTemplate":"https:\/\/leasetransfer.ch\/?s={search_term_string}"},"query-input":{"@type":"PropertyValueSpecification","valueRequired":true,"valueName":"search_term_string"}}],"inLanguage":"de-DE"}]}},"_links":{"self":[{"href":"https:\/\/leasetransfer.ch\/de\/wp-json\/wp\/v2\/pages\/1199"}],"collection":[{"href":"https:\/\/leasetransfer.ch\/de\/wp-json\/wp\/v2\/pages"}],"about":[{"href":"https:\/\/leasetransfer.ch\/de\/wp-json\/wp\/v2\/types\/page"}],"author":[{"embeddable":true,"href":"https:\/\/leasetransfer.ch\/de\/wp-json\/wp\/v2\/users\/44"}],"replies":[{"embeddable":true,"href":"https:\/\/leasetransfer.ch\/de\/wp-json\/wp\/v2\/comments?post=1199"}],"version-history":[{"count":0,"href":"https:\/\/leasetransfer.ch\/de\/wp-json\/wp\/v2\/pages\/1199\/revisions"}],"wp:attachment":[{"href":"https:\/\/leasetransfer.ch\/de\/wp-json\/wp\/v2\/media?parent=1199"}],"curies":[{"name":"wp","href":"https:\/\/api.w.org\/{rel}","templated":true}]}}