{"id":1201,"date":"2016-08-03T16:13:42","date_gmt":"2016-08-03T14:13:42","guid":{"rendered":"https:\/\/leasetransfer.ch\/le-transfert-de-leasing\/"},"modified":"2017-10-24T16:30:47","modified_gmt":"2017-10-24T14:30:47","slug":"le-transfert-de-leasing","status":"publish","type":"page","link":"https:\/\/leasetransfer.ch\/de\/le-transfert-de-leasing\/","title":{"rendered":"Der Leasingtransfer"},"content":{"rendered":"<h2>Warum seinen Leasingvertrag \u00fcbertragen?<\/h2>\n<p>Verschiedene Gr\u00fcnde k\u00f6nnen der Anlass sein, sich von seinem Leasingvertrag f\u00fcr ein Auto zu trennen :<\/p>\n<ul>\n<ul>\n<li>Famili\u00e4re Gr\u00fcnde : Geburt, Scheidung<\/li>\n<\/ul>\n<\/ul>\n<ul>\n<ul>\n<li>Berufliche Gr\u00fcnde : Verlust des Arbeitsplatzes, der Arbeitgeber stellt ein Fahrzeug zur Disposition<\/li>\n<\/ul>\n<\/ul>\n<ul>\n<ul>\n<li>Wirtschaftliche Gr\u00fcnde : Einkommesnverlust, Kapitalbedarf\u2026<\/li>\n<\/ul>\n<\/ul>\n<ul>\n<ul>\n<li>Pers\u00f6nliche Gr\u00fcnde : Umzug ins Ausland, Immobilienprojekte\u2026<\/li>\n<\/ul>\n<\/ul>\n<ul>\n<ul>\n<li>Rechtliche Gr\u00fcnde : Verlust Ihres F\u00fchrerscheins, Verurteilung\u2026<\/li>\n<\/ul>\n<\/ul>\n<ul>\n<ul>\n<li>Und vieles Andere mehr\u2026<\/li>\n<\/ul>\n<\/ul>\n<p>Eine vorzeitige K\u00fcndigung Ihres Leasingvertrages kommt sehr, sehr teuer, vor allem am Beginn eines Vertrages.<\/p>\n<p>Sie sehen also, <strong>LeaseTransfer ist DIE g\u00fcnstigste L\u00f6sung, Ihren Leasingvertrag abzugeben.<\/strong>.<\/p>\n","protected":false},"excerpt":{"rendered":"<p>Warum seinen Leasingvertrag \u00fcbertragen? Verschiedene Gr\u00fcnde k\u00f6nnen der Anlass sein, sich von seinem Leasingvertrag f\u00fcr ein Auto zu trennen : Famili\u00e4re Gr\u00fcnde : Geburt, Scheidung Berufliche Gr\u00fcnde : Verlust des Arbeitsplatzes, der Arbeitgeber stellt ein Fahrzeug zur Disposition Wirtschaftliche Gr\u00fcnde : Einkommesnverlust, Kapitalbedarf\u2026 Pers\u00f6nliche Gr\u00fcnde : Umzug ins Ausland, Immobilienprojekte\u2026 Rechtliche Gr\u00fcnde : Verlust Ihres&hellip;<\/p>\n","protected":false},"author":1,"featured_media":0,"parent":0,"menu_order":81,"comment_status":"closed","ping_status":"closed","template":"","meta":{"_acf_changed":false,"_monsterinsights_skip_tracking":false,"_monsterinsights_sitenote_active":false,"_monsterinsights_sitenote_note":"","_monsterinsights_sitenote_category":0,"footnotes":""},"class_list":["post-1201","page","type-page","status-publish","hentry"],"acf":[],"yoast_head":"<!-- This site is optimized with the Yoast SEO plugin v23.7 - https:\/\/yoast.com\/wordpress\/plugins\/seo\/ -->\n<title>Der Leasingtransfer<\/title>\n<meta name=\"description\" content=\"Warum seinen Leasingvertrag \u00fcbertragen? Verschiedene Gr\u00fcnde k\u00f6nnen der Anlass sein, sich von seinem Leasingvertrag f\u00fcr ein Auto zu trennen : Famili\u00e4re\" \/>\n<meta name=\"robots\" content=\"index, follow, max-snippet:-1, max-image-preview:large, max-video-preview:-1\" \/>\n<link rel=\"canonical\" href=\"https:\/\/leasetransfer.ch\/de\/le-transfert-de-leasing\/\" \/>\n<meta property=\"og:locale\" content=\"de_DE\" \/>\n<meta property=\"og:type\" content=\"article\" \/>\n<meta property=\"og:title\" content=\"Der Leasingtransfer\" \/>\n<meta property=\"og:description\" content=\"Warum seinen Leasingvertrag \u00fcbertragen? Verschiedene Gr\u00fcnde k\u00f6nnen der Anlass sein, sich von seinem Leasingvertrag f\u00fcr ein Auto zu trennen : Famili\u00e4re\" \/>\n<meta property=\"og:url\" content=\"https:\/\/leasetransfer.ch\/de\/le-transfert-de-leasing\/\" \/>\n<meta property=\"og:site_name\" content=\"LeaseTransfer\" \/>\n<meta property=\"article:modified_time\" content=\"2017-10-24T14:30:47+00:00\" \/>\n<meta name=\"twitter:card\" content=\"summary_large_image\" \/>\n<script type=\"application\/ld+json\" class=\"yoast-schema-graph\">{\"@context\":\"https:\/\/schema.org\",\"@graph\":[{\"@type\":\"WebPage\",\"@id\":\"https:\/\/leasetransfer.ch\/de\/le-transfert-de-leasing\/\",\"url\":\"https:\/\/leasetransfer.ch\/de\/le-transfert-de-leasing\/\",\"name\":\"Der Leasingtransfer\",\"isPartOf\":{\"@id\":\"https:\/\/leasetransfer.ch\/#website\"},\"datePublished\":\"2016-08-03T14:13:42+00:00\",\"dateModified\":\"2017-10-24T14:30:47+00:00\",\"description\":\"Warum seinen Leasingvertrag \u00fcbertragen? Verschiedene Gr\u00fcnde k\u00f6nnen der Anlass sein, sich von seinem Leasingvertrag f\u00fcr ein Auto zu trennen : Famili\u00e4re\",\"breadcrumb\":{\"@id\":\"https:\/\/leasetransfer.ch\/de\/le-transfert-de-leasing\/#breadcrumb\"},\"inLanguage\":\"de-DE\",\"potentialAction\":[{\"@type\":\"ReadAction\",\"target\":[\"https:\/\/leasetransfer.ch\/de\/le-transfert-de-leasing\/\"]}]},{\"@type\":\"BreadcrumbList\",\"@id\":\"https:\/\/leasetransfer.ch\/de\/le-transfert-de-leasing\/#breadcrumb\",\"itemListElement\":[{\"@type\":\"ListItem\",\"position\":1,\"name\":\"Accueil\",\"item\":\"https:\/\/leasetransfer.ch\/de\/\"},{\"@type\":\"ListItem\",\"position\":2,\"name\":\"Der Leasingtransfer\"}]},{\"@type\":\"WebSite\",\"@id\":\"https:\/\/leasetransfer.ch\/#website\",\"url\":\"https:\/\/leasetransfer.ch\/\",\"name\":\"LeaseTransfer\",\"description\":\"Transfert et rachat de leasing auto en Suisse\",\"potentialAction\":[{\"@type\":\"SearchAction\",\"target\":{\"@type\":\"EntryPoint\",\"urlTemplate\":\"https:\/\/leasetransfer.ch\/?s={search_term_string}\"},\"query-input\":{\"@type\":\"PropertyValueSpecification\",\"valueRequired\":true,\"valueName\":\"search_term_string\"}}],\"inLanguage\":\"de-DE\"}]}<\/script>\n<!-- \/ Yoast SEO plugin. -->","yoast_head_json":{"title":"Der Leasingtransfer","description":"Warum seinen Leasingvertrag \u00fcbertragen? Verschiedene Gr\u00fcnde k\u00f6nnen der Anlass sein, sich von seinem Leasingvertrag f\u00fcr ein Auto zu trennen : Famili\u00e4re","robots":{"index":"index","follow":"follow","max-snippet":"max-snippet:-1","max-image-preview":"max-image-preview:large","max-video-preview":"max-video-preview:-1"},"canonical":"https:\/\/leasetransfer.ch\/de\/le-transfert-de-leasing\/","og_locale":"de_DE","og_type":"article","og_title":"Der Leasingtransfer","og_description":"Warum seinen Leasingvertrag \u00fcbertragen? Verschiedene Gr\u00fcnde k\u00f6nnen der Anlass sein, sich von seinem Leasingvertrag f\u00fcr ein Auto zu trennen : Famili\u00e4re","og_url":"https:\/\/leasetransfer.ch\/de\/le-transfert-de-leasing\/","og_site_name":"LeaseTransfer","article_modified_time":"2017-10-24T14:30:47+00:00","twitter_card":"summary_large_image","schema":{"@context":"https:\/\/schema.org","@graph":[{"@type":"WebPage","@id":"https:\/\/leasetransfer.ch\/de\/le-transfert-de-leasing\/","url":"https:\/\/leasetransfer.ch\/de\/le-transfert-de-leasing\/","name":"Der Leasingtransfer","isPartOf":{"@id":"https:\/\/leasetransfer.ch\/#website"},"datePublished":"2016-08-03T14:13:42+00:00","dateModified":"2017-10-24T14:30:47+00:00","description":"Warum seinen Leasingvertrag \u00fcbertragen? Verschiedene Gr\u00fcnde k\u00f6nnen der Anlass sein, sich von seinem Leasingvertrag f\u00fcr ein Auto zu trennen : Famili\u00e4re","breadcrumb":{"@id":"https:\/\/leasetransfer.ch\/de\/le-transfert-de-leasing\/#breadcrumb"},"inLanguage":"de-DE","potentialAction":[{"@type":"ReadAction","target":["https:\/\/leasetransfer.ch\/de\/le-transfert-de-leasing\/"]}]},{"@type":"BreadcrumbList","@id":"https:\/\/leasetransfer.ch\/de\/le-transfert-de-leasing\/#breadcrumb","itemListElement":[{"@type":"ListItem","position":1,"name":"Accueil","item":"https:\/\/leasetransfer.ch\/de\/"},{"@type":"ListItem","position":2,"name":"Der Leasingtransfer"}]},{"@type":"WebSite","@id":"https:\/\/leasetransfer.ch\/#website","url":"https:\/\/leasetransfer.ch\/","name":"LeaseTransfer","description":"Transfert et rachat de leasing auto en Suisse","potentialAction":[{"@type":"SearchAction","target":{"@type":"EntryPoint","urlTemplate":"https:\/\/leasetransfer.ch\/?s={search_term_string}"},"query-input":{"@type":"PropertyValueSpecification","valueRequired":true,"valueName":"search_term_string"}}],"inLanguage":"de-DE"}]}},"_links":{"self":[{"href":"https:\/\/leasetransfer.ch\/de\/wp-json\/wp\/v2\/pages\/1201"}],"collection":[{"href":"https:\/\/leasetransfer.ch\/de\/wp-json\/wp\/v2\/pages"}],"about":[{"href":"https:\/\/leasetransfer.ch\/de\/wp-json\/wp\/v2\/types\/page"}],"author":[{"embeddable":true,"href":"https:\/\/leasetransfer.ch\/de\/wp-json\/wp\/v2\/users\/1"}],"replies":[{"embeddable":true,"href":"https:\/\/leasetransfer.ch\/de\/wp-json\/wp\/v2\/comments?post=1201"}],"version-history":[{"count":0,"href":"https:\/\/leasetransfer.ch\/de\/wp-json\/wp\/v2\/pages\/1201\/revisions"}],"wp:attachment":[{"href":"https:\/\/leasetransfer.ch\/de\/wp-json\/wp\/v2\/media?parent=1201"}],"curies":[{"name":"wp","href":"https:\/\/api.w.org\/{rel}","templated":true}]}}