{"id":1204,"date":"2016-12-01T09:41:45","date_gmt":"2016-12-01T08:41:45","guid":{"rendered":"https:\/\/leasetransfer.ch\/?page_id=1204\/"},"modified":"2020-07-22T22:49:35","modified_gmt":"2020-07-22T20:49:35","slug":"die-vorteile-leasingtransfers","status":"publish","type":"page","link":"https:\/\/leasetransfer.ch\/de\/die-vorteile-leasingtransfers\/","title":{"rendered":"Die Vorteile des Leasingtransfers"},"content":{"rendered":"<h2>Die Vorteile f\u00fcr den Leasinggeber<\/h2>\n<p>Die Bedingungen, einen Leasingvertrag direkt bei einer Finanzgesellschaft zu k\u00fcndigen, sind besonders abschreckend, weil kostspielig. Sie sehen also, dass <strong>LeaseTransfer<\/strong> DIE g\u00fcnstigste L\u00f6sung ist, um einen Leasingvertrag zu k\u00fcndigen.<\/p>\n<p><strong>Wenn Sie einen Leasingvertrag \u00fcbertragen :<\/strong><\/p>\n<ul>\n<ul>\n<li>Sie l\u00f6sen Ihren Vertrag<\/li>\n<\/ul>\n<\/ul>\n<ul>\n<ul>\n<li>Sie sparen die verbleibenden Monatsraten<\/li>\n<\/ul>\n<\/ul>\n<ul>\n<ul>\n<li>Sie k\u00f6nnen Ihr Fahrzeug vor Ablauf Ihres Vertrags wechseln<\/li>\n<\/ul>\n<\/ul>\n<ul>\n<ul>\n<li>Sie k\u00f6nnen unter Umst\u00e4nden die strafrechtliche Verfolgung seitens Ihres Finanzinstitutes vermeiden.<\/li>\n<\/ul>\n<\/ul>\n<p>Warten Sie nicht, bis Sie die Kosten Ihres Leasingvertrages nicht mehr tragen k\u00f6nnen, <strong>mit Leasetransfer finden Sie zu geringen Kosten schnell einen Abnehmer!<\/strong><\/p>\n<h2>Vorteile f\u00fcr den Leasingnehmer<\/h2>\n<p><strong>Wenn Sie einen Leasingvertrag \u00fcbernehmen\u00a0:<\/strong><\/p>\n<ul>\n<ul>\n<li>Sie haben die Vorteile eines Vertrages von k\u00fcrzerer Dauer, statt einen neuen Vertrag abzuschliessen.<\/li>\n<\/ul>\n<\/ul>\n<ul>\n<ul>\n<li>Sie geniessen die Vorteile der seit Vertragsunterzeichnung bereits geleisteten Einzahlungen und der erlassung mehrerer monatlicher Raten.<\/li>\n<\/ul>\n<\/ul>\n<ul>\n<ul>\n<li>Sie profitieren von einem bereits ausgehandelten Vertrag.<\/li>\n<\/ul>\n<\/ul>\n<ul>\n<ul>\n<li>Sie k\u00f6nnen ein Fahrzeug erwerben und ein gutes Gesch\u00e4ft abschliessen indem Sie einen Vertrag mit baldigem Ablauf \u00fcbernehmen.<\/li>\n<\/ul>\n<\/ul>\n<p><strong>LeaseTransfer bietet eine einfache und effiziente L\u00f6sung, um einen Leasingvertrag zu \u00fcbernehmen, der Ihren Bed\u00fcrfnissen entspricht!<\/strong><\/p>\n","protected":false},"excerpt":{"rendered":"<p>Die Vorteile f\u00fcr den Leasinggeber Die Bedingungen, einen Leasingvertrag direkt bei einer Finanzgesellschaft zu k\u00fcndigen, sind besonders abschreckend, weil kostspielig. Sie sehen also, dass LeaseTransfer DIE g\u00fcnstigste L\u00f6sung ist, um einen Leasingvertrag zu k\u00fcndigen. Wenn Sie einen Leasingvertrag \u00fcbertragen : Sie l\u00f6sen Ihren Vertrag Sie sparen die verbleibenden Monatsraten Sie k\u00f6nnen Ihr Fahrzeug vor Ablauf&hellip;<\/p>\n","protected":false},"author":44,"featured_media":0,"parent":0,"menu_order":89,"comment_status":"closed","ping_status":"closed","template":"","meta":{"_acf_changed":false,"_monsterinsights_skip_tracking":false,"_monsterinsights_sitenote_active":false,"_monsterinsights_sitenote_note":"","_monsterinsights_sitenote_category":0,"footnotes":""},"class_list":["post-1204","page","type-page","status-publish","hentry"],"acf":[],"yoast_head":"<!-- This site is optimized with the Yoast SEO plugin v23.7 - https:\/\/yoast.com\/wordpress\/plugins\/seo\/ -->\n<title>Die Vorteile des Leasingtransfers<\/title>\n<meta name=\"description\" content=\"Die Vorteile f\u00fcr den Leasinggeber Die Bedingungen, einen Leasingvertrag direkt bei einer Finanzgesellschaft zu k\u00fcndigen, sind besonders abschreckend, weil\" \/>\n<meta name=\"robots\" content=\"index, follow, max-snippet:-1, max-image-preview:large, max-video-preview:-1\" \/>\n<link rel=\"canonical\" href=\"https:\/\/leasetransfer.ch\/de\/die-vorteile-leasingtransfers\/\" \/>\n<meta property=\"og:locale\" content=\"de_DE\" \/>\n<meta property=\"og:type\" content=\"article\" \/>\n<meta property=\"og:title\" content=\"Die Vorteile des Leasingtransfers\" \/>\n<meta property=\"og:description\" content=\"Die Vorteile f\u00fcr den Leasinggeber Die Bedingungen, einen Leasingvertrag direkt bei einer Finanzgesellschaft zu k\u00fcndigen, sind besonders abschreckend, weil\" \/>\n<meta property=\"og:url\" content=\"https:\/\/leasetransfer.ch\/de\/die-vorteile-leasingtransfers\/\" \/>\n<meta property=\"og:site_name\" content=\"LeaseTransfer\" \/>\n<meta property=\"article:modified_time\" content=\"2020-07-22T20:49:35+00:00\" \/>\n<meta name=\"twitter:card\" content=\"summary_large_image\" \/>\n<meta name=\"twitter:label1\" content=\"Gesch\u00e4tzte Lesezeit\" \/>\n\t<meta name=\"twitter:data1\" content=\"1 Minute\" \/>\n<script type=\"application\/ld+json\" class=\"yoast-schema-graph\">{\"@context\":\"https:\/\/schema.org\",\"@graph\":[{\"@type\":\"WebPage\",\"@id\":\"https:\/\/leasetransfer.ch\/de\/die-vorteile-leasingtransfers\/\",\"url\":\"https:\/\/leasetransfer.ch\/de\/die-vorteile-leasingtransfers\/\",\"name\":\"Die Vorteile des Leasingtransfers\",\"isPartOf\":{\"@id\":\"https:\/\/leasetransfer.ch\/#website\"},\"datePublished\":\"2016-12-01T08:41:45+00:00\",\"dateModified\":\"2020-07-22T20:49:35+00:00\",\"description\":\"Die Vorteile f\u00fcr den Leasinggeber Die Bedingungen, einen Leasingvertrag direkt bei einer Finanzgesellschaft zu k\u00fcndigen, sind besonders abschreckend, weil\",\"breadcrumb\":{\"@id\":\"https:\/\/leasetransfer.ch\/de\/die-vorteile-leasingtransfers\/#breadcrumb\"},\"inLanguage\":\"de-DE\",\"potentialAction\":[{\"@type\":\"ReadAction\",\"target\":[\"https:\/\/leasetransfer.ch\/de\/die-vorteile-leasingtransfers\/\"]}]},{\"@type\":\"BreadcrumbList\",\"@id\":\"https:\/\/leasetransfer.ch\/de\/die-vorteile-leasingtransfers\/#breadcrumb\",\"itemListElement\":[{\"@type\":\"ListItem\",\"position\":1,\"name\":\"Accueil\",\"item\":\"https:\/\/leasetransfer.ch\/de\/\"},{\"@type\":\"ListItem\",\"position\":2,\"name\":\"Die Vorteile des Leasingtransfers\"}]},{\"@type\":\"WebSite\",\"@id\":\"https:\/\/leasetransfer.ch\/#website\",\"url\":\"https:\/\/leasetransfer.ch\/\",\"name\":\"LeaseTransfer\",\"description\":\"Transfert et rachat de leasing auto en Suisse\",\"potentialAction\":[{\"@type\":\"SearchAction\",\"target\":{\"@type\":\"EntryPoint\",\"urlTemplate\":\"https:\/\/leasetransfer.ch\/?s={search_term_string}\"},\"query-input\":{\"@type\":\"PropertyValueSpecification\",\"valueRequired\":true,\"valueName\":\"search_term_string\"}}],\"inLanguage\":\"de-DE\"}]}<\/script>\n<!-- \/ Yoast SEO plugin. -->","yoast_head_json":{"title":"Die Vorteile des Leasingtransfers","description":"Die Vorteile f\u00fcr den Leasinggeber Die Bedingungen, einen Leasingvertrag direkt bei einer Finanzgesellschaft zu k\u00fcndigen, sind besonders abschreckend, weil","robots":{"index":"index","follow":"follow","max-snippet":"max-snippet:-1","max-image-preview":"max-image-preview:large","max-video-preview":"max-video-preview:-1"},"canonical":"https:\/\/leasetransfer.ch\/de\/die-vorteile-leasingtransfers\/","og_locale":"de_DE","og_type":"article","og_title":"Die Vorteile des Leasingtransfers","og_description":"Die Vorteile f\u00fcr den Leasinggeber Die Bedingungen, einen Leasingvertrag direkt bei einer Finanzgesellschaft zu k\u00fcndigen, sind besonders abschreckend, weil","og_url":"https:\/\/leasetransfer.ch\/de\/die-vorteile-leasingtransfers\/","og_site_name":"LeaseTransfer","article_modified_time":"2020-07-22T20:49:35+00:00","twitter_card":"summary_large_image","twitter_misc":{"Gesch\u00e4tzte Lesezeit":"1 Minute"},"schema":{"@context":"https:\/\/schema.org","@graph":[{"@type":"WebPage","@id":"https:\/\/leasetransfer.ch\/de\/die-vorteile-leasingtransfers\/","url":"https:\/\/leasetransfer.ch\/de\/die-vorteile-leasingtransfers\/","name":"Die Vorteile des Leasingtransfers","isPartOf":{"@id":"https:\/\/leasetransfer.ch\/#website"},"datePublished":"2016-12-01T08:41:45+00:00","dateModified":"2020-07-22T20:49:35+00:00","description":"Die Vorteile f\u00fcr den Leasinggeber Die Bedingungen, einen Leasingvertrag direkt bei einer Finanzgesellschaft zu k\u00fcndigen, sind besonders abschreckend, weil","breadcrumb":{"@id":"https:\/\/leasetransfer.ch\/de\/die-vorteile-leasingtransfers\/#breadcrumb"},"inLanguage":"de-DE","potentialAction":[{"@type":"ReadAction","target":["https:\/\/leasetransfer.ch\/de\/die-vorteile-leasingtransfers\/"]}]},{"@type":"BreadcrumbList","@id":"https:\/\/leasetransfer.ch\/de\/die-vorteile-leasingtransfers\/#breadcrumb","itemListElement":[{"@type":"ListItem","position":1,"name":"Accueil","item":"https:\/\/leasetransfer.ch\/de\/"},{"@type":"ListItem","position":2,"name":"Die Vorteile des Leasingtransfers"}]},{"@type":"WebSite","@id":"https:\/\/leasetransfer.ch\/#website","url":"https:\/\/leasetransfer.ch\/","name":"LeaseTransfer","description":"Transfert et rachat de leasing auto en Suisse","potentialAction":[{"@type":"SearchAction","target":{"@type":"EntryPoint","urlTemplate":"https:\/\/leasetransfer.ch\/?s={search_term_string}"},"query-input":{"@type":"PropertyValueSpecification","valueRequired":true,"valueName":"search_term_string"}}],"inLanguage":"de-DE"}]}},"_links":{"self":[{"href":"https:\/\/leasetransfer.ch\/de\/wp-json\/wp\/v2\/pages\/1204"}],"collection":[{"href":"https:\/\/leasetransfer.ch\/de\/wp-json\/wp\/v2\/pages"}],"about":[{"href":"https:\/\/leasetransfer.ch\/de\/wp-json\/wp\/v2\/types\/page"}],"author":[{"embeddable":true,"href":"https:\/\/leasetransfer.ch\/de\/wp-json\/wp\/v2\/users\/44"}],"replies":[{"embeddable":true,"href":"https:\/\/leasetransfer.ch\/de\/wp-json\/wp\/v2\/comments?post=1204"}],"version-history":[{"count":0,"href":"https:\/\/leasetransfer.ch\/de\/wp-json\/wp\/v2\/pages\/1204\/revisions"}],"wp:attachment":[{"href":"https:\/\/leasetransfer.ch\/de\/wp-json\/wp\/v2\/media?parent=1204"}],"curies":[{"name":"wp","href":"https:\/\/api.w.org\/{rel}","templated":true}]}}