{"id":1208,"date":"2016-12-01T09:47:42","date_gmt":"2016-12-01T08:47:42","guid":{"rendered":"https:\/\/leasetransfer.ch\/?page_id=1208\/"},"modified":"2023-06-15T15:41:55","modified_gmt":"2023-06-15T13:41:55","slug":"faq","status":"publish","type":"page","link":"https:\/\/leasetransfer.ch\/de\/faq\/","title":{"rendered":"HgF"},"content":{"rendered":"<div class=\"oSioSc\"><\/div>\n<p>H\u00e4ufig gestellte Fragen<\/p>\n<p>Wir beantworten alle Ihre Fragen, die Ihre Leasing\u00fcbertragung betreffen.<\/p>\n<p>Sie haben auf Ihre Frage keine Antwort gefunden? Nehmen Sie Kontakt auf \u00fcber <a href=\"https:\/\/leasetransfer.ch\/de\/nous-contacter\/\">unser Formular<\/a>, wir antworten Ihnen baldm\u00f6glichst.<\/p>\n","protected":false},"excerpt":{"rendered":"<p>H\u00e4ufig gestellte Fragen Wir beantworten alle Ihre Fragen, die Ihre Leasing\u00fcbertragung betreffen. Sie haben auf Ihre Frage keine Antwort gefunden? Nehmen Sie Kontakt auf \u00fcber unser Formular, wir antworten Ihnen baldm\u00f6glichst.<\/p>\n","protected":false},"author":44,"featured_media":0,"parent":0,"menu_order":130,"comment_status":"closed","ping_status":"closed","template":"lt-templates\/faq.php","meta":{"_acf_changed":false,"_monsterinsights_skip_tracking":false,"_monsterinsights_sitenote_active":false,"_monsterinsights_sitenote_note":"","_monsterinsights_sitenote_category":0,"footnotes":""},"class_list":["post-1208","page","type-page","status-publish","hentry"],"acf":[],"yoast_head":"<!-- This site is optimized with the Yoast SEO plugin v23.7 - https:\/\/yoast.com\/wordpress\/plugins\/seo\/ -->\n<title>HgF<\/title>\n<meta name=\"description\" content=\"H\u00e4ufig gestellte Fragen Wir beantworten alle Ihre Fragen, die Ihre Leasing\u00fcbertragung betreffen. Sie haben auf Ihre Frage keine Antwort gefunden? Nehmen\" \/>\n<meta name=\"robots\" content=\"index, follow, max-snippet:-1, max-image-preview:large, max-video-preview:-1\" \/>\n<link rel=\"canonical\" href=\"https:\/\/leasetransfer.ch\/de\/faq\/\" \/>\n<meta property=\"og:locale\" content=\"de_DE\" \/>\n<meta property=\"og:type\" content=\"article\" \/>\n<meta property=\"og:title\" content=\"HgF\" \/>\n<meta property=\"og:description\" content=\"H\u00e4ufig gestellte Fragen Wir beantworten alle Ihre Fragen, die Ihre Leasing\u00fcbertragung betreffen. Sie haben auf Ihre Frage keine Antwort gefunden? Nehmen\" \/>\n<meta property=\"og:url\" content=\"https:\/\/leasetransfer.ch\/de\/faq\/\" \/>\n<meta property=\"og:site_name\" content=\"LeaseTransfer\" \/>\n<meta property=\"article:modified_time\" content=\"2023-06-15T13:41:55+00:00\" \/>\n<meta name=\"twitter:card\" content=\"summary_large_image\" \/>\n<meta name=\"twitter:label1\" content=\"Gesch\u00e4tzte Lesezeit\" \/>\n\t<meta name=\"twitter:data1\" content=\"1 Minute\" \/>\n<script type=\"application\/ld+json\" class=\"yoast-schema-graph\">{\"@context\":\"https:\/\/schema.org\",\"@graph\":[{\"@type\":\"WebPage\",\"@id\":\"https:\/\/leasetransfer.ch\/de\/faq\/\",\"url\":\"https:\/\/leasetransfer.ch\/de\/faq\/\",\"name\":\"HgF\",\"isPartOf\":{\"@id\":\"https:\/\/leasetransfer.ch\/#website\"},\"datePublished\":\"2016-12-01T08:47:42+00:00\",\"dateModified\":\"2023-06-15T13:41:55+00:00\",\"description\":\"H\u00e4ufig gestellte Fragen Wir beantworten alle Ihre Fragen, die Ihre Leasing\u00fcbertragung betreffen. Sie haben auf Ihre Frage keine Antwort gefunden? Nehmen\",\"breadcrumb\":{\"@id\":\"https:\/\/leasetransfer.ch\/de\/faq\/#breadcrumb\"},\"inLanguage\":\"de-DE\",\"potentialAction\":[{\"@type\":\"ReadAction\",\"target\":[\"https:\/\/leasetransfer.ch\/de\/faq\/\"]}]},{\"@type\":\"BreadcrumbList\",\"@id\":\"https:\/\/leasetransfer.ch\/de\/faq\/#breadcrumb\",\"itemListElement\":[{\"@type\":\"ListItem\",\"position\":1,\"name\":\"Accueil\",\"item\":\"https:\/\/leasetransfer.ch\/de\/\"},{\"@type\":\"ListItem\",\"position\":2,\"name\":\"HgF\"}]},{\"@type\":\"WebSite\",\"@id\":\"https:\/\/leasetransfer.ch\/#website\",\"url\":\"https:\/\/leasetransfer.ch\/\",\"name\":\"LeaseTransfer\",\"description\":\"Transfert et rachat de leasing auto en Suisse\",\"potentialAction\":[{\"@type\":\"SearchAction\",\"target\":{\"@type\":\"EntryPoint\",\"urlTemplate\":\"https:\/\/leasetransfer.ch\/?s={search_term_string}\"},\"query-input\":{\"@type\":\"PropertyValueSpecification\",\"valueRequired\":true,\"valueName\":\"search_term_string\"}}],\"inLanguage\":\"de-DE\"}]}<\/script>\n<!-- \/ Yoast SEO plugin. -->","yoast_head_json":{"title":"HgF","description":"H\u00e4ufig gestellte Fragen Wir beantworten alle Ihre Fragen, die Ihre Leasing\u00fcbertragung betreffen. Sie haben auf Ihre Frage keine Antwort gefunden? Nehmen","robots":{"index":"index","follow":"follow","max-snippet":"max-snippet:-1","max-image-preview":"max-image-preview:large","max-video-preview":"max-video-preview:-1"},"canonical":"https:\/\/leasetransfer.ch\/de\/faq\/","og_locale":"de_DE","og_type":"article","og_title":"HgF","og_description":"H\u00e4ufig gestellte Fragen Wir beantworten alle Ihre Fragen, die Ihre Leasing\u00fcbertragung betreffen. Sie haben auf Ihre Frage keine Antwort gefunden? Nehmen","og_url":"https:\/\/leasetransfer.ch\/de\/faq\/","og_site_name":"LeaseTransfer","article_modified_time":"2023-06-15T13:41:55+00:00","twitter_card":"summary_large_image","twitter_misc":{"Gesch\u00e4tzte Lesezeit":"1 Minute"},"schema":{"@context":"https:\/\/schema.org","@graph":[{"@type":"WebPage","@id":"https:\/\/leasetransfer.ch\/de\/faq\/","url":"https:\/\/leasetransfer.ch\/de\/faq\/","name":"HgF","isPartOf":{"@id":"https:\/\/leasetransfer.ch\/#website"},"datePublished":"2016-12-01T08:47:42+00:00","dateModified":"2023-06-15T13:41:55+00:00","description":"H\u00e4ufig gestellte Fragen Wir beantworten alle Ihre Fragen, die Ihre Leasing\u00fcbertragung betreffen. Sie haben auf Ihre Frage keine Antwort gefunden? Nehmen","breadcrumb":{"@id":"https:\/\/leasetransfer.ch\/de\/faq\/#breadcrumb"},"inLanguage":"de-DE","potentialAction":[{"@type":"ReadAction","target":["https:\/\/leasetransfer.ch\/de\/faq\/"]}]},{"@type":"BreadcrumbList","@id":"https:\/\/leasetransfer.ch\/de\/faq\/#breadcrumb","itemListElement":[{"@type":"ListItem","position":1,"name":"Accueil","item":"https:\/\/leasetransfer.ch\/de\/"},{"@type":"ListItem","position":2,"name":"HgF"}]},{"@type":"WebSite","@id":"https:\/\/leasetransfer.ch\/#website","url":"https:\/\/leasetransfer.ch\/","name":"LeaseTransfer","description":"Transfert et rachat de leasing auto en Suisse","potentialAction":[{"@type":"SearchAction","target":{"@type":"EntryPoint","urlTemplate":"https:\/\/leasetransfer.ch\/?s={search_term_string}"},"query-input":{"@type":"PropertyValueSpecification","valueRequired":true,"valueName":"search_term_string"}}],"inLanguage":"de-DE"}]}},"_links":{"self":[{"href":"https:\/\/leasetransfer.ch\/de\/wp-json\/wp\/v2\/pages\/1208"}],"collection":[{"href":"https:\/\/leasetransfer.ch\/de\/wp-json\/wp\/v2\/pages"}],"about":[{"href":"https:\/\/leasetransfer.ch\/de\/wp-json\/wp\/v2\/types\/page"}],"author":[{"embeddable":true,"href":"https:\/\/leasetransfer.ch\/de\/wp-json\/wp\/v2\/users\/44"}],"replies":[{"embeddable":true,"href":"https:\/\/leasetransfer.ch\/de\/wp-json\/wp\/v2\/comments?post=1208"}],"version-history":[{"count":0,"href":"https:\/\/leasetransfer.ch\/de\/wp-json\/wp\/v2\/pages\/1208\/revisions"}],"wp:attachment":[{"href":"https:\/\/leasetransfer.ch\/de\/wp-json\/wp\/v2\/media?parent=1208"}],"curies":[{"name":"wp","href":"https:\/\/api.w.org\/{rel}","templated":true}]}}