{"id":1212,"date":"2016-12-01T10:11:58","date_gmt":"2016-12-01T09:11:58","guid":{"rendered":"https:\/\/leasetransfer.ch\/?page_id=1212\/"},"modified":"2023-10-02T15:19:51","modified_gmt":"2023-10-02T13:19:51","slug":"anzeigen-fuer-profis-der-automobilbranche","status":"publish","type":"page","link":"https:\/\/leasetransfer.ch\/de\/anzeigen-fuer-profis-der-automobilbranche\/","title":{"rendered":"Anzeigen f\u00fcr Profis der Automobilbranche"},"content":{"rendered":"<p>Pro LeaseTransfer erm\u00f6glicht Profis des automobilen Gewerbes :<\/p>\n<ul>\n<li><strong>Garagen, Autoh\u00e4usern<\/strong><\/li>\n<li><strong>Unternehmen f\u00fcr Autoabonnements<\/strong><\/li>\n<li><strong>Mittleren- und Langzeitmietern<\/strong><\/li>\n<\/ul>\n<p>Fahrzeuge anzubieten<strong style=\"font-size: revert; color: initial;\"> (Tourismuswagen, Nutzfahrzeuge),<\/strong><span style=\"font-size: revert; color: initial;\"> an unsere Nutzer<\/span><strong style=\"font-size: revert; color: initial;\">.<\/strong><strong style=\"font-size: revert; color: initial;\"><span style=\"font-size: revert; color: initial;\"> Auf diese Weise profitieren Sie von einem innovativen und einzigartigen Verteilerkanal, der Ihnen starke Kundenbindung und einen h\u00f6heren Umschlag Ihrer Neu- und Gebrauchtwagen erlaubt.<\/span><\/strong><\/p>\n<h3>Angebot SPEZIELL AUF SIE ZUGESCHNITTEN &#8211; OHNE ABONNEMENT, verf\u00fcgbar ab drei Pl\u00e4tzen\u00a0:<\/h3>\n<ul>\n<li style=\"list-style-type: none;\">\n<ul>\n<li>6 Monate g\u00fcltig f\u00fcr das Pack <strong>PRO BOOSTER<\/strong> und das Pack <strong>PRO PREMIUM<\/strong>. Sie w\u00e4hlen die exakte Anzahl von Pl\u00e4tzen, die Sie w\u00fcnschen. Sie k\u00f6nnen, solange das Pack g\u00fcltig ist, unbegrenzt Anzeigen l\u00f6schen oder neue Anzeigen setzen. Die G\u00fcltigkeitsdauer des gew\u00e4hlten Packs beginnt mit der ersten Anzeige, die Sie online stellen.<\/li>\n<\/ul>\n<\/li>\n<\/ul>\n<ul>\n<li style=\"list-style-type: none;\">\n<ul>\n<li><strong>Beispiel\u00a0<\/strong>: Sie w\u00e4hlen das Pack <strong>PRO PREMIUM<\/strong> f\u00fcr 10 Pl\u00e4tze. Sie setzen Ihre erste Anzeige am 1. Januar, Ihr Pack ist also bis zum 30. Juni g\u00fcltig. W\u00e4hrend dieser 6 Monate k\u00f6nnen Sie Ihre 9 verbleibenden Anzeigen inserieren, Sie k\u00f6nnen ebenso Anzeigen l\u00f6schen und neue Anzeigen setzen und bis zu 10 Fahrzeuge gleichzeitig online stellen.<\/li>\n<\/ul>\n<\/li>\n<\/ul>\n<p><strong>Unser Angebot SPEZIELL AUF SIE ZUGESCHNITTEN &#8211; OHNE ABONNEMENT erlaubt Ihnen, Ihre Werbeaktivit\u00e4ten.<\/strong> Sie erlaubt Ihnen auch einen kurzfristigen \u00dcberblick \u00fcber die Rentabilit\u00e4t Ihrer Werbekosten. <a href=\"..\/creation-annonce-pro\/\">Um unsere Einf\u00fchrungstarife zu sehen, gehen Sie auf die Preistabelle<\/a>.<\/p>\n<p><strong>Jedes Angebot enth\u00e4lt eine Seite ausschliesslich f\u00fcr Ihre virtuelle Garage mit all Ihren Anzeigen auf online und einem Link zu Ihrem Website.<\/strong><\/p>\n<p>Um Ihre online gestellten Anzeigen hervorzuheben steht eine Liste mit Optionen bereit, die jeder Anzeige angepasst werden kann.<\/p>\n<p><strong>Mit LeaseTransfer erh\u00f6hen Sie Ihre Sichtbarkeit und senken Ihre Ver\u00f6ffentlichungskosten, indem Sie genau die Anzahl an Pl\u00e4tzen ausw\u00e4hlen, die Sie ben\u00f6tigen !<\/strong><\/p>\n","protected":false},"excerpt":{"rendered":"<p>Pro LeaseTransfer erm\u00f6glicht Profis des automobilen Gewerbes : Garagen, Autoh\u00e4usern Unternehmen f\u00fcr Autoabonnements Mittleren- und Langzeitmietern Fahrzeuge anzubieten (Tourismuswagen, Nutzfahrzeuge), an unsere Nutzer. Auf diese Weise profitieren Sie von einem innovativen und einzigartigen Verteilerkanal, der Ihnen starke Kundenbindung und einen h\u00f6heren Umschlag Ihrer Neu- und Gebrauchtwagen erlaubt. Angebot SPEZIELL AUF SIE ZUGESCHNITTEN &#8211; OHNE ABONNEMENT,&hellip;<\/p>\n","protected":false},"author":44,"featured_media":0,"parent":0,"menu_order":107,"comment_status":"closed","ping_status":"closed","template":"","meta":{"_acf_changed":false,"_monsterinsights_skip_tracking":false,"_monsterinsights_sitenote_active":false,"_monsterinsights_sitenote_note":"","_monsterinsights_sitenote_category":0,"footnotes":""},"class_list":["post-1212","page","type-page","status-publish","hentry"],"acf":[],"yoast_head":"<!-- This site is optimized with the Yoast SEO plugin v23.7 - https:\/\/yoast.com\/wordpress\/plugins\/seo\/ -->\n<title>Anzeigen f\u00fcr Profis der Automobilbranche<\/title>\n<meta name=\"description\" content=\"Pro LeaseTransfer erm\u00f6glicht Profis des automobilen Gewerbes : Garagen, Autoh\u00e4usern Unternehmen f\u00fcr Autoabonnements Mittleren- und Langzeitmietern\" \/>\n<meta name=\"robots\" content=\"index, follow, max-snippet:-1, max-image-preview:large, max-video-preview:-1\" \/>\n<link rel=\"canonical\" href=\"https:\/\/leasetransfer.ch\/de\/anzeigen-fuer-profis-der-automobilbranche\/\" \/>\n<meta property=\"og:locale\" content=\"de_DE\" \/>\n<meta property=\"og:type\" content=\"article\" \/>\n<meta property=\"og:title\" content=\"Anzeigen f\u00fcr Profis der Automobilbranche\" \/>\n<meta property=\"og:description\" content=\"Pro LeaseTransfer erm\u00f6glicht Profis des automobilen Gewerbes : Garagen, Autoh\u00e4usern Unternehmen f\u00fcr Autoabonnements Mittleren- und Langzeitmietern\" \/>\n<meta property=\"og:url\" content=\"https:\/\/leasetransfer.ch\/de\/anzeigen-fuer-profis-der-automobilbranche\/\" \/>\n<meta property=\"og:site_name\" content=\"LeaseTransfer\" \/>\n<meta property=\"article:modified_time\" content=\"2023-10-02T13:19:51+00:00\" \/>\n<meta name=\"twitter:card\" content=\"summary_large_image\" \/>\n<meta name=\"twitter:label1\" content=\"Gesch\u00e4tzte Lesezeit\" \/>\n\t<meta name=\"twitter:data1\" content=\"2 Minuten\" \/>\n<script type=\"application\/ld+json\" class=\"yoast-schema-graph\">{\"@context\":\"https:\/\/schema.org\",\"@graph\":[{\"@type\":\"WebPage\",\"@id\":\"https:\/\/leasetransfer.ch\/de\/anzeigen-fuer-profis-der-automobilbranche\/\",\"url\":\"https:\/\/leasetransfer.ch\/de\/anzeigen-fuer-profis-der-automobilbranche\/\",\"name\":\"Anzeigen f\u00fcr Profis der Automobilbranche\",\"isPartOf\":{\"@id\":\"https:\/\/leasetransfer.ch\/#website\"},\"datePublished\":\"2016-12-01T09:11:58+00:00\",\"dateModified\":\"2023-10-02T13:19:51+00:00\",\"description\":\"Pro LeaseTransfer erm\u00f6glicht Profis des automobilen Gewerbes : Garagen, Autoh\u00e4usern Unternehmen f\u00fcr Autoabonnements Mittleren- und Langzeitmietern\",\"breadcrumb\":{\"@id\":\"https:\/\/leasetransfer.ch\/de\/anzeigen-fuer-profis-der-automobilbranche\/#breadcrumb\"},\"inLanguage\":\"de-DE\",\"potentialAction\":[{\"@type\":\"ReadAction\",\"target\":[\"https:\/\/leasetransfer.ch\/de\/anzeigen-fuer-profis-der-automobilbranche\/\"]}]},{\"@type\":\"BreadcrumbList\",\"@id\":\"https:\/\/leasetransfer.ch\/de\/anzeigen-fuer-profis-der-automobilbranche\/#breadcrumb\",\"itemListElement\":[{\"@type\":\"ListItem\",\"position\":1,\"name\":\"Accueil\",\"item\":\"https:\/\/leasetransfer.ch\/de\/\"},{\"@type\":\"ListItem\",\"position\":2,\"name\":\"Anzeigen f\u00fcr Profis der Automobilbranche\"}]},{\"@type\":\"WebSite\",\"@id\":\"https:\/\/leasetransfer.ch\/#website\",\"url\":\"https:\/\/leasetransfer.ch\/\",\"name\":\"LeaseTransfer\",\"description\":\"Transfert et rachat de leasing auto en Suisse\",\"potentialAction\":[{\"@type\":\"SearchAction\",\"target\":{\"@type\":\"EntryPoint\",\"urlTemplate\":\"https:\/\/leasetransfer.ch\/?s={search_term_string}\"},\"query-input\":{\"@type\":\"PropertyValueSpecification\",\"valueRequired\":true,\"valueName\":\"search_term_string\"}}],\"inLanguage\":\"de-DE\"}]}<\/script>\n<!-- \/ Yoast SEO plugin. -->","yoast_head_json":{"title":"Anzeigen f\u00fcr Profis der Automobilbranche","description":"Pro LeaseTransfer erm\u00f6glicht Profis des automobilen Gewerbes : Garagen, Autoh\u00e4usern Unternehmen f\u00fcr Autoabonnements Mittleren- und Langzeitmietern","robots":{"index":"index","follow":"follow","max-snippet":"max-snippet:-1","max-image-preview":"max-image-preview:large","max-video-preview":"max-video-preview:-1"},"canonical":"https:\/\/leasetransfer.ch\/de\/anzeigen-fuer-profis-der-automobilbranche\/","og_locale":"de_DE","og_type":"article","og_title":"Anzeigen f\u00fcr Profis der Automobilbranche","og_description":"Pro LeaseTransfer erm\u00f6glicht Profis des automobilen Gewerbes : Garagen, Autoh\u00e4usern Unternehmen f\u00fcr Autoabonnements Mittleren- und Langzeitmietern","og_url":"https:\/\/leasetransfer.ch\/de\/anzeigen-fuer-profis-der-automobilbranche\/","og_site_name":"LeaseTransfer","article_modified_time":"2023-10-02T13:19:51+00:00","twitter_card":"summary_large_image","twitter_misc":{"Gesch\u00e4tzte Lesezeit":"2 Minuten"},"schema":{"@context":"https:\/\/schema.org","@graph":[{"@type":"WebPage","@id":"https:\/\/leasetransfer.ch\/de\/anzeigen-fuer-profis-der-automobilbranche\/","url":"https:\/\/leasetransfer.ch\/de\/anzeigen-fuer-profis-der-automobilbranche\/","name":"Anzeigen f\u00fcr Profis der Automobilbranche","isPartOf":{"@id":"https:\/\/leasetransfer.ch\/#website"},"datePublished":"2016-12-01T09:11:58+00:00","dateModified":"2023-10-02T13:19:51+00:00","description":"Pro LeaseTransfer erm\u00f6glicht Profis des automobilen Gewerbes : Garagen, Autoh\u00e4usern Unternehmen f\u00fcr Autoabonnements Mittleren- und Langzeitmietern","breadcrumb":{"@id":"https:\/\/leasetransfer.ch\/de\/anzeigen-fuer-profis-der-automobilbranche\/#breadcrumb"},"inLanguage":"de-DE","potentialAction":[{"@type":"ReadAction","target":["https:\/\/leasetransfer.ch\/de\/anzeigen-fuer-profis-der-automobilbranche\/"]}]},{"@type":"BreadcrumbList","@id":"https:\/\/leasetransfer.ch\/de\/anzeigen-fuer-profis-der-automobilbranche\/#breadcrumb","itemListElement":[{"@type":"ListItem","position":1,"name":"Accueil","item":"https:\/\/leasetransfer.ch\/de\/"},{"@type":"ListItem","position":2,"name":"Anzeigen f\u00fcr Profis der Automobilbranche"}]},{"@type":"WebSite","@id":"https:\/\/leasetransfer.ch\/#website","url":"https:\/\/leasetransfer.ch\/","name":"LeaseTransfer","description":"Transfert et rachat de leasing auto en Suisse","potentialAction":[{"@type":"SearchAction","target":{"@type":"EntryPoint","urlTemplate":"https:\/\/leasetransfer.ch\/?s={search_term_string}"},"query-input":{"@type":"PropertyValueSpecification","valueRequired":true,"valueName":"search_term_string"}}],"inLanguage":"de-DE"}]}},"_links":{"self":[{"href":"https:\/\/leasetransfer.ch\/de\/wp-json\/wp\/v2\/pages\/1212"}],"collection":[{"href":"https:\/\/leasetransfer.ch\/de\/wp-json\/wp\/v2\/pages"}],"about":[{"href":"https:\/\/leasetransfer.ch\/de\/wp-json\/wp\/v2\/types\/page"}],"author":[{"embeddable":true,"href":"https:\/\/leasetransfer.ch\/de\/wp-json\/wp\/v2\/users\/44"}],"replies":[{"embeddable":true,"href":"https:\/\/leasetransfer.ch\/de\/wp-json\/wp\/v2\/comments?post=1212"}],"version-history":[{"count":0,"href":"https:\/\/leasetransfer.ch\/de\/wp-json\/wp\/v2\/pages\/1212\/revisions"}],"wp:attachment":[{"href":"https:\/\/leasetransfer.ch\/de\/wp-json\/wp\/v2\/media?parent=1212"}],"curies":[{"name":"wp","href":"https:\/\/api.w.org\/{rel}","templated":true}]}}