{"id":1259,"date":"2016-08-24T13:29:54","date_gmt":"2016-08-24T11:29:54","guid":{"rendered":"https:\/\/leasetransfer.ch\/creation-annonce-pro\/"},"modified":"2023-10-13T11:44:49","modified_gmt":"2023-10-13T09:44:49","slug":"creation-annonce-pro","status":"publish","type":"page","link":"https:\/\/leasetransfer.ch\/de\/creation-annonce-pro\/","title":{"rendered":"Cr\u00e9ation annonce pro"},"content":{"rendered":"<h2>Das Modell \u00ab auf Sie zugeschnitten \u00bb ist ab 3 Pl\u00e4tzen ohne Abonnement erh\u00e4ltlich.<\/h2>\n<p class=\"iconInfo_sentence\">W\u00e4hrend der G\u00fcltigkeitsdauer Ihres gew\u00e4hlten Modells, k\u00f6nnen Sie jederzeit und unbegrenzt, Anzeigen l\u00f6schen und neue hinzuf\u00fcgen. Das Modell ist ab der ersten ver\u00f6ffentlichten Anzeige g\u00fcltig. Ab diesem Zeitpunkt beginnt die Diffusion, wodurch Ihre Anzeigen f\u00fcr 6 Monate sichtbar sind.<\/p>\n<p>Die Website <a href=\"https:\/\/leasetransfer.ch\/de\/?\">leasetransfer.ch<\/a> ist eine Plattform, die es Ihnen erm\u00f6glicht,<strong> Ihre Anzeigen f\u00fcr Leasingfahrzeuge zu pr\u00e4sentieren. Laufender oder neuer Leasingvertrag :<\/strong><\/p>\n<ul>\n<li><strong>Mietleasing<\/strong> (Autoabonnements, Autovermietung&#8230;)<\/li>\n<li><strong>Leasing mit Restwert<\/strong> (Autoh\u00e4user, Garage&#8230;)<\/li>\n<li><strong>Leasing-Verkauf<\/strong> (Finanzierungsgesellschaften, Banken&#8230;)<\/li>\n<\/ul>\n<p>Jedes Paket beinhaltet <strong>eine telefonische Unterst\u00fctzung unter 079 708 37 22<\/strong> f\u00fcr die Ver\u00f6ffentlichung Ihrer Anzeigen.<\/p>\n","protected":false},"excerpt":{"rendered":"<p>Das Modell \u00ab auf Sie zugeschnitten \u00bb ist ab 3 Pl\u00e4tzen ohne Abonnement erh\u00e4ltlich. W\u00e4hrend der G\u00fcltigkeitsdauer Ihres gew\u00e4hlten Modells, k\u00f6nnen Sie jederzeit und unbegrenzt, Anzeigen l\u00f6schen und neue hinzuf\u00fcgen. Das Modell ist ab der ersten ver\u00f6ffentlichten Anzeige g\u00fcltig. Ab diesem Zeitpunkt beginnt die Diffusion, wodurch Ihre Anzeigen f\u00fcr 6 Monate sichtbar sind. Die Website&hellip;<\/p>\n","protected":false},"author":1,"featured_media":0,"parent":0,"menu_order":56,"comment_status":"closed","ping_status":"closed","template":"lt-templates\/create-annonce-pro.php","meta":{"_acf_changed":false,"_monsterinsights_skip_tracking":false,"_monsterinsights_sitenote_active":false,"_monsterinsights_sitenote_note":"","_monsterinsights_sitenote_category":0,"footnotes":""},"class_list":["post-1259","page","type-page","status-publish","hentry"],"acf":[],"yoast_head":"<!-- This site is optimized with the Yoast SEO plugin v23.7 - https:\/\/yoast.com\/wordpress\/plugins\/seo\/ -->\n<title>Cr\u00e9ation annonce pro<\/title>\n<meta name=\"description\" content=\"Das Modell \u00ab auf Sie zugeschnitten \u00bb ist ab 3 Pl\u00e4tzen ohne Abonnement erh\u00e4ltlich. W\u00e4hrend der G\u00fcltigkeitsdauer Ihres gew\u00e4hlten Modells, k\u00f6nnen Sie\" \/>\n<meta name=\"robots\" content=\"index, follow, max-snippet:-1, max-image-preview:large, max-video-preview:-1\" \/>\n<link rel=\"canonical\" href=\"https:\/\/leasetransfer.ch\/de\/creation-annonce-pro\/\" \/>\n<meta property=\"og:locale\" content=\"de_DE\" \/>\n<meta property=\"og:type\" content=\"article\" \/>\n<meta property=\"og:title\" content=\"Cr\u00e9ation annonce pro\" \/>\n<meta property=\"og:description\" content=\"Das Modell \u00ab auf Sie zugeschnitten \u00bb ist ab 3 Pl\u00e4tzen ohne Abonnement erh\u00e4ltlich. W\u00e4hrend der G\u00fcltigkeitsdauer Ihres gew\u00e4hlten Modells, k\u00f6nnen Sie\" \/>\n<meta property=\"og:url\" content=\"https:\/\/leasetransfer.ch\/de\/creation-annonce-pro\/\" \/>\n<meta property=\"og:site_name\" content=\"LeaseTransfer\" \/>\n<meta property=\"article:modified_time\" content=\"2023-10-13T09:44:49+00:00\" \/>\n<meta name=\"twitter:card\" content=\"summary_large_image\" \/>\n<meta name=\"twitter:label1\" content=\"Gesch\u00e4tzte Lesezeit\" \/>\n\t<meta name=\"twitter:data1\" content=\"1 Minute\" \/>\n<script type=\"application\/ld+json\" class=\"yoast-schema-graph\">{\"@context\":\"https:\/\/schema.org\",\"@graph\":[{\"@type\":\"WebPage\",\"@id\":\"https:\/\/leasetransfer.ch\/de\/creation-annonce-pro\/\",\"url\":\"https:\/\/leasetransfer.ch\/de\/creation-annonce-pro\/\",\"name\":\"Cr\u00e9ation annonce pro\",\"isPartOf\":{\"@id\":\"https:\/\/leasetransfer.ch\/#website\"},\"datePublished\":\"2016-08-24T11:29:54+00:00\",\"dateModified\":\"2023-10-13T09:44:49+00:00\",\"description\":\"Das Modell \u00ab auf Sie zugeschnitten \u00bb ist ab 3 Pl\u00e4tzen ohne Abonnement erh\u00e4ltlich. W\u00e4hrend der G\u00fcltigkeitsdauer Ihres gew\u00e4hlten Modells, k\u00f6nnen Sie\",\"breadcrumb\":{\"@id\":\"https:\/\/leasetransfer.ch\/de\/creation-annonce-pro\/#breadcrumb\"},\"inLanguage\":\"de-DE\",\"potentialAction\":[{\"@type\":\"ReadAction\",\"target\":[\"https:\/\/leasetransfer.ch\/de\/creation-annonce-pro\/\"]}]},{\"@type\":\"BreadcrumbList\",\"@id\":\"https:\/\/leasetransfer.ch\/de\/creation-annonce-pro\/#breadcrumb\",\"itemListElement\":[{\"@type\":\"ListItem\",\"position\":1,\"name\":\"Accueil\",\"item\":\"https:\/\/leasetransfer.ch\/de\/\"},{\"@type\":\"ListItem\",\"position\":2,\"name\":\"Cr\u00e9ation annonce pro\"}]},{\"@type\":\"WebSite\",\"@id\":\"https:\/\/leasetransfer.ch\/#website\",\"url\":\"https:\/\/leasetransfer.ch\/\",\"name\":\"LeaseTransfer\",\"description\":\"Transfert et rachat de leasing auto en Suisse\",\"potentialAction\":[{\"@type\":\"SearchAction\",\"target\":{\"@type\":\"EntryPoint\",\"urlTemplate\":\"https:\/\/leasetransfer.ch\/?s={search_term_string}\"},\"query-input\":{\"@type\":\"PropertyValueSpecification\",\"valueRequired\":true,\"valueName\":\"search_term_string\"}}],\"inLanguage\":\"de-DE\"}]}<\/script>\n<!-- \/ Yoast SEO plugin. -->","yoast_head_json":{"title":"Cr\u00e9ation annonce pro","description":"Das Modell \u00ab auf Sie zugeschnitten \u00bb ist ab 3 Pl\u00e4tzen ohne Abonnement erh\u00e4ltlich. W\u00e4hrend der G\u00fcltigkeitsdauer Ihres gew\u00e4hlten Modells, k\u00f6nnen Sie","robots":{"index":"index","follow":"follow","max-snippet":"max-snippet:-1","max-image-preview":"max-image-preview:large","max-video-preview":"max-video-preview:-1"},"canonical":"https:\/\/leasetransfer.ch\/de\/creation-annonce-pro\/","og_locale":"de_DE","og_type":"article","og_title":"Cr\u00e9ation annonce pro","og_description":"Das Modell \u00ab auf Sie zugeschnitten \u00bb ist ab 3 Pl\u00e4tzen ohne Abonnement erh\u00e4ltlich. W\u00e4hrend der G\u00fcltigkeitsdauer Ihres gew\u00e4hlten Modells, k\u00f6nnen Sie","og_url":"https:\/\/leasetransfer.ch\/de\/creation-annonce-pro\/","og_site_name":"LeaseTransfer","article_modified_time":"2023-10-13T09:44:49+00:00","twitter_card":"summary_large_image","twitter_misc":{"Gesch\u00e4tzte Lesezeit":"1 Minute"},"schema":{"@context":"https:\/\/schema.org","@graph":[{"@type":"WebPage","@id":"https:\/\/leasetransfer.ch\/de\/creation-annonce-pro\/","url":"https:\/\/leasetransfer.ch\/de\/creation-annonce-pro\/","name":"Cr\u00e9ation annonce pro","isPartOf":{"@id":"https:\/\/leasetransfer.ch\/#website"},"datePublished":"2016-08-24T11:29:54+00:00","dateModified":"2023-10-13T09:44:49+00:00","description":"Das Modell \u00ab auf Sie zugeschnitten \u00bb ist ab 3 Pl\u00e4tzen ohne Abonnement erh\u00e4ltlich. W\u00e4hrend der G\u00fcltigkeitsdauer Ihres gew\u00e4hlten Modells, k\u00f6nnen Sie","breadcrumb":{"@id":"https:\/\/leasetransfer.ch\/de\/creation-annonce-pro\/#breadcrumb"},"inLanguage":"de-DE","potentialAction":[{"@type":"ReadAction","target":["https:\/\/leasetransfer.ch\/de\/creation-annonce-pro\/"]}]},{"@type":"BreadcrumbList","@id":"https:\/\/leasetransfer.ch\/de\/creation-annonce-pro\/#breadcrumb","itemListElement":[{"@type":"ListItem","position":1,"name":"Accueil","item":"https:\/\/leasetransfer.ch\/de\/"},{"@type":"ListItem","position":2,"name":"Cr\u00e9ation annonce pro"}]},{"@type":"WebSite","@id":"https:\/\/leasetransfer.ch\/#website","url":"https:\/\/leasetransfer.ch\/","name":"LeaseTransfer","description":"Transfert et rachat de leasing auto en Suisse","potentialAction":[{"@type":"SearchAction","target":{"@type":"EntryPoint","urlTemplate":"https:\/\/leasetransfer.ch\/?s={search_term_string}"},"query-input":{"@type":"PropertyValueSpecification","valueRequired":true,"valueName":"search_term_string"}}],"inLanguage":"de-DE"}]}},"_links":{"self":[{"href":"https:\/\/leasetransfer.ch\/de\/wp-json\/wp\/v2\/pages\/1259"}],"collection":[{"href":"https:\/\/leasetransfer.ch\/de\/wp-json\/wp\/v2\/pages"}],"about":[{"href":"https:\/\/leasetransfer.ch\/de\/wp-json\/wp\/v2\/types\/page"}],"author":[{"embeddable":true,"href":"https:\/\/leasetransfer.ch\/de\/wp-json\/wp\/v2\/users\/1"}],"replies":[{"embeddable":true,"href":"https:\/\/leasetransfer.ch\/de\/wp-json\/wp\/v2\/comments?post=1259"}],"version-history":[{"count":0,"href":"https:\/\/leasetransfer.ch\/de\/wp-json\/wp\/v2\/pages\/1259\/revisions"}],"wp:attachment":[{"href":"https:\/\/leasetransfer.ch\/de\/wp-json\/wp\/v2\/media?parent=1259"}],"curies":[{"name":"wp","href":"https:\/\/api.w.org\/{rel}","templated":true}]}}