{"id":1296,"date":"2016-10-19T18:31:17","date_gmt":"2016-10-19T16:31:17","guid":{"rendered":"https:\/\/leasetransfer.ch\/cgu-2\/"},"modified":"2026-01-23T14:52:50","modified_gmt":"2026-01-23T13:52:50","slug":"cgu","status":"publish","type":"page","link":"https:\/\/leasetransfer.ch\/de\/cgu\/","title":{"rendered":"AGB\u2019s"},"content":{"rendered":"<p><strong>ALLGEMEINE GESCH\u00c4FTSBEDINGUNGEN DER WEBSEITE LEASETRANSFER.CH <\/strong><\/p>\n<ol start=\"1\">\n<li><strong>Allgemeines<\/strong><\/li>\n<\/ol>\n<p>Die Website Leasetransfer (www.leasetranfer.ch) ist eine Anzeigenplatform, die sich an Privatpersonen und Firmen richtet, die ein Fahrzeugleasing \u00fcbergeben m\u00f6chten und erm\u00f6glicht, Anzeigen auf der Seite zu schalten.<\/p>\n<p>Verantwortlich f\u00fcr die Webseite (www.leasetranfer.ch) zeichnet:<br \/>\nHerr Perales Gr\u00e9gory<br \/>\n<em>Rue du Stand, 3 bis<\/em><br \/>\n<em>1204 Genf<\/em><\/p>\n<p><em>Telefon : +41 (0) 22 321 47 10<\/em><br \/>\n<em>Email : info@leasetransfer.ch<\/em><\/p>\n<p>Die nachfolgenden Allgemeinen Gesch\u00e4ftsbedingungen (nachstehend \u201cAGB\u201d) regulieren die Nutzung der Website und die Verbreitung der Anzeigen auf der Seite.<\/p>\n<p>Es gelten die am Tag der Anzeigenschaltung von LeaseTransfer als g\u00fcltig genannten Allgemeinen Gesch\u00e4ftsbedingungen. Bei Abschluss Ihrer Anzeigenschaltung werden Sie gebeten, die AGBs zu akzeptieren. Die Anerkennung der AGBs ist unerl\u00e4ssliche Bedingung f\u00fcr die Schaltung Ihrer Anzeige.<\/p>\n<ol start=\"2\">\n<li><strong>Inserenten<\/strong><\/li>\n<\/ol>\n<p>LeaseTransfer richtet sich an physische Personen wie auch an Firmen und Gesellschaften, mit Wohnsitz oder Sitz in der Schweiz.<\/p>\n<p>Um eine Anzeige zu verbreiten werden Sie gebeten, ein Nutzerkonto auf der Webseite einzurichten. Die Einrichtung eines Nutzerkontos ist gratis und obligatorisch.<\/p>\n<ol start=\"3\">\n<li><strong>Anzeigen<\/strong><\/li>\n<\/ol>\n<p><strong>3.1 Gratisanzeigen<\/strong><\/p>\n<p>LeaseTransfer erm\u00f6glicht nicht gewerbetreibenden Privatpersonen eine Anzeige gratis auf der Webseite zu verbreiten. Diese M\u00f6glichkeit ist auf eine Gratisanzeige pro Nutzerkonto begrenzt. F\u00fcr ein und denselben Nutzer ist es nicht m\u00f6glich mehrere Gratisanzeigen gleichzeitig online zu stellen.<\/p>\n<p>Die Gratisanzeigen sind f\u00fcr eine Dauer von 30 Tagen online geschaltet.<\/p>\n<p><strong>3.2 Kostenpflichtige Anzeigen f\u00fcr Privatpersonen<\/strong><\/p>\n<p>LeaseTransfer bietet mehrere kostenpflichtige Angebote f\u00fcr Privatpersonen. Die Angebote variieren nach Sichtbarkeit und Dauer der verbreiteten Anzeige. Preisinformationen und zur Verf\u00fcgung stehende Angebotsvarianten Ihrer Anzeige, entnehmen Sie bitte unserer Preisliste (link).<\/p>\n<p><strong>3.3 Kostenpflichtige Anzeigen f\u00fcr Gewerbetreibende<\/strong><\/p>\n<p>LeaseTransfer erm\u00f6glicht Gewerbetreibenden die Verbreitung von mehreren Anzeigen gleichzeitig. Jedes Angebot beinhaltet mehrere Werbepl\u00e4tze, von denen jeder eine Anzeige aufnehmen kann. W\u00e4hrend der G\u00fcltigkeitsdauer des betreffenden Platzes ist es m\u00f6glich, auf ein und demselben Werbeplatz eine Anzeige zu l\u00f6schen und eine neue Anzeige zu setzen. Unsere Leistung f\u00fcr Gewerbekunden \u00bbSpeziell auf Sie zugeschnitten und ohne Abonnement \u00bb ist ab drei Pl\u00e4tzen m\u00f6glich. Unser Angebot f\u00fcr Gewerbekunden \u00bbSpeziell auf Sie zugeschnitten und mit Jahresabonnement \u00bb ist ab zehn Pl\u00e4tzen m\u00f6glich. Preisangaben und m\u00f6gliche Optionen zu den Angeboten f\u00fcr Gewerbekunden entnehmen Sie bitte der Preisliste (Link).<\/p>\n<p><strong>3.4 Angebotsvarianten<\/strong><br \/>\nF\u00fcr jede Anzeige steht eine Optionsliste zur Verf\u00fcgung und kann dieser angepasst werden. Eine kostenpflichtige Option kann nur f\u00fcr eine einzige Anzeige gew\u00e4hlt werden. Es ist nicht m\u00f6glich den Gewinn einer kostenpflichtigen Option einer Anzeige auf eine andere zu \u00fcbertragen. F\u00fcr Privatpersonen kann jede kostenpflichtige Option zum Zeitpunkt ihrer \u00dcbermittlung, w\u00e4hrend ihrer Verbreitung oder bei ihrer Neueinstellung gezeichnet werden. F\u00fcr Gewerbekunden kann jede kostenpflichtige Option sobald sie online gestellt ist, w\u00e4hrend ihrer Verbreitung oder bei ihrer Erneuerung gezeichnet werden. Es ist m\u00f6glich f\u00fcr ein und dieselbe Anzeige mehrere kostenpflichtige Optionen gleichzeitig zu zeichnen oder nicht gleichzeitig. Die L\u00f6schung einer Anzeige zieht automatisch die L\u00f6schung der an diese Anzeige verkn\u00fcpften Optionen nach sich. Die Zeichnung einer kostenpflichtigen Option verl\u00e4ngert nicht die Dauer der Anzeige.<\/p>\n<p><strong>3.5 Inhalt der Anzeigen<\/strong><br \/>\nEine Anzeige kann nur ein einziges Fahrzeug zum Gegenstand haben. Es ist nicht erlaubt, in einer Anzeige mehrere Fahrzeuge anzubieten. Sobald die Anzeige online gestellt ist, kann der Inserent weder Fahrzeugtyp, noch Marke, Modell, oder Herstellungsjahr \u00e4ndern.<\/p>\n<p>Es ist verboten, in die Anzeigen Schlagw\u00f6rter einzuf\u00fcgen, die nicht dem Charakter des angebotenen Fahrzeugs entsprechen (vor allem seiner Marke) oder dem Leasing.<\/p>\n<p>Gewerbekunden k\u00f6nnen f\u00fcr die gesamte G\u00fcltigkeitsdauer der gew\u00e4hlten Leistung und im Rahmen der gew\u00e4hlten Platzanzahl, unbegrenzt eine Anzeige l\u00f6schen und eine neue setzen.<\/p>\n<p>Die Anzeige wird unter der ausschliesslichen Verantwortung des Inserenten geschaltet. Der Inserent garantiert, dass er berechtigt ist, die Anzeige zu verbreiten. Er haftet f\u00fcr den wahrheitsgem\u00e4ssen Inhalt der gesamten, LeaseTransfer zur Verbreitung \u00fcbergebenen Anzeige und garantiert, dass diese keine ungenauen oder t\u00e4uschenden Angaben enth\u00e4lt.<\/p>\n<p>LeaseTransfer kontrolliert in keiner Weise den Inhalt der auf der Seite verbreiteten Anzeigen, und \u00fcbernimmt keine Haftung f\u00fcr deren Inhalt und Richtigkeit. Es bleibt dem Nutzer der Website \u00fcberlassen, die in den Anzeigen enthaltenen Informationen beim Inserenten zu \u00fcberpr\u00fcfen.<\/p>\n<p>LeaseTransfer beh\u00e4lt sich das Recht vor, mit sofortiger Wirkung und ohne jede Entsch\u00e4digung f\u00fcr den Inserenten, jegliche Anzeige deren Inhalt nicht korrekt ist oder den vorliegenden AGBs, den Rechtsnormen oder geltenden Regeln oder guten Sitten widerspricht, zu l\u00f6schen.<\/p>\n<ol start=\"4\">\n<li><strong>Kauf von Krediten<\/strong><\/li>\n<\/ol>\n<p>Der Kauf von Krediten kann ausschliesslich von Ihrem Benutzerkonto get\u00e4tigt werden.<\/p>\n<p>Jeder Inserent, der auf sein Benutzerkonto eingeloggt ist, kann auf \u00ab Meine Kredite \u00bb klicken und ein Kreditkaufangebot abschliessen. Die gekauften Kredite erlauben, Anzeigen zu plazieren und sich f\u00fcr eine oder mehrere kostenpflichtige Anzeigen einzutragen. Die Kredite sind an das Benutzerkonto gebunden und k\u00f6nnen nicht auf ein anderes Benutzerkonto \u00fcbertragen werden. Sie k\u00f6nnen von Ihren Krediten Gebrauch machen, solange Ihr Benutzerkonto aktiv ist.<\/p>\n<p>Die L\u00f6schung eines Benutzerkontos zieht die L\u00f6schung der an dieses Konto gebundenen Kredite nach sich<\/p>\n<p>1 Kredit = 1.- Fr TTC<\/p>\n<p>Ab einem Kauf von 100.- Fr von Krediten, profitieren Sie von 10% zus\u00e4tzlichen Krediten, die Ihnen automatisch geschenkt werden.<\/p>\n<ol start=\"5\">\n<li><strong>Preise und Bezahlung<\/strong><\/li>\n<\/ol>\n<p>Die Anzeigenpreise sind in Schweizer Franken inkl. MwSt. angegeben. Die Bezahlung der Anzeigen erfolgt vor deren Ver\u00f6ffentlichung, in den auf der Seite angegebenen Zahlungsmodalit\u00e4ten.<\/p>\n<p>LeaseTransfer beh\u00e4lt sich das Recht vor, die Preise f\u00fcr die Anzeigen ohne vorherige Ank\u00fcndigung nach eigenem Ermessen zu erh\u00f6hen.<\/p>\n<p>Die Bezahlung der Anzeigen kann mit folgenden Karten erfolgen :<br \/>\nPostFinanz Karte, Visa, Mastercard, American Express. Die Bezahlung erfolgt \u00fcber eine gesicherte Plattform nach dem SSL System (Secure Socket Layers). LeaseTransfer kann nach eigenem Ermessen andere Karten akzeptieren, ist aber nicht dazu verpflichtet.<\/p>\n<p>Alle Kreditkarteninhaber werden vom ausstellenden Bankinstitut \u00fcberpr\u00fcft und zugelassen. Wenn das zust\u00e4ndige Bankinstitut die Bezahlung verweigert, wird LeaseTransfer die betreffende Anzeige nicht online stellen. Bitte wenden Sie sich in diesem Fall an Ihr Finanzinstitut zur L\u00f6sung des jeweiligen Problems.<\/p>\n<p>LeaseTransfer kann nach eigenem Ermessen andere Zahlungsmittel wie Paypal, Twint und Bank\u00fcberweisungen akzeptieren, muss es aber nicht.<\/p>\n<p>Im Fall einer Bezahlung mit Karte oder Paypal, erfolgt die Onlinestellung erst nach Berechtigung und Befugnis des Kartenausstellers oder nach Best\u00e4tigung des Zahlungseingangs durch Paypal. Im Fall einer Bank\u00fcberweisung erfolgt die Onlinestellung der Anzeige nach Zahlungseingang bei LeaseTransfer.<\/p>\n<p>Eine Best\u00e4tigungsmail f\u00fcr die Bezahlung wird an den Inserenten geschickt.<\/p>\n<p>Die G\u00fcltigkeitsdauer der Anzeige beginnt mit der Onlineschaltung.<\/p>\n<ol start=\"6\">\n<li><strong>Haftungsbeschr\u00e4nkungen<\/strong><\/li>\n<\/ol>\n<p>LeaseTransfer lehnt jegliche Haftung f\u00fcr die auf der Website verbreiteten Anzeigen ab, im Besonderen die jeweiligen Angaben zu den in den Anzeigen beschriebenen Fahrzeugen oder Leasings. Der Inserent entsch\u00e4digt LeaseTransfer f\u00fcr jeglichen Schaden (Rechtskosten inbegriffen), der LeaseTransfer aus der Handlung eines Dritten, aus dem Inhalt einer von einem Inserenten aufgegebenen Anzeige, entstehen k\u00f6nnte.<\/p>\n<p>LeaseTransfer enth\u00e4lt sich jeglicher Beratung oder Empfehlung, ein Fahrzeugleasing zu den in den Anzeigen beschriebenen Bedingungen abzugeben oder aufzunehmen. Es obliegt daher der Verantwortung jedes Interessenten, der ein Leasing auf der Basis einer verbreiteten Anzeige \u00fcbernehmen will, Erkundigung und Beratung bei einer kompetenten Person oder Institution seiner Wahl einzuholen.<\/p>\n<p>Trotz der, f\u00fcr die Redaktion der Webseite angewandten Sorgfalt kann diese irrt\u00fcmliche oder unvollst\u00e4ndige Angaben enthalten. LeaseTransfer \u00fcbernimmt keinerlei Haftung f\u00fcr die Vollst\u00e4ndigkeit, Richtigkeit oder Aktualit\u00e4t der angezeigten Informationen.<\/p>\n<p>LeaseTransfer lehnt jegliche Haftung ab f\u00fcr direkten oder indirekten Schaden , durch Unterbrechung des Website-Besuchs oder dem Auftreten von Bugs, die das Surfen auf dem Site behindern k\u00f6nnten oder sonstigen technischen Problemen.<\/p>\n<p>LeaseTransfer haftet nicht f\u00fcr den Inhalt von Internetseiten Dritter, die von der Webseite aus zug\u00e4nglich sind oder \u00fcber Hypertextlinks auf die Seite f\u00fchren. LeaseTransfer hat keinen Einfluss auf den Inhalt externer Webseiten.<\/p>\n<p>LeaseTransfer ist ein Dritter in der Korrespondenz und den Beziehungen zwischen Inserenten und Nutzern und schlie\u00dft daher jede Haftung in dieser Hinsicht aus.<\/p>\n<ol start=\"7\">\n<li><strong>Pers\u00f6nliche Daten und Datenschutzerkl\u00e4rung<\/strong><\/li>\n<\/ol>\n<p><strong>7.1 Erfassung, Bearbeitung, \u00c4nderung und L\u00f6schung von personenbezogenen Daten<\/strong><\/p>\n<p>Wenn Sie ein Nutzerkonto bei LeaseTransfer einrichten, werden Sie um Angabe Ihrer pers\u00f6nlichen Daten gebeten, wie Ihren Namen, Vornamen, Geburtsdatum, Adresse, Email-Adresse, Telefonnummer wie auch Details Ihrer Kreditkarte. Sie verpflichten sich, uns exakte und vollst\u00e4ndige Informationen zu liefern.<\/p>\n<p>LeaseTransfer verpflichtet sich, Ihre pers\u00f6nlichen Daten vertraulich zu behandeln.<br \/>\nLeaseTransfer kann jedoch im Rahmen der Nutzung der Website (f\u00fcr die Email-Korrespondenz, f\u00fcr die Zahlungsabwicklung oder auch f\u00fcr das Hosting eines Servers) Ihre pers\u00f6nlichen Daten an seine Verwaltungsdienstleister weiterleiten. Ihre personenbezogenen Daten werden ausschlie\u00dflich auf Servern in der Schweiz gespeichert.<\/p>\n<p>Im Rahmen der Verarbeitung der Zahlungen verwendet LeaseTransfer die L\u00f6sung PostFinance Checkout. Die PostFinance Checkout-L\u00f6sung ist PCI DSS-zertifiziert. PostFinance arbeitet daher nur mit PCI-zertifizierten Partnern zusammen, um die entsprechenden Anforderungen sowohl in der Schweiz als auch im Ausland zu erf\u00fcllen. Der Payment Card Industry Data Security Standard (PCI DSS) beinhaltet den permanenten Schutz der bei PostFinance Checkout gespeicherten Daten, was auch j\u00e4hrliche Audits beinhaltet. Ihre Daten werden von PostFinance gem\u00e4\u00df der allgemeinen <a href=\"https:\/\/www.postfinance.ch\/de\/detail\/data\/allgemeine-datenschutzerklaerung.html\" target=\"_blank\" rel=\"noopener\">Datenschutzerkl\u00e4rung verarbeitet<\/a>.<\/p>\n<p>Sie nehmen zur Kenntnis und stimmen zu, dass Ihre Daten vom Softwareanbieter Wallee AG, Winterthur, verschl\u00fcsselt in der Daten-Cloud von Amazon Web Services EMEA SARL, Luxemburg (Tochtergesellschaft von Amazon Web Services Inc., USA) auf deren Servern in Irland gespeichert und von der Web Application Firewall (WAF) von Cloudflare Inc., USA, \u00fcberpr\u00fcft werden. Um zu kontrollieren, dass die Daten keine Malware enthalten, m\u00fcssen sie von der WAF f\u00fcr eine kurze Zeit entschl\u00fcsselt werden. Hierbei handelt es sich um eine obligatorische PCI-Vorschrift, die dem Datenschutz dient. Im Ausland unterliegen die im Kontrollprozess der WAF entschl\u00fcsselten Daten nicht mehr dem Schweizer Datenschutzgesetz und dem Bankgeheimnis, sondern der europ\u00e4ischen Datenschutz-Grundverordnung (DSGVO) oder anderen anwendbaren Rechtsregeln.<\/p>\n<p>Im \u00dcbrigen beh\u00e4lt sich LeaseTransfer das Recht vor, Ihre Kontaktdaten an seine Partner auf der Webseite weiterzugeben.<\/p>\n<p>Wir speichern Ihre Daten w\u00e4hrend der gesamten Laufzeit Ihres Kontos auf unseren Servern in der Schweiz.<\/p>\n<p>Wir benutzen Ihre Kontaktdaten und die Daten Ihrer Kreditkarten, um die Anfragen f\u00fcr die Verbreitung Ihrer Anzeigen, die Sie uns \u00fcber die Webseite zukommen lassen, zu bearbeiten.<\/p>\n<p>Ebenso verwenden wir Ihre Kontaktdaten, um Ihnen Informationen \u00fcber unseren Service zukommen zu lassen oder Sie \u00fcber \u00c4nderungen der hier vorliegenden AGBs zu informieren. Sie haben die M\u00f6glichkeit Werbe-emails abzuweisen, indem Sie sich \u00fcber einen in unseren Emails nachstehenden Link austragen.<\/p>\n<p>Sie haben jederzeit zu den pers\u00f6nlichen Angaben in Ihrem Benutzerkonto Zugang<br \/>\nund k\u00f6nnen Korrekturen oder Ver\u00e4nderungen vornehmen. Sie k\u00f6nnen auch Angaben l\u00f6schen, indem Sie die Schlie\u00dfung Ihres Kontos verlangen. Jede, den Zugang, die \u00c4nderung oder die L\u00f6schung von Daten betreffende Anfrage kann an folgende Email-Adresse gerichtet werden : <a href=\"mailto:info@leasetransfer.ch\">info@leasetransfer.ch<\/a><\/p>\n<p id=\"7.2\"><strong>7.2 Cookies<\/strong><\/p>\n<p>Wenn Sie unsere Internetseite besuchen, erhalten wir \u00fcber Cookie-basierte Programme Ihre Aktivit\u00e4tsdaten z.B. wie Sie welchen Browser nutzen, die von Ihnen benutzte IP Adresse, um auf die Seite zu gelangen, die letzte von Ihnen aufgerufene Seite oder die von Ihnen ausgef\u00fchrten Aktionen. Ein Cookie ist ein kleines Datenpaket auf der Speicherplatte Ihres Computers oder anderen elektronischen Ger\u00e4ten (wie Tablets, Smartphone, usw.) Cookies erleichtern dem Betreiber einer Website, die Effektivit\u00e4t seiner Internetseite zu erh\u00f6hen und Informationen \u00fcber die Nutzung seiner Webseite zu erhalten. Die Speicherung der Daten \u00fcber Cookies hat die Optimalisierung Ihrer Webseite zum Ziel, deren gutes Funktionieren zu \u00fcberpr\u00fcfen und besser auf die Bed\u00fcrfnisse seiner Benutzer einzugehen.<\/p>\n<p>Diese Webseite benutzt Google Analytics, ein von Google gestellter Analyse-Service f\u00fcr Webseiten Inc.(\u201cgoogle\u201d). Google benutzt Cookies. Die von den Cookies erhaltenen Informationen \u00fcber die Nutzung Ihrer Seite (inklusive Ihrer IP-Adresse) werden auf einen Server in den USA weitergeleitet und gespeichert. Google bedient sich dieser Informationen um die Nutzung Ihrer Webseite zu evaluieren, Aktivit\u00e4tsberichte \u00fcber die Internetseite f\u00fcr die Betreiber der Seite zu erstellen und andere Dienste, die an die Aktivit\u00e4t der Seite und die Nutzung des Internets gebunden sind. Google kann diese Information auch an Dritte weitergeben, wenn das Gesetz es verlangt, oder wenn diese Dritten die Informationen auf dem Konto von Google auswerten. Google verbindet Ihre IP-Adresse nicht mit anderen von Google einbehaltenen Daten.<\/p>\n<p>Sie k\u00f6nnen die Cookies l\u00f6schen oder ablehnen, indem Sie die Parameter Ihres Browsers regeln. Jeder Browser hat seine eigene Verfahrensweise und wir empfehlen Ihnen, den Site des Herausgebers Ihres Browsers zu konsultieren. Wenn Sie die Cookies l\u00f6schen oder abweisen, k\u00f6nnte das das Funktionieren Ihrer Internetseite oder seiner Applikationen beeintr\u00e4chtigen.<\/p>\n<ol start=\"8\">\n<li><strong>Intellektuelles Eigentum<\/strong><\/li>\n<\/ol>\n<p>Der Inhalt dieser Seite, einschliesslich der Texte, Fotos, Bildmaterial, Videoanimationen, und Software sind durch das Urheberrecht gesch\u00fctzt.<\/p>\n<p>Das Herunterladen und Ausdrucken jeglicher Teile der Seite sind nur zum streng pers\u00f6nlichen und privaten Gebrauch des Benutzers gestattet. Ausserhalb dieses Rahmens ist jegliche Reproduktion, Verbreitung oder Adaptation, ohne vorherige ausdr\u00fcckliche Genehmigung von LeaseTransfer, verboten.<\/p>\n<ol start=\"9\">\n<li><strong>Sperrung oder L\u00f6schen des Kontos <\/strong><\/li>\n<\/ol>\n<p>Im Falle von Nicht-Respektierung der vorliegenden AGBs seitens des Nutzers, hat LeaseTransfer jederzeit das Recht, ein Nutzerkonto zu sperren oder zu l\u00f6schen und jegliche aktuelle oder zuk\u00fcnftige Nutzung seiner Dienste zu verweigern,<\/p>\n<ol start=\"10\">\n<li><strong>Rechtswahl und Gerichtsstand<\/strong><\/li>\n<\/ol>\n<p>Die vorliegenden AGBs unterstehen Schweizerischem Recht.<\/p>\n<p>Der Gerichtsstand ist Genf, Schweiz, um jedweden Rechtsstreit anzuerkennen, zu schlichten und einzuschreiten, bez\u00fcglich des Inhalts und der Gesch\u00e4ftsbedingungen der Webseite.<\/p>\n<p>Status am 23\/01\/2026<\/p>\n","protected":false},"excerpt":{"rendered":"<p>ALLGEMEINE GESCH\u00c4FTSBEDINGUNGEN DER WEBSEITE LEASETRANSFER.CH Allgemeines Die Website Leasetransfer (www.leasetranfer.ch) ist eine Anzeigenplatform, die sich an Privatpersonen und Firmen richtet, die ein Fahrzeugleasing \u00fcbergeben m\u00f6chten und erm\u00f6glicht, Anzeigen auf der Seite zu schalten. Verantwortlich f\u00fcr die Webseite (www.leasetranfer.ch) zeichnet: Herr Perales Gr\u00e9gory Rue du Stand, 3 bis 1204 Genf Telefon : +41 (0) 22 321&hellip;<\/p>\n","protected":false},"author":44,"featured_media":0,"parent":0,"menu_order":19,"comment_status":"closed","ping_status":"closed","template":"","meta":{"_acf_changed":false,"_monsterinsights_skip_tracking":false,"_monsterinsights_sitenote_active":false,"_monsterinsights_sitenote_note":"","_monsterinsights_sitenote_category":0,"footnotes":""},"class_list":["post-1296","page","type-page","status-publish","hentry"],"acf":[],"yoast_head":"<!-- This site is optimized with the Yoast SEO plugin v23.7 - https:\/\/yoast.com\/wordpress\/plugins\/seo\/ -->\n<title>AGB\u2019s<\/title>\n<meta name=\"description\" content=\"ALLGEMEINE GESCH\u00c4FTSBEDINGUNGEN DER WEBSEITE LEASETRANSFER.CH Allgemeines Die Website Leasetransfer (www.leasetranfer.ch) ist eine Anzeigenplatform, die\" \/>\n<meta name=\"robots\" content=\"index, follow, max-snippet:-1, max-image-preview:large, max-video-preview:-1\" \/>\n<link rel=\"canonical\" href=\"https:\/\/leasetransfer.ch\/de\/cgu\/\" \/>\n<meta property=\"og:locale\" content=\"de_DE\" \/>\n<meta property=\"og:type\" content=\"article\" \/>\n<meta property=\"og:title\" content=\"AGB\u2019s\" \/>\n<meta property=\"og:description\" content=\"ALLGEMEINE GESCH\u00c4FTSBEDINGUNGEN DER WEBSEITE LEASETRANSFER.CH Allgemeines Die Website Leasetransfer (www.leasetranfer.ch) ist eine Anzeigenplatform, die\" \/>\n<meta property=\"og:url\" content=\"https:\/\/leasetransfer.ch\/de\/cgu\/\" \/>\n<meta property=\"og:site_name\" content=\"LeaseTransfer\" \/>\n<meta property=\"article:modified_time\" content=\"2026-01-23T13:52:50+00:00\" \/>\n<meta name=\"twitter:card\" content=\"summary_large_image\" \/>\n<meta name=\"twitter:label1\" content=\"Gesch\u00e4tzte Lesezeit\" \/>\n\t<meta name=\"twitter:data1\" content=\"11 Minuten\" \/>\n<script type=\"application\/ld+json\" class=\"yoast-schema-graph\">{\"@context\":\"https:\/\/schema.org\",\"@graph\":[{\"@type\":\"WebPage\",\"@id\":\"https:\/\/leasetransfer.ch\/de\/cgu\/\",\"url\":\"https:\/\/leasetransfer.ch\/de\/cgu\/\",\"name\":\"AGB\u2019s\",\"isPartOf\":{\"@id\":\"https:\/\/leasetransfer.ch\/#website\"},\"datePublished\":\"2016-10-19T16:31:17+00:00\",\"dateModified\":\"2026-01-23T13:52:50+00:00\",\"description\":\"ALLGEMEINE GESCH\u00c4FTSBEDINGUNGEN DER WEBSEITE LEASETRANSFER.CH Allgemeines Die Website Leasetransfer (www.leasetranfer.ch) ist eine Anzeigenplatform, die\",\"breadcrumb\":{\"@id\":\"https:\/\/leasetransfer.ch\/de\/cgu\/#breadcrumb\"},\"inLanguage\":\"de-DE\",\"potentialAction\":[{\"@type\":\"ReadAction\",\"target\":[\"https:\/\/leasetransfer.ch\/de\/cgu\/\"]}]},{\"@type\":\"BreadcrumbList\",\"@id\":\"https:\/\/leasetransfer.ch\/de\/cgu\/#breadcrumb\",\"itemListElement\":[{\"@type\":\"ListItem\",\"position\":1,\"name\":\"Accueil\",\"item\":\"https:\/\/leasetransfer.ch\/de\/\"},{\"@type\":\"ListItem\",\"position\":2,\"name\":\"AGB\u2019s\"}]},{\"@type\":\"WebSite\",\"@id\":\"https:\/\/leasetransfer.ch\/#website\",\"url\":\"https:\/\/leasetransfer.ch\/\",\"name\":\"LeaseTransfer\",\"description\":\"Transfert et rachat de leasing auto en Suisse\",\"potentialAction\":[{\"@type\":\"SearchAction\",\"target\":{\"@type\":\"EntryPoint\",\"urlTemplate\":\"https:\/\/leasetransfer.ch\/?s={search_term_string}\"},\"query-input\":{\"@type\":\"PropertyValueSpecification\",\"valueRequired\":true,\"valueName\":\"search_term_string\"}}],\"inLanguage\":\"de-DE\"}]}<\/script>\n<!-- \/ Yoast SEO plugin. -->","yoast_head_json":{"title":"AGB\u2019s","description":"ALLGEMEINE GESCH\u00c4FTSBEDINGUNGEN DER WEBSEITE LEASETRANSFER.CH Allgemeines Die Website Leasetransfer (www.leasetranfer.ch) ist eine Anzeigenplatform, die","robots":{"index":"index","follow":"follow","max-snippet":"max-snippet:-1","max-image-preview":"max-image-preview:large","max-video-preview":"max-video-preview:-1"},"canonical":"https:\/\/leasetransfer.ch\/de\/cgu\/","og_locale":"de_DE","og_type":"article","og_title":"AGB\u2019s","og_description":"ALLGEMEINE GESCH\u00c4FTSBEDINGUNGEN DER WEBSEITE LEASETRANSFER.CH Allgemeines Die Website Leasetransfer (www.leasetranfer.ch) ist eine Anzeigenplatform, die","og_url":"https:\/\/leasetransfer.ch\/de\/cgu\/","og_site_name":"LeaseTransfer","article_modified_time":"2026-01-23T13:52:50+00:00","twitter_card":"summary_large_image","twitter_misc":{"Gesch\u00e4tzte Lesezeit":"11 Minuten"},"schema":{"@context":"https:\/\/schema.org","@graph":[{"@type":"WebPage","@id":"https:\/\/leasetransfer.ch\/de\/cgu\/","url":"https:\/\/leasetransfer.ch\/de\/cgu\/","name":"AGB\u2019s","isPartOf":{"@id":"https:\/\/leasetransfer.ch\/#website"},"datePublished":"2016-10-19T16:31:17+00:00","dateModified":"2026-01-23T13:52:50+00:00","description":"ALLGEMEINE GESCH\u00c4FTSBEDINGUNGEN DER WEBSEITE LEASETRANSFER.CH Allgemeines Die Website Leasetransfer (www.leasetranfer.ch) ist eine Anzeigenplatform, die","breadcrumb":{"@id":"https:\/\/leasetransfer.ch\/de\/cgu\/#breadcrumb"},"inLanguage":"de-DE","potentialAction":[{"@type":"ReadAction","target":["https:\/\/leasetransfer.ch\/de\/cgu\/"]}]},{"@type":"BreadcrumbList","@id":"https:\/\/leasetransfer.ch\/de\/cgu\/#breadcrumb","itemListElement":[{"@type":"ListItem","position":1,"name":"Accueil","item":"https:\/\/leasetransfer.ch\/de\/"},{"@type":"ListItem","position":2,"name":"AGB\u2019s"}]},{"@type":"WebSite","@id":"https:\/\/leasetransfer.ch\/#website","url":"https:\/\/leasetransfer.ch\/","name":"LeaseTransfer","description":"Transfert et rachat de leasing auto en Suisse","potentialAction":[{"@type":"SearchAction","target":{"@type":"EntryPoint","urlTemplate":"https:\/\/leasetransfer.ch\/?s={search_term_string}"},"query-input":{"@type":"PropertyValueSpecification","valueRequired":true,"valueName":"search_term_string"}}],"inLanguage":"de-DE"}]}},"_links":{"self":[{"href":"https:\/\/leasetransfer.ch\/de\/wp-json\/wp\/v2\/pages\/1296"}],"collection":[{"href":"https:\/\/leasetransfer.ch\/de\/wp-json\/wp\/v2\/pages"}],"about":[{"href":"https:\/\/leasetransfer.ch\/de\/wp-json\/wp\/v2\/types\/page"}],"author":[{"embeddable":true,"href":"https:\/\/leasetransfer.ch\/de\/wp-json\/wp\/v2\/users\/44"}],"replies":[{"embeddable":true,"href":"https:\/\/leasetransfer.ch\/de\/wp-json\/wp\/v2\/comments?post=1296"}],"version-history":[{"count":2,"href":"https:\/\/leasetransfer.ch\/de\/wp-json\/wp\/v2\/pages\/1296\/revisions"}],"predecessor-version":[{"id":8536,"href":"https:\/\/leasetransfer.ch\/de\/wp-json\/wp\/v2\/pages\/1296\/revisions\/8536"}],"wp:attachment":[{"href":"https:\/\/leasetransfer.ch\/de\/wp-json\/wp\/v2\/media?parent=1296"}],"curies":[{"name":"wp","href":"https:\/\/api.w.org\/{rel}","templated":true}]}}