{"id":1300,"date":"2016-10-19T18:26:00","date_gmt":"2016-10-19T16:26:00","guid":{"rendered":"https:\/\/leasetransfer.ch\/mentions-legales\/"},"modified":"2017-10-24T16:30:28","modified_gmt":"2017-10-24T14:30:28","slug":"mentions-legales","status":"publish","type":"page","link":"https:\/\/leasetransfer.ch\/de\/mentions-legales\/","title":{"rendered":"Gesetzliche Erw\u00e4hnungen"},"content":{"rendered":"<p>Sie befinden sich hier auf der \u00f6ffentlichen Website <a href=\"http:\/\/www.leasetransfer.ch\">www.leasetransfer.ch<\/a>.<\/p>\n<p>F\u00fcr diese Website haftet leasetransfer.ch. F\u00fcr alle weiteren Ausk\u00fcnfte rufen Sie die Rubrik Kontakt auf.<\/p>\n<p>Der Zugriff auf die vorliegende Website und das Surfen darauf, bedeutet seitens des Besuchers die vorbehaltslose Akzeptanz, der in den folgenden Artikeln aufgef\u00fchrten Hinweise :<\/p>\n<p><strong>Kontaktdaten<\/strong><\/p>\n<p><strong>Eigent\u00fcmer der Website LeaseTransfer<\/strong><br \/>\nGr\u00e9gory Perales<br \/>\nRue du Stand 3bis<br \/>\n1204 Genf<br \/>\nTel\u00a0: 022 321 47 10<\/p>\n<p><strong>Service-Host<\/strong><\/p>\n<p><strong>Das Hosting der Website <\/strong><a href=\"http:\/\/www.leasetransfer.ch\">www.leasetransfer.ch<\/a><strong> wurde ausgef\u00fchrt von\u00a0:<\/strong><br \/>\nABC Media SARL<br \/>\nABC Media<br \/>\nAdresse\u00a0: Numa-Droz 161, CH-2301 La Chaux-de \u2013Fonds (Schweiz)<br \/>\nTel\u00a0: 0041 32 924 43 02<br \/>\nEmail\u00a0: <a href=\"mailto:contact@abcmedia.ch\">contact@abcmedia.ch<\/a><\/p>\n<p><strong>Grafik \u2013 Ausf\u00fchrung und Konzeption der Website<\/strong><\/p>\n<p><strong>Die Webseite <a href=\"https:\/\/leasetransfer.ch\/\">www.leasetransfer.ch<\/a> wurde ausgef\u00fchrt von\u00a0:<\/strong><br \/>\nAbc Media SARL<br \/>\nABC Media<br \/>\nABC Media<br \/>\nAdresse\u00a0: Numa-Droz 161,CH-2301 La Chaux-de Fonds (Schweiz)<br \/>\nTel\u00a0: 0041 32 924 43 02<br \/>\nMail\u00a0: <a href=\"mailto:contact@abcmedia.ch\">contact@abcmedia.ch<\/a><br \/>\nWebseite\u00a0: <a href=\"https:\/\/abcmedia.ch\/\">https:\/\/abcmedia.ch\/<\/a><\/p>\n<p><strong>Rechtliche Hinweise<\/strong><br \/>\nLeasetransfer beh\u00e4lt sich das Recht vor, den Inhalt dieser Webseite in jeglicher Art, jederzeit und aus jeglichem Grund, ohne vorherige Ank\u00fcndigung zu \u00e4ndern. Leasetransfer kann in keiner Weise f\u00fcr die Konsequenzen solcher\u00a0\u00c4nderungen haftbar gemacht werden.<\/p>\n<p><strong>Kein Weitergabe von Informationen<\/strong><\/p>\n<p>Leasetransfer verpflichtet sich, Ihre pers\u00f6nlichen Daten vertraulich zu behandeln. Leasetransfer kann jedoch Ihre Daten seinen Dienstleistern, die uns im Rahmen des Betriebs der Webseite unterst\u00fctzen (wie z.B.Email-Korrespondenz, Zahlungsabwicklung oder Service-Host), weitergeben.<\/p>\n<p>Im Weiteren beh\u00e4lt sich LeaseTransfer das Recht vor, Ihre Kontaktdaten an seine auf der Webseite identifizierten Partner weiterzugeben.<\/p>\n<p>Wie speichern Ihre Daten auf unseren Servern w\u00e4hrend der gesamten Dauer Ihres Kontos.<\/p>\n<p>Wir benutzen Ihre Kontaktdaten, um Ihnen Informationen \u00fcber unseren Service zukommen zu lassen oder um Sie \u00fcber Ver\u00e4nderungen in den AGBs zu informieren. Sie haben die M\u00f6glichkeit, die Werbe-Emails abzuweisen, indem Sie sich aus dem in unseren Emails untenstehenden Link austragen.<\/p>\n<p>Sie haben jederzeit Zugriff auf die Daten in Ihrem Benutzerkonto und k\u00f6nnen Korrekturen oder Ver\u00e4nderungen anbringen. Sie k\u00f6nnen Ihre Daten auch l\u00f6schen, indem Sie die Schliesssung Ihres Kontos verlangen. Jede Anfrage auf Zugriff, \u00c4nderung oder L\u00f6schen Ihrer Daten k\u00f6nnen Sie uns \u00fcber unser Kontaktformular zukommen lassen : <a href=\"https:\/\/leasetransfer.ch\/de\/nous-contacter\/\">https:\/\/leasetransfer.ch\/de\/nous-contacter\/<\/a><\/p>\n<p><strong>Intellektuelles Eigentum<\/strong><\/p>\n<p>Der Codex zum Intellektuellen Eigentum ist auch zum Schutz von Webseiten anwendbar.<\/p>\n<p>Die auf der vorliegenden Webseite enthaltenen Dateien, Fotos und die Pr\u00e4sentationsform (code), bleiben ausdr\u00fcckliches Eigentum von Leasetransfer. Die Gesamtheit dieser Elemente macht den besonderen Charakter und die Originalit\u00e4t der vorliegenden Webseite aus.<\/p>\n<p>Die Logos und Marken, alle aufgef\u00fchrten Gesellschaften und Produkte sind Eigentum ihrer jeweiligen Urheber. Ohne ausdr\u00fcckliche Erlaubnis des Urhebers kann kein Logo, grafisches Element, Foto oder Bild von der Webseite Leasetransfer kommend, sei es als Ganzes oder teilweise, zu gesch\u00e4ftlichen Zwecken kopiert, imitiert oder verbreitet werden.<\/p>\n<p>Ausdr\u00fccklich verboten ist jegliche Repr\u00e4sentation und\/oder Reproduktion der Ganzen oder eines Teils der Webseite und\/oder eines ihrer Elemente\u00a0: sei es die Pr\u00e4sentation einer Seite der Webseite in einem Rahmen, der nicht zu Leasetransfer geh\u00f6rt (durch die Technik des <em>Framing<\/em>) oder das Einf\u00fcgen\u00a0 eines Bildes, das Leasetransfer geh\u00f6rt oder Teil von ihm ist, auf einer Seite, die nicht zu Leasetransfer geh\u00f6rt (Technik des <em>in-Line Linking<\/em>).<\/p>\n<p>Diese Dokumente d\u00fcrfen auf keinem Computernetzwerk oder anderem Tr\u00e4germedium von vertraglichem oder kommerziellem Wert, kopiert oder verteilt werden.<\/p>\n<p>Die Webseite Leasetransfer ist gesch\u00fctzt durch die geltenden Richtlinien des unlauteren Wettbewerbs. Jegliche Reproduktion oder Verbreitung zu gesch\u00e4ftlichen, entgeltlichen oder unentgeltlichen Zwecken, sei es auch nur teilweise und nach welchem Verfahren auch immer, ohne die Zustimmung von Leasetransfer, stellt einen Akt der F\u00e4lschung dar und wird geahndet nach den vom Gesetz daf\u00fcr vorgesehenen Strafen. Jedwede Person, die die entsprechenden Rechtsvorschriften nicht respektiert, macht sich des Vergehens der F\u00e4lschung schuldig und ist strafbar nach den daf\u00fcr gesetzlich vorgesehenen Sanktionen.<\/p>\n<p>LeaseTransfer beh\u00e4lt sich das Recht vor, die L\u00f6schung von Links zu fordern, die nach seiner Einsch\u00e4tzung nicht konform mit seinen redaktionellen Richtlinien gehen.<\/p>\n<p>Unsere Allgemeinen Gesch\u00e4ftsbedingungen k\u00f6nnen Sie auf folgendem Link einsehen <a href=\"https:\/\/leasetransfer.ch\/de\/cgu\/\">AGB<\/a><\/p>\n","protected":false},"excerpt":{"rendered":"<p>Sie befinden sich hier auf der \u00f6ffentlichen Website www.leasetransfer.ch. F\u00fcr diese Website haftet leasetransfer.ch. F\u00fcr alle weiteren Ausk\u00fcnfte rufen Sie die Rubrik Kontakt auf. Der Zugriff auf die vorliegende Website und das Surfen darauf, bedeutet seitens des Besuchers die vorbehaltslose Akzeptanz, der in den folgenden Artikeln aufgef\u00fchrten Hinweise : Kontaktdaten Eigent\u00fcmer der Website LeaseTransfer Gr\u00e9gory&hellip;<\/p>\n","protected":false},"author":44,"featured_media":0,"parent":0,"menu_order":25,"comment_status":"closed","ping_status":"closed","template":"","meta":{"_acf_changed":false,"_monsterinsights_skip_tracking":false,"_monsterinsights_sitenote_active":false,"_monsterinsights_sitenote_note":"","_monsterinsights_sitenote_category":0,"footnotes":""},"class_list":["post-1300","page","type-page","status-publish","hentry"],"acf":[],"yoast_head":"<!-- This site is optimized with the Yoast SEO plugin v23.7 - https:\/\/yoast.com\/wordpress\/plugins\/seo\/ -->\n<title>Gesetzliche Erw\u00e4hnungen<\/title>\n<meta name=\"description\" content=\"Sie befinden sich hier auf der \u00f6ffentlichen Website www.leasetransfer.ch. F\u00fcr diese Website haftet leasetransfer.ch. F\u00fcr alle weiteren Ausk\u00fcnfte rufen Sie\" \/>\n<meta name=\"robots\" content=\"index, follow, max-snippet:-1, max-image-preview:large, max-video-preview:-1\" \/>\n<link rel=\"canonical\" href=\"https:\/\/leasetransfer.ch\/de\/mentions-legales\/\" \/>\n<meta property=\"og:locale\" content=\"de_DE\" \/>\n<meta property=\"og:type\" content=\"article\" \/>\n<meta property=\"og:title\" content=\"Gesetzliche Erw\u00e4hnungen\" \/>\n<meta property=\"og:description\" content=\"Sie befinden sich hier auf der \u00f6ffentlichen Website www.leasetransfer.ch. F\u00fcr diese Website haftet leasetransfer.ch. F\u00fcr alle weiteren Ausk\u00fcnfte rufen Sie\" \/>\n<meta property=\"og:url\" content=\"https:\/\/leasetransfer.ch\/de\/mentions-legales\/\" \/>\n<meta property=\"og:site_name\" content=\"LeaseTransfer\" \/>\n<meta property=\"article:modified_time\" content=\"2017-10-24T14:30:28+00:00\" \/>\n<meta name=\"twitter:card\" content=\"summary_large_image\" \/>\n<meta name=\"twitter:label1\" content=\"Gesch\u00e4tzte Lesezeit\" \/>\n\t<meta name=\"twitter:data1\" content=\"3 Minuten\" \/>\n<script type=\"application\/ld+json\" class=\"yoast-schema-graph\">{\"@context\":\"https:\/\/schema.org\",\"@graph\":[{\"@type\":\"WebPage\",\"@id\":\"https:\/\/leasetransfer.ch\/de\/mentions-legales\/\",\"url\":\"https:\/\/leasetransfer.ch\/de\/mentions-legales\/\",\"name\":\"Gesetzliche Erw\u00e4hnungen\",\"isPartOf\":{\"@id\":\"https:\/\/leasetransfer.ch\/#website\"},\"datePublished\":\"2016-10-19T16:26:00+00:00\",\"dateModified\":\"2017-10-24T14:30:28+00:00\",\"description\":\"Sie befinden sich hier auf der \u00f6ffentlichen Website www.leasetransfer.ch. F\u00fcr diese Website haftet leasetransfer.ch. F\u00fcr alle weiteren Ausk\u00fcnfte rufen Sie\",\"breadcrumb\":{\"@id\":\"https:\/\/leasetransfer.ch\/de\/mentions-legales\/#breadcrumb\"},\"inLanguage\":\"de-DE\",\"potentialAction\":[{\"@type\":\"ReadAction\",\"target\":[\"https:\/\/leasetransfer.ch\/de\/mentions-legales\/\"]}]},{\"@type\":\"BreadcrumbList\",\"@id\":\"https:\/\/leasetransfer.ch\/de\/mentions-legales\/#breadcrumb\",\"itemListElement\":[{\"@type\":\"ListItem\",\"position\":1,\"name\":\"Accueil\",\"item\":\"https:\/\/leasetransfer.ch\/de\/\"},{\"@type\":\"ListItem\",\"position\":2,\"name\":\"Gesetzliche Erw\u00e4hnungen\"}]},{\"@type\":\"WebSite\",\"@id\":\"https:\/\/leasetransfer.ch\/#website\",\"url\":\"https:\/\/leasetransfer.ch\/\",\"name\":\"LeaseTransfer\",\"description\":\"Transfert et rachat de leasing auto en Suisse\",\"potentialAction\":[{\"@type\":\"SearchAction\",\"target\":{\"@type\":\"EntryPoint\",\"urlTemplate\":\"https:\/\/leasetransfer.ch\/?s={search_term_string}\"},\"query-input\":{\"@type\":\"PropertyValueSpecification\",\"valueRequired\":true,\"valueName\":\"search_term_string\"}}],\"inLanguage\":\"de-DE\"}]}<\/script>\n<!-- \/ Yoast SEO plugin. -->","yoast_head_json":{"title":"Gesetzliche Erw\u00e4hnungen","description":"Sie befinden sich hier auf der \u00f6ffentlichen Website www.leasetransfer.ch. F\u00fcr diese Website haftet leasetransfer.ch. F\u00fcr alle weiteren Ausk\u00fcnfte rufen Sie","robots":{"index":"index","follow":"follow","max-snippet":"max-snippet:-1","max-image-preview":"max-image-preview:large","max-video-preview":"max-video-preview:-1"},"canonical":"https:\/\/leasetransfer.ch\/de\/mentions-legales\/","og_locale":"de_DE","og_type":"article","og_title":"Gesetzliche Erw\u00e4hnungen","og_description":"Sie befinden sich hier auf der \u00f6ffentlichen Website www.leasetransfer.ch. F\u00fcr diese Website haftet leasetransfer.ch. F\u00fcr alle weiteren Ausk\u00fcnfte rufen Sie","og_url":"https:\/\/leasetransfer.ch\/de\/mentions-legales\/","og_site_name":"LeaseTransfer","article_modified_time":"2017-10-24T14:30:28+00:00","twitter_card":"summary_large_image","twitter_misc":{"Gesch\u00e4tzte Lesezeit":"3 Minuten"},"schema":{"@context":"https:\/\/schema.org","@graph":[{"@type":"WebPage","@id":"https:\/\/leasetransfer.ch\/de\/mentions-legales\/","url":"https:\/\/leasetransfer.ch\/de\/mentions-legales\/","name":"Gesetzliche Erw\u00e4hnungen","isPartOf":{"@id":"https:\/\/leasetransfer.ch\/#website"},"datePublished":"2016-10-19T16:26:00+00:00","dateModified":"2017-10-24T14:30:28+00:00","description":"Sie befinden sich hier auf der \u00f6ffentlichen Website www.leasetransfer.ch. F\u00fcr diese Website haftet leasetransfer.ch. F\u00fcr alle weiteren Ausk\u00fcnfte rufen Sie","breadcrumb":{"@id":"https:\/\/leasetransfer.ch\/de\/mentions-legales\/#breadcrumb"},"inLanguage":"de-DE","potentialAction":[{"@type":"ReadAction","target":["https:\/\/leasetransfer.ch\/de\/mentions-legales\/"]}]},{"@type":"BreadcrumbList","@id":"https:\/\/leasetransfer.ch\/de\/mentions-legales\/#breadcrumb","itemListElement":[{"@type":"ListItem","position":1,"name":"Accueil","item":"https:\/\/leasetransfer.ch\/de\/"},{"@type":"ListItem","position":2,"name":"Gesetzliche Erw\u00e4hnungen"}]},{"@type":"WebSite","@id":"https:\/\/leasetransfer.ch\/#website","url":"https:\/\/leasetransfer.ch\/","name":"LeaseTransfer","description":"Transfert et rachat de leasing auto en Suisse","potentialAction":[{"@type":"SearchAction","target":{"@type":"EntryPoint","urlTemplate":"https:\/\/leasetransfer.ch\/?s={search_term_string}"},"query-input":{"@type":"PropertyValueSpecification","valueRequired":true,"valueName":"search_term_string"}}],"inLanguage":"de-DE"}]}},"_links":{"self":[{"href":"https:\/\/leasetransfer.ch\/de\/wp-json\/wp\/v2\/pages\/1300"}],"collection":[{"href":"https:\/\/leasetransfer.ch\/de\/wp-json\/wp\/v2\/pages"}],"about":[{"href":"https:\/\/leasetransfer.ch\/de\/wp-json\/wp\/v2\/types\/page"}],"author":[{"embeddable":true,"href":"https:\/\/leasetransfer.ch\/de\/wp-json\/wp\/v2\/users\/44"}],"replies":[{"embeddable":true,"href":"https:\/\/leasetransfer.ch\/de\/wp-json\/wp\/v2\/comments?post=1300"}],"version-history":[{"count":0,"href":"https:\/\/leasetransfer.ch\/de\/wp-json\/wp\/v2\/pages\/1300\/revisions"}],"wp:attachment":[{"href":"https:\/\/leasetransfer.ch\/de\/wp-json\/wp\/v2\/media?parent=1300"}],"curies":[{"name":"wp","href":"https:\/\/api.w.org\/{rel}","templated":true}]}}