{"id":2992,"date":"2018-10-14T10:48:30","date_gmt":"2018-10-14T08:48:30","guid":{"rendered":"https:\/\/leasetransfer.ch\/?page_id=2992\/"},"modified":"2025-02-24T11:56:08","modified_gmt":"2025-02-24T10:56:08","slug":"100-begleitete-formel","status":"publish","type":"page","link":"https:\/\/leasetransfer.ch\/de\/100-begleitete-formel\/","title":{"rendered":"100% begleitete Formel"},"content":{"rendered":"<p>Die 100% begleitete Formel erm\u00f6glicht es Ihnen, Ihren Autoleasingvertrag zu \u00fcbertragen, indem Sie die Abl\u00e4ufe im Zusammenhang mit Ihrer Anzeige delegieren. So k\u00f6nnen Sie Ihren Leasingvertrag problemlos aufl\u00f6sen!<\/p>\n<p>Profitieren Sie von diesem individuellen Service, um Sie bei Ihrer Suche zu unterst\u00fctzen!<\/p>\n<p>Die Formel beinhaltet :<\/p>\n<ul>\n<li>Die \u00dcberpr\u00fcfung Ihrer Anzeige und ihre Korrektur<\/li>\n<li>Die Suche nach einem K\u00e4ufer mit der Ver\u00f6ffentlichung der Anzeige in unserem Portal<\/li>\n<li>Falls n\u00f6tig, wird Ihre Anzeige auf der beliebtesten Plattform in der Schweiz ver\u00f6ffentlicht<\/li>\n<li>Verwaltung von Anrufen und E-Mails von K\u00e4ufern<\/li>\n<li>Die Verfassung und die Voranalyse der Zahlungsf\u00e4higkeit des Dossiers f\u00fcr die Leasing\u00fcbernahme<\/li>\n<li>Betreuung der Dossiers bis zur Uebergabe Ihres Vertrages<\/li>\n<\/ul>\n<p>Sie werden sicher von einem engagierten Team begleitet, um zu den besten Konditionen aus Ihrem Autoleasingvertrag auszusteigen. Sie entscheiden sich f\u00fcr eine optimale und operative Verwaltung Ihrer Leasing\u00fcbergabe.<\/p>\n<p>Wenn Sie ein K\u00e4ufer sind und Informationen dar\u00fcber w\u00fcnschen, wie man einen Mietvertrag \u00fcbernimmt und wie das Verfahren abl\u00e4uft, kontaktieren Sie uns bitte!<\/p>\n<p><strong>Wie viel kostet es?<\/strong><\/p>\n<p>Leistungsabh\u00e4ngige Verrechnung, Sie zahlen nur, wenn f\u00fcr Ihren Leasingvertrag ein K\u00e4ufer gefunden wird.<\/p>\n<p>Geb\u00fchren werden in SUS<u> <strong>erst nach dem Verkauf Ihres geleasten Gebrauchtwagens<\/strong><\/u><strong> erhoben. Unsere Tarife richten sich nach Ihrer Monatsmiete, die in Ihrem Leasingvertrag angegeben ist.<\/strong><\/p>\n<p>Im Rahmen der ihr \u00fcbertragenen Beauftragung wird LeaseTransfer von den festgelegten Honoraren beg\u00fcnstigt :<\/p>\n<ul>\n<li>490.- chf inklusive aller Steuern \/ Monatsmiete von weniger als 499.- chf.<\/li>\n<li>690.- chf inklusive aller Steuern \/ Monatsmiete zwischen 499.- und 749.- chf.<\/li>\n<li>990.- chf inklusive aller Steuern \/ Monatsmiete zwischen 749.- und 999.- chf.<\/li>\n<li>1390.- chf inklusive aller Steuern \/ Monatsmiete von mehr als 999.- chf.<\/li>\n<\/ul>\n<p>Diese Geb\u00fchren sind vom Auftraggeber erst nach \u00dcberpr\u00fcfung der \u00dcbergabe des Vertrages durch die Finanzgesellschaft zu zahlen. F\u00fcr den Fall, dass der Leasingvertrag keinen K\u00e4ufer gefunden hat, wird keine Geb\u00fchr erhoben.<\/p>\n<p>Das Abonnement des Premium Pakets und die Anmeldegeb\u00fchren sind obligatorisch, um von dem 100% begleiteten Paket profitieren zu k\u00f6nnen.<\/p>\n<p>Haben Sie Fragen? <a href=\"\/de\/nous-contacter\/\">Z\u00f6gern Sie nicht, uns zu kontaktieren, unser Team beantwortet gerne Ihre Anliegen.<\/a><\/p>\n","protected":false},"excerpt":{"rendered":"<p>Die 100% begleitete Formel erm\u00f6glicht es Ihnen, Ihren Autoleasingvertrag zu \u00fcbertragen, indem Sie die Abl\u00e4ufe im Zusammenhang mit Ihrer Anzeige delegieren. So k\u00f6nnen Sie Ihren Leasingvertrag problemlos aufl\u00f6sen! Profitieren Sie von diesem individuellen Service, um Sie bei Ihrer Suche zu unterst\u00fctzen! Die Formel beinhaltet : Die \u00dcberpr\u00fcfung Ihrer Anzeige und ihre Korrektur Die Suche nach&hellip;<\/p>\n","protected":false},"author":44,"featured_media":0,"parent":0,"menu_order":0,"comment_status":"closed","ping_status":"closed","template":"","meta":{"_acf_changed":false,"_monsterinsights_skip_tracking":false,"_monsterinsights_sitenote_active":false,"_monsterinsights_sitenote_note":"","_monsterinsights_sitenote_category":0,"footnotes":""},"class_list":["post-2992","page","type-page","status-publish","hentry"],"acf":[],"yoast_head":"<!-- This site is optimized with the Yoast SEO plugin v23.7 - https:\/\/yoast.com\/wordpress\/plugins\/seo\/ -->\n<title>100% begleitete Formel<\/title>\n<meta name=\"description\" content=\"Die 100% begleitete Formel erm\u00f6glicht es Ihnen, Ihren Autoleasingvertrag zu \u00fcbertragen, indem Sie die Abl\u00e4ufe im Zusammenhang mit Ihrer Anzeige\" \/>\n<meta name=\"robots\" content=\"index, follow, max-snippet:-1, max-image-preview:large, max-video-preview:-1\" \/>\n<link rel=\"canonical\" href=\"https:\/\/leasetransfer.ch\/de\/100-begleitete-formel\/\" \/>\n<meta property=\"og:locale\" content=\"de_DE\" \/>\n<meta property=\"og:type\" content=\"article\" \/>\n<meta property=\"og:title\" content=\"100% begleitete Formel\" \/>\n<meta property=\"og:description\" content=\"Die 100% begleitete Formel erm\u00f6glicht es Ihnen, Ihren Autoleasingvertrag zu \u00fcbertragen, indem Sie die Abl\u00e4ufe im Zusammenhang mit Ihrer Anzeige\" \/>\n<meta property=\"og:url\" content=\"https:\/\/leasetransfer.ch\/de\/100-begleitete-formel\/\" \/>\n<meta property=\"og:site_name\" content=\"LeaseTransfer\" \/>\n<meta property=\"article:modified_time\" content=\"2025-02-24T10:56:08+00:00\" \/>\n<meta name=\"twitter:card\" content=\"summary_large_image\" \/>\n<meta name=\"twitter:label1\" content=\"Gesch\u00e4tzte Lesezeit\" \/>\n\t<meta name=\"twitter:data1\" content=\"2 Minuten\" \/>\n<script type=\"application\/ld+json\" class=\"yoast-schema-graph\">{\"@context\":\"https:\/\/schema.org\",\"@graph\":[{\"@type\":\"WebPage\",\"@id\":\"https:\/\/leasetransfer.ch\/de\/100-begleitete-formel\/\",\"url\":\"https:\/\/leasetransfer.ch\/de\/100-begleitete-formel\/\",\"name\":\"100% begleitete Formel\",\"isPartOf\":{\"@id\":\"https:\/\/leasetransfer.ch\/#website\"},\"datePublished\":\"2018-10-14T08:48:30+00:00\",\"dateModified\":\"2025-02-24T10:56:08+00:00\",\"description\":\"Die 100% begleitete Formel erm\u00f6glicht es Ihnen, Ihren Autoleasingvertrag zu \u00fcbertragen, indem Sie die Abl\u00e4ufe im Zusammenhang mit Ihrer Anzeige\",\"breadcrumb\":{\"@id\":\"https:\/\/leasetransfer.ch\/de\/100-begleitete-formel\/#breadcrumb\"},\"inLanguage\":\"de-DE\",\"potentialAction\":[{\"@type\":\"ReadAction\",\"target\":[\"https:\/\/leasetransfer.ch\/de\/100-begleitete-formel\/\"]}]},{\"@type\":\"BreadcrumbList\",\"@id\":\"https:\/\/leasetransfer.ch\/de\/100-begleitete-formel\/#breadcrumb\",\"itemListElement\":[{\"@type\":\"ListItem\",\"position\":1,\"name\":\"Accueil\",\"item\":\"https:\/\/leasetransfer.ch\/de\/\"},{\"@type\":\"ListItem\",\"position\":2,\"name\":\"100% begleitete Formel\"}]},{\"@type\":\"WebSite\",\"@id\":\"https:\/\/leasetransfer.ch\/#website\",\"url\":\"https:\/\/leasetransfer.ch\/\",\"name\":\"LeaseTransfer\",\"description\":\"Transfert et rachat de leasing auto en Suisse\",\"potentialAction\":[{\"@type\":\"SearchAction\",\"target\":{\"@type\":\"EntryPoint\",\"urlTemplate\":\"https:\/\/leasetransfer.ch\/?s={search_term_string}\"},\"query-input\":{\"@type\":\"PropertyValueSpecification\",\"valueRequired\":true,\"valueName\":\"search_term_string\"}}],\"inLanguage\":\"de-DE\"}]}<\/script>\n<!-- \/ Yoast SEO plugin. -->","yoast_head_json":{"title":"100% begleitete Formel","description":"Die 100% begleitete Formel erm\u00f6glicht es Ihnen, Ihren Autoleasingvertrag zu \u00fcbertragen, indem Sie die Abl\u00e4ufe im Zusammenhang mit Ihrer Anzeige","robots":{"index":"index","follow":"follow","max-snippet":"max-snippet:-1","max-image-preview":"max-image-preview:large","max-video-preview":"max-video-preview:-1"},"canonical":"https:\/\/leasetransfer.ch\/de\/100-begleitete-formel\/","og_locale":"de_DE","og_type":"article","og_title":"100% begleitete Formel","og_description":"Die 100% begleitete Formel erm\u00f6glicht es Ihnen, Ihren Autoleasingvertrag zu \u00fcbertragen, indem Sie die Abl\u00e4ufe im Zusammenhang mit Ihrer Anzeige","og_url":"https:\/\/leasetransfer.ch\/de\/100-begleitete-formel\/","og_site_name":"LeaseTransfer","article_modified_time":"2025-02-24T10:56:08+00:00","twitter_card":"summary_large_image","twitter_misc":{"Gesch\u00e4tzte Lesezeit":"2 Minuten"},"schema":{"@context":"https:\/\/schema.org","@graph":[{"@type":"WebPage","@id":"https:\/\/leasetransfer.ch\/de\/100-begleitete-formel\/","url":"https:\/\/leasetransfer.ch\/de\/100-begleitete-formel\/","name":"100% begleitete Formel","isPartOf":{"@id":"https:\/\/leasetransfer.ch\/#website"},"datePublished":"2018-10-14T08:48:30+00:00","dateModified":"2025-02-24T10:56:08+00:00","description":"Die 100% begleitete Formel erm\u00f6glicht es Ihnen, Ihren Autoleasingvertrag zu \u00fcbertragen, indem Sie die Abl\u00e4ufe im Zusammenhang mit Ihrer Anzeige","breadcrumb":{"@id":"https:\/\/leasetransfer.ch\/de\/100-begleitete-formel\/#breadcrumb"},"inLanguage":"de-DE","potentialAction":[{"@type":"ReadAction","target":["https:\/\/leasetransfer.ch\/de\/100-begleitete-formel\/"]}]},{"@type":"BreadcrumbList","@id":"https:\/\/leasetransfer.ch\/de\/100-begleitete-formel\/#breadcrumb","itemListElement":[{"@type":"ListItem","position":1,"name":"Accueil","item":"https:\/\/leasetransfer.ch\/de\/"},{"@type":"ListItem","position":2,"name":"100% begleitete Formel"}]},{"@type":"WebSite","@id":"https:\/\/leasetransfer.ch\/#website","url":"https:\/\/leasetransfer.ch\/","name":"LeaseTransfer","description":"Transfert et rachat de leasing auto en Suisse","potentialAction":[{"@type":"SearchAction","target":{"@type":"EntryPoint","urlTemplate":"https:\/\/leasetransfer.ch\/?s={search_term_string}"},"query-input":{"@type":"PropertyValueSpecification","valueRequired":true,"valueName":"search_term_string"}}],"inLanguage":"de-DE"}]}},"_links":{"self":[{"href":"https:\/\/leasetransfer.ch\/de\/wp-json\/wp\/v2\/pages\/2992"}],"collection":[{"href":"https:\/\/leasetransfer.ch\/de\/wp-json\/wp\/v2\/pages"}],"about":[{"href":"https:\/\/leasetransfer.ch\/de\/wp-json\/wp\/v2\/types\/page"}],"author":[{"embeddable":true,"href":"https:\/\/leasetransfer.ch\/de\/wp-json\/wp\/v2\/users\/44"}],"replies":[{"embeddable":true,"href":"https:\/\/leasetransfer.ch\/de\/wp-json\/wp\/v2\/comments?post=2992"}],"version-history":[{"count":4,"href":"https:\/\/leasetransfer.ch\/de\/wp-json\/wp\/v2\/pages\/2992\/revisions"}],"predecessor-version":[{"id":7998,"href":"https:\/\/leasetransfer.ch\/de\/wp-json\/wp\/v2\/pages\/2992\/revisions\/7998"}],"wp:attachment":[{"href":"https:\/\/leasetransfer.ch\/de\/wp-json\/wp\/v2\/media?parent=2992"}],"curies":[{"name":"wp","href":"https:\/\/api.w.org\/{rel}","templated":true}]}}