{"id":1023,"date":"2016-11-17T16:44:04","date_gmt":"2016-11-17T15:44:04","guid":{"rendered":"https:\/\/leasetransfer.ch\/it\/?page_id=1023"},"modified":"2023-10-02T15:22:29","modified_gmt":"2023-10-02T13:22:29","slug":"annunci-per-i-professionisti-dellautomobile","status":"publish","type":"page","link":"https:\/\/leasetransfer.ch\/it\/annunci-per-i-professionisti-dellautomobile\/","title":{"rendered":"Annunci per i professionisti dell\u2019automobile"},"content":{"rendered":"<p>L\u2019area pro LeaseTransfer d\u00e0 la possibilit\u00e0 ai professionisti dell\u2019automobile :<\/p>\n<ul>\n<li><strong>Autofficine, concessionari<\/strong><\/li>\n<li><strong>Societ\u00e0 di abbonamento auto<\/strong><\/li>\n<li><strong>Societ\u00e0 di noleggio auto medio e lungo<\/strong><\/li>\n<\/ul>\n<p>di proporre i suoi veicoli (<strong>autovetture, veicoli industriali<\/strong>) ai nostri utenti. In tal modo <strong>Lei beneficer\u00e0 di un canale di distribuzione innovatore e unico che rende possibile una forte fidelizzazione clientela ed un miglioramento del tasso di rotazione dei Suoi veicoli nuovi o usati.<\/strong><\/p>\n<p><strong>Piano SU MISURA e SENZA ABBONAMENTO disponibile a partire da 3 posti\u00a0:<\/strong><\/p>\n<ul>\n<li style=\"list-style-type: none;\">\n<ul>\n<li>Valido 6 mese per il pack <strong>PRO BOOSTER<\/strong> e per il pack <strong>PRO PREMIUM<\/strong>. Si sceglie il numero preciso dei posti desiderati. Lei potr\u00e0 cancellare e reinserire nuovi annunci in modo illimitato, per tutto il periodo di validit\u00e0 del pack che Lei abbia scelto. Il periodo della validit\u00e0 del pack sottoscritto decorre dalla pubblicazione del primo annuncio.<\/li>\n<\/ul>\n<\/li>\n<\/ul>\n<ul>\n<li style=\"list-style-type: none;\">\n<ul>\n<li><strong>Esempio\u00a0<\/strong>: Lei sceglie il pack <strong>PRO PREMIUM<\/strong> per 10 posti. Il primo annuncio viene inserito il 1\u00b0 gennaio \u2013 il Suo pack sar\u00e0 quindi valido fino al 30 giugno. Durante questi 6 mese, Lei potr\u00e0 inserire gli altri 9 annunci rimasti, cosi come potr\u00e0 cancellare e reinserire nuovi annunci nel rispetto del limite di 10 veicoli online simultaneamente.<\/li>\n<\/ul>\n<\/li>\n<\/ul>\n<p><strong>Il nostro piano SU MISURA e SENZA ABBONAMENTO rende possibile l\u2019aggiustamento dei Suoi annunci conformemente ai periodi ed agli arrivi. <\/strong>Di pi\u00f9, il piano permette una visibilit\u00e0 a breve termine sulla redditivit\u00e0 dei costi di pubblicazione. <a href=\"https:\/\/leasetransfer.ch\/it\/creation-annonce-pro\/\">Per conoscere le tariffe di inserzione, veda la tabella dei prezzi.<\/a><\/p>\n<p><strong>Ogni piano comprende una pagina dedicata alla Sua autofficina virtuale con tutti i Suoi annunci online ed un collegamento (link) al Suo sito web.<\/strong><\/p>\n<p>Una lista d\u2019opzioni \u00e8 disponibile ed addattabile ad ogni annuncio online per evidenziare le Sue offerte.<\/p>\n<p><strong>Con LeaseTransfer potete aumentare la vostra visibilit\u00e0 e ridurre i costi di pubblicazione scegliendo il numero esatto di posti che desiderate !<\/strong><\/p>\n","protected":false},"excerpt":{"rendered":"<p>L\u2019area pro LeaseTransfer d\u00e0 la possibilit\u00e0 ai professionisti dell\u2019automobile : Autofficine, concessionari Societ\u00e0 di abbonamento auto Societ\u00e0 di noleggio auto medio e lungo di proporre i suoi veicoli (autovetture, veicoli industriali) ai nostri utenti. In tal modo Lei beneficer\u00e0 di un canale di distribuzione innovatore e unico che rende possibile una forte fidelizzazione clientela ed&hellip;<\/p>\n","protected":false},"author":44,"featured_media":0,"parent":0,"menu_order":107,"comment_status":"closed","ping_status":"closed","template":"","meta":{"_acf_changed":false,"_monsterinsights_skip_tracking":false,"_monsterinsights_sitenote_active":false,"_monsterinsights_sitenote_note":"","_monsterinsights_sitenote_category":0,"footnotes":""},"class_list":["post-1023","page","type-page","status-publish","hentry"],"acf":[],"yoast_head":"<!-- This site is optimized with the Yoast SEO plugin v23.7 - https:\/\/yoast.com\/wordpress\/plugins\/seo\/ -->\n<title>Annunci per i professionisti dell\u2019automobile<\/title>\n<meta name=\"description\" content=\"L\u2019area pro LeaseTransfer d\u00e0 la possibilit\u00e0 ai professionisti dell\u2019automobile : Autofficine, concessionari Societ\u00e0 di abbonamento auto Societ\u00e0 di noleggio\" \/>\n<meta name=\"robots\" content=\"index, follow, max-snippet:-1, max-image-preview:large, max-video-preview:-1\" \/>\n<link rel=\"canonical\" href=\"https:\/\/leasetransfer.ch\/it\/annunci-per-i-professionisti-dellautomobile\/\" \/>\n<meta property=\"og:locale\" content=\"it_IT\" \/>\n<meta property=\"og:type\" content=\"article\" \/>\n<meta property=\"og:title\" content=\"Annunci per i professionisti dell\u2019automobile\" \/>\n<meta property=\"og:description\" content=\"L\u2019area pro LeaseTransfer d\u00e0 la possibilit\u00e0 ai professionisti dell\u2019automobile : Autofficine, concessionari Societ\u00e0 di abbonamento auto Societ\u00e0 di noleggio\" \/>\n<meta property=\"og:url\" content=\"https:\/\/leasetransfer.ch\/it\/annunci-per-i-professionisti-dellautomobile\/\" \/>\n<meta property=\"og:site_name\" content=\"LeaseTransfer\" \/>\n<meta property=\"article:modified_time\" content=\"2023-10-02T13:22:29+00:00\" \/>\n<meta name=\"twitter:card\" content=\"summary_large_image\" \/>\n<meta name=\"twitter:label1\" content=\"Tempo di lettura stimato\" \/>\n\t<meta name=\"twitter:data1\" content=\"2 minuti\" \/>\n<script type=\"application\/ld+json\" class=\"yoast-schema-graph\">{\"@context\":\"https:\/\/schema.org\",\"@graph\":[{\"@type\":\"WebPage\",\"@id\":\"https:\/\/leasetransfer.ch\/it\/annunci-per-i-professionisti-dellautomobile\/\",\"url\":\"https:\/\/leasetransfer.ch\/it\/annunci-per-i-professionisti-dellautomobile\/\",\"name\":\"Annunci per i professionisti dell\u2019automobile\",\"isPartOf\":{\"@id\":\"https:\/\/leasetransfer.ch\/#website\"},\"datePublished\":\"2016-11-17T15:44:04+00:00\",\"dateModified\":\"2023-10-02T13:22:29+00:00\",\"description\":\"L\u2019area pro LeaseTransfer d\u00e0 la possibilit\u00e0 ai professionisti dell\u2019automobile : Autofficine, concessionari Societ\u00e0 di abbonamento auto Societ\u00e0 di noleggio\",\"breadcrumb\":{\"@id\":\"https:\/\/leasetransfer.ch\/it\/annunci-per-i-professionisti-dellautomobile\/#breadcrumb\"},\"inLanguage\":\"it-IT\",\"potentialAction\":[{\"@type\":\"ReadAction\",\"target\":[\"https:\/\/leasetransfer.ch\/it\/annunci-per-i-professionisti-dellautomobile\/\"]}]},{\"@type\":\"BreadcrumbList\",\"@id\":\"https:\/\/leasetransfer.ch\/it\/annunci-per-i-professionisti-dellautomobile\/#breadcrumb\",\"itemListElement\":[{\"@type\":\"ListItem\",\"position\":1,\"name\":\"Accueil\",\"item\":\"https:\/\/leasetransfer.ch\/it\/\"},{\"@type\":\"ListItem\",\"position\":2,\"name\":\"Annunci per i professionisti dell\u2019automobile\"}]},{\"@type\":\"WebSite\",\"@id\":\"https:\/\/leasetransfer.ch\/#website\",\"url\":\"https:\/\/leasetransfer.ch\/\",\"name\":\"LeaseTransfer\",\"description\":\"Transfert et rachat de leasing auto en Suisse\",\"potentialAction\":[{\"@type\":\"SearchAction\",\"target\":{\"@type\":\"EntryPoint\",\"urlTemplate\":\"https:\/\/leasetransfer.ch\/?s={search_term_string}\"},\"query-input\":{\"@type\":\"PropertyValueSpecification\",\"valueRequired\":true,\"valueName\":\"search_term_string\"}}],\"inLanguage\":\"it-IT\"}]}<\/script>\n<!-- \/ Yoast SEO plugin. -->","yoast_head_json":{"title":"Annunci per i professionisti dell\u2019automobile","description":"L\u2019area pro LeaseTransfer d\u00e0 la possibilit\u00e0 ai professionisti dell\u2019automobile : Autofficine, concessionari Societ\u00e0 di abbonamento auto Societ\u00e0 di noleggio","robots":{"index":"index","follow":"follow","max-snippet":"max-snippet:-1","max-image-preview":"max-image-preview:large","max-video-preview":"max-video-preview:-1"},"canonical":"https:\/\/leasetransfer.ch\/it\/annunci-per-i-professionisti-dellautomobile\/","og_locale":"it_IT","og_type":"article","og_title":"Annunci per i professionisti dell\u2019automobile","og_description":"L\u2019area pro LeaseTransfer d\u00e0 la possibilit\u00e0 ai professionisti dell\u2019automobile : Autofficine, concessionari Societ\u00e0 di abbonamento auto Societ\u00e0 di noleggio","og_url":"https:\/\/leasetransfer.ch\/it\/annunci-per-i-professionisti-dellautomobile\/","og_site_name":"LeaseTransfer","article_modified_time":"2023-10-02T13:22:29+00:00","twitter_card":"summary_large_image","twitter_misc":{"Tempo di lettura stimato":"2 minuti"},"schema":{"@context":"https:\/\/schema.org","@graph":[{"@type":"WebPage","@id":"https:\/\/leasetransfer.ch\/it\/annunci-per-i-professionisti-dellautomobile\/","url":"https:\/\/leasetransfer.ch\/it\/annunci-per-i-professionisti-dellautomobile\/","name":"Annunci per i professionisti dell\u2019automobile","isPartOf":{"@id":"https:\/\/leasetransfer.ch\/#website"},"datePublished":"2016-11-17T15:44:04+00:00","dateModified":"2023-10-02T13:22:29+00:00","description":"L\u2019area pro LeaseTransfer d\u00e0 la possibilit\u00e0 ai professionisti dell\u2019automobile : Autofficine, concessionari Societ\u00e0 di abbonamento auto Societ\u00e0 di noleggio","breadcrumb":{"@id":"https:\/\/leasetransfer.ch\/it\/annunci-per-i-professionisti-dellautomobile\/#breadcrumb"},"inLanguage":"it-IT","potentialAction":[{"@type":"ReadAction","target":["https:\/\/leasetransfer.ch\/it\/annunci-per-i-professionisti-dellautomobile\/"]}]},{"@type":"BreadcrumbList","@id":"https:\/\/leasetransfer.ch\/it\/annunci-per-i-professionisti-dellautomobile\/#breadcrumb","itemListElement":[{"@type":"ListItem","position":1,"name":"Accueil","item":"https:\/\/leasetransfer.ch\/it\/"},{"@type":"ListItem","position":2,"name":"Annunci per i professionisti dell\u2019automobile"}]},{"@type":"WebSite","@id":"https:\/\/leasetransfer.ch\/#website","url":"https:\/\/leasetransfer.ch\/","name":"LeaseTransfer","description":"Transfert et rachat de leasing auto en Suisse","potentialAction":[{"@type":"SearchAction","target":{"@type":"EntryPoint","urlTemplate":"https:\/\/leasetransfer.ch\/?s={search_term_string}"},"query-input":{"@type":"PropertyValueSpecification","valueRequired":true,"valueName":"search_term_string"}}],"inLanguage":"it-IT"}]}},"_links":{"self":[{"href":"https:\/\/leasetransfer.ch\/it\/wp-json\/wp\/v2\/pages\/1023"}],"collection":[{"href":"https:\/\/leasetransfer.ch\/it\/wp-json\/wp\/v2\/pages"}],"about":[{"href":"https:\/\/leasetransfer.ch\/it\/wp-json\/wp\/v2\/types\/page"}],"author":[{"embeddable":true,"href":"https:\/\/leasetransfer.ch\/it\/wp-json\/wp\/v2\/users\/44"}],"replies":[{"embeddable":true,"href":"https:\/\/leasetransfer.ch\/it\/wp-json\/wp\/v2\/comments?post=1023"}],"version-history":[{"count":0,"href":"https:\/\/leasetransfer.ch\/it\/wp-json\/wp\/v2\/pages\/1023\/revisions"}],"wp:attachment":[{"href":"https:\/\/leasetransfer.ch\/it\/wp-json\/wp\/v2\/media?parent=1023"}],"curies":[{"name":"wp","href":"https:\/\/api.w.org\/{rel}","templated":true}]}}