{"id":1028,"date":"2016-11-17T16:54:10","date_gmt":"2016-11-17T15:54:10","guid":{"rendered":"https:\/\/leasetransfer.ch\/it\/?page_id=1028"},"modified":"2024-01-06T22:00:54","modified_gmt":"2024-01-06T21:00:54","slug":"leasing-e-disdetta-anticipata","status":"publish","type":"page","link":"https:\/\/leasetransfer.ch\/it\/leasing-e-disdetta-anticipata\/","title":{"rendered":"Leasing e disdetta anticipata"},"content":{"rendered":"<h2>Cos\u2019\u00e8 un leasing<\/h2>\n<p>In Svizzera, si stima oltre 50% la parte di nuovi veicoli venduti tramite leasing. Esistono tre tipi di leasing:<\/p>\n<ul>\n<li style=\"list-style-type: none;\">\n<ul>\n<li>Il leasing solo noleggio<\/li>\n<\/ul>\n<\/li>\n<\/ul>\n<ul>\n<li style=\"list-style-type: none;\">\n<ul>\n<li>Il leasing con opzione d\u2019acquisto<\/li>\n<\/ul>\n<\/li>\n<\/ul>\n<ul>\n<li style=\"list-style-type: none;\">\n<ul>\n<li>Il leasing-vendita<\/li>\n<\/ul>\n<\/li>\n<\/ul>\n<p><strong>Il leasing solo noleggio<\/strong>\u00a0consiste nel noleggio di un veicolo la cui mensilit\u00e0 (rata) viene calcolata per una durata definita ed un numero di chilometri noto in anticipo. Si tratta di un noleggio di lungo termine. Il veicolo deve essere restituito alla fine del contratto.<\/p>\n<p><strong>Il leasing con opzione d\u2019acquisto<\/strong> si svolge nello stesso modo come il leasing solo noleggio con la differenza che alla scadenza di contratto il cliente pu\u00f2 riscattare il veicolo ad un prezzo predefinito in anticipo (valore residuo). Oltre l\u201980% dei clienti privati sceglie quest\u2019opzione.<\/p>\n<p><strong>Il leasing-vendita <\/strong>si svolge nello stesso modo come un leasing con opzione d\u2019acquisto con la differenza che alla scadenza del contratto Lei diventa proprietario del veicolo senza dover pagare il valore residuo.<\/p>\n<p>Con il leasing solo noleggio, il canone mensile da pagare sar\u00e0 minore, invece il veicolo dovr\u00e0 obbligatoriamente essere restituito alla scandenza del contratto.<\/p>\n<p>Con il leasing con l\u2019opzione d\u2019acquisto, il canone mensile sar\u00e0 maggiore invece Lei diventer\u00e0 il proprietario del veicolo alla scadenza del contratto tramite il pagamento del valore residuo.<\/p>\n<p>Con il leasing-vendita, il canone mensile sar\u00e0 addirittura superiore al precedente, invece Lei diventer\u00e0 automaticamente il proprietario del veicolo senza dover pagare il valore residuo alla scadenza del contratto.<\/p>\n<h2>Cos\u2019\u00e8 il valore residuo\u00a0?<\/h2>\n<p>Il valore residuo stabilisce il valore del veicolo al termine del periodo di noleggio di esso. Valore residuo = prezzo d\u2019acquisto \u2013 importo degli ammortamenti.<\/p>\n<p><strong>Come viene organizzato un leasing\u00a0? <\/strong><\/p>\n<p>Un leasing viene organizzato attraverso tre parti\u00a0:<\/p>\n<ul>\n<li style=\"list-style-type: none;\">\n<ul>\n<li>L\u2019automobilista che vuole noleggiare un veicolo.<\/li>\n<\/ul>\n<\/li>\n<\/ul>\n<ul>\n<li style=\"list-style-type: none;\">\n<ul>\n<li>La banca o l\u2019istituzione finanziaria che acquista il veicolo.<\/li>\n<\/ul>\n<\/li>\n<\/ul>\n<ul>\n<li style=\"list-style-type: none;\">\n<ul>\n<li>Il garagista che vende il veicolo e che lo mette a disposizione.<\/li>\n<\/ul>\n<\/li>\n<\/ul>\n<p>Durante l\u2019integralit\u00e0 del periodo di contratto di leasing, la banca o l\u2019istituzione finanziaria rimane il proprietario del veicolo. Lei \u00e8 il noleggiatore e la banca o l\u2019istituzione finanziaria \u2013 il noleggiante. Le spese legate all\u2019uso del veicolo sono al Suo carico (manutenzione, assicurazione casco&#8230;).<\/p>\n<p><strong>Alla scadenza del contratto\u00a0:<\/strong><\/p>\n<ul>\n<li style=\"list-style-type: none;\">\n<ul>\n<li>Nel caso di un leasing solo noleggio, il veicolo deve essere restituito.<\/li>\n<\/ul>\n<\/li>\n<\/ul>\n<ul>\n<li style=\"list-style-type: none;\">\n<ul>\n<li>Nel caso di un leasing con opzione d\u2019acquisto, Lei puo riscattare il veicolo al garagista al prezzo del valore residuo.<\/li>\n<\/ul>\n<\/li>\n<\/ul>\n<ul>\n<li style=\"list-style-type: none;\">\n<ul>\n<li>Nel caso di un leasing-vendita, Lei diventa il proprietario del veicolo.<\/li>\n<\/ul>\n<\/li>\n<\/ul>\n<h2>La disdetta anticipata del contratto di leasing\u00a0:<\/h2>\n<p>Il canone mensile del Suo contratto di leasing \u00e8 calcolato conformemente alla durata ed al chilometraggio previsto nel momento della sottoscrizione del contratto. Pi\u00f9 la durata del contratto sar\u00e0 breve, pi\u00f9 alto sar\u00e0 il canone mensile.<\/p>\n<p>Nel caso di disdetta anticipata, il canone mensile sar\u00e0 ricalcolato conformemente alla durata effettiva del contratto di leasing. Lei dovr\u00e0 pagare la differenza tra l\u2019ammontare delle mensilit\u00e0 gi\u00e0 pagate e la totalit\u00e0 delle mensilit\u00e0 (canone) di leasing ricalcolate (valore massimo) basandosi su un coefficiente specificato nel Suo contratto. Questo calcolo pu\u00f2 risultare in QUALCHE MIGLIAIO DI FRANCHI\u00a0!<\/p>\n<p>Nella maggior parte dei casi, vi saranno richieste anche le indennit\u00e0 chilometriche da pagare.<\/p>\n<p>Facendo la cessione del contratto di leasing, Lei non dovr\u00e0 pagare le suddette indennit\u00e0 vincolanti e talvolta abusive.<\/p>\n<p><strong><em>LeaseTransfer propone una soluzione semplice ed efficace per separarsi dal\u00a0 Suo contratto di leasing ai costi minimi\u00a0!<\/em><\/strong><\/p>\n<p>Automobile in leasing\u00a0: pu\u00f2 rivelarsi costoso\u00a0! Vedi i programmi RTS :<\/p>\n<p><a href=\"https:\/\/www.rts.ch\/play\/tv\/a-bon-entendeur\/video\/voiture-en-leasing-ca-peut-vous-couter-cher?urn=urn:rts:video:4578998\">Programma 1<\/a><\/p>\n<p><a href=\"https:\/\/www.rts.ch\/play\/tv\/a-bon-entendeur\/video\/les-pieges-du-leasing?urn=urn:rts:video:11891731\">Programma 2<\/a><\/p>\n<p><a href=\"https:\/\/www.rts.ch\/play\/tv\/a-bon-entendeur\/video\/vehicule-en-leasing--un-accident-et-un-remboursement-complique?urn=urn:rts:video:14433805\">Programma 3<\/a><\/p>\n<p>Altri articoli sul modo migliore per rompere un contratto di leasing sul nostro <a href=\"https:\/\/leasetransfer.ch\/it\/blog\/?\">blog<\/a><\/p>\n","protected":false},"excerpt":{"rendered":"<p>Cos\u2019\u00e8 un leasing In Svizzera, si stima oltre 50% la parte di nuovi veicoli venduti tramite leasing. Esistono tre tipi di leasing: Il leasing solo noleggio Il leasing con opzione d\u2019acquisto Il leasing-vendita Il leasing solo noleggio\u00a0consiste nel noleggio di un veicolo la cui mensilit\u00e0 (rata) viene calcolata per una durata definita ed un numero&hellip;<\/p>\n","protected":false},"author":44,"featured_media":0,"parent":0,"menu_order":77,"comment_status":"closed","ping_status":"closed","template":"","meta":{"_acf_changed":false,"_monsterinsights_skip_tracking":false,"_monsterinsights_sitenote_active":false,"_monsterinsights_sitenote_note":"","_monsterinsights_sitenote_category":0,"footnotes":""},"class_list":["post-1028","page","type-page","status-publish","hentry"],"acf":[],"yoast_head":"<!-- This site is optimized with the Yoast SEO plugin v23.7 - https:\/\/yoast.com\/wordpress\/plugins\/seo\/ -->\n<title>Leasing e disdetta anticipata<\/title>\n<meta name=\"description\" content=\"Cos\u2019\u00e8 un leasing In Svizzera, si stima oltre 50% la parte di nuovi veicoli venduti tramite leasing. Esistono tre tipi di leasing: Il leasing solo noleggio\" \/>\n<meta name=\"robots\" content=\"index, follow, max-snippet:-1, max-image-preview:large, max-video-preview:-1\" \/>\n<link rel=\"canonical\" href=\"https:\/\/leasetransfer.ch\/it\/leasing-e-disdetta-anticipata\/\" \/>\n<meta property=\"og:locale\" content=\"it_IT\" \/>\n<meta property=\"og:type\" content=\"article\" \/>\n<meta property=\"og:title\" content=\"Leasing e disdetta anticipata\" \/>\n<meta property=\"og:description\" content=\"Cos\u2019\u00e8 un leasing In Svizzera, si stima oltre 50% la parte di nuovi veicoli venduti tramite leasing. Esistono tre tipi di leasing: Il leasing solo noleggio\" \/>\n<meta property=\"og:url\" content=\"https:\/\/leasetransfer.ch\/it\/leasing-e-disdetta-anticipata\/\" \/>\n<meta property=\"og:site_name\" content=\"LeaseTransfer\" \/>\n<meta property=\"article:modified_time\" content=\"2024-01-06T21:00:54+00:00\" \/>\n<meta name=\"twitter:card\" content=\"summary_large_image\" \/>\n<meta name=\"twitter:label1\" content=\"Tempo di lettura stimato\" \/>\n\t<meta name=\"twitter:data1\" content=\"3 minuti\" \/>\n<script type=\"application\/ld+json\" class=\"yoast-schema-graph\">{\"@context\":\"https:\/\/schema.org\",\"@graph\":[{\"@type\":\"WebPage\",\"@id\":\"https:\/\/leasetransfer.ch\/it\/leasing-e-disdetta-anticipata\/\",\"url\":\"https:\/\/leasetransfer.ch\/it\/leasing-e-disdetta-anticipata\/\",\"name\":\"Leasing e disdetta anticipata\",\"isPartOf\":{\"@id\":\"https:\/\/leasetransfer.ch\/#website\"},\"datePublished\":\"2016-11-17T15:54:10+00:00\",\"dateModified\":\"2024-01-06T21:00:54+00:00\",\"description\":\"Cos\u2019\u00e8 un leasing In Svizzera, si stima oltre 50% la parte di nuovi veicoli venduti tramite leasing. Esistono tre tipi di leasing: Il leasing solo noleggio\",\"breadcrumb\":{\"@id\":\"https:\/\/leasetransfer.ch\/it\/leasing-e-disdetta-anticipata\/#breadcrumb\"},\"inLanguage\":\"it-IT\",\"potentialAction\":[{\"@type\":\"ReadAction\",\"target\":[\"https:\/\/leasetransfer.ch\/it\/leasing-e-disdetta-anticipata\/\"]}]},{\"@type\":\"BreadcrumbList\",\"@id\":\"https:\/\/leasetransfer.ch\/it\/leasing-e-disdetta-anticipata\/#breadcrumb\",\"itemListElement\":[{\"@type\":\"ListItem\",\"position\":1,\"name\":\"Accueil\",\"item\":\"https:\/\/leasetransfer.ch\/it\/\"},{\"@type\":\"ListItem\",\"position\":2,\"name\":\"Leasing e disdetta anticipata\"}]},{\"@type\":\"WebSite\",\"@id\":\"https:\/\/leasetransfer.ch\/#website\",\"url\":\"https:\/\/leasetransfer.ch\/\",\"name\":\"LeaseTransfer\",\"description\":\"Transfert et rachat de leasing auto en Suisse\",\"potentialAction\":[{\"@type\":\"SearchAction\",\"target\":{\"@type\":\"EntryPoint\",\"urlTemplate\":\"https:\/\/leasetransfer.ch\/?s={search_term_string}\"},\"query-input\":{\"@type\":\"PropertyValueSpecification\",\"valueRequired\":true,\"valueName\":\"search_term_string\"}}],\"inLanguage\":\"it-IT\"}]}<\/script>\n<!-- \/ Yoast SEO plugin. -->","yoast_head_json":{"title":"Leasing e disdetta anticipata","description":"Cos\u2019\u00e8 un leasing In Svizzera, si stima oltre 50% la parte di nuovi veicoli venduti tramite leasing. Esistono tre tipi di leasing: Il leasing solo noleggio","robots":{"index":"index","follow":"follow","max-snippet":"max-snippet:-1","max-image-preview":"max-image-preview:large","max-video-preview":"max-video-preview:-1"},"canonical":"https:\/\/leasetransfer.ch\/it\/leasing-e-disdetta-anticipata\/","og_locale":"it_IT","og_type":"article","og_title":"Leasing e disdetta anticipata","og_description":"Cos\u2019\u00e8 un leasing In Svizzera, si stima oltre 50% la parte di nuovi veicoli venduti tramite leasing. Esistono tre tipi di leasing: Il leasing solo noleggio","og_url":"https:\/\/leasetransfer.ch\/it\/leasing-e-disdetta-anticipata\/","og_site_name":"LeaseTransfer","article_modified_time":"2024-01-06T21:00:54+00:00","twitter_card":"summary_large_image","twitter_misc":{"Tempo di lettura stimato":"3 minuti"},"schema":{"@context":"https:\/\/schema.org","@graph":[{"@type":"WebPage","@id":"https:\/\/leasetransfer.ch\/it\/leasing-e-disdetta-anticipata\/","url":"https:\/\/leasetransfer.ch\/it\/leasing-e-disdetta-anticipata\/","name":"Leasing e disdetta anticipata","isPartOf":{"@id":"https:\/\/leasetransfer.ch\/#website"},"datePublished":"2016-11-17T15:54:10+00:00","dateModified":"2024-01-06T21:00:54+00:00","description":"Cos\u2019\u00e8 un leasing In Svizzera, si stima oltre 50% la parte di nuovi veicoli venduti tramite leasing. Esistono tre tipi di leasing: Il leasing solo noleggio","breadcrumb":{"@id":"https:\/\/leasetransfer.ch\/it\/leasing-e-disdetta-anticipata\/#breadcrumb"},"inLanguage":"it-IT","potentialAction":[{"@type":"ReadAction","target":["https:\/\/leasetransfer.ch\/it\/leasing-e-disdetta-anticipata\/"]}]},{"@type":"BreadcrumbList","@id":"https:\/\/leasetransfer.ch\/it\/leasing-e-disdetta-anticipata\/#breadcrumb","itemListElement":[{"@type":"ListItem","position":1,"name":"Accueil","item":"https:\/\/leasetransfer.ch\/it\/"},{"@type":"ListItem","position":2,"name":"Leasing e disdetta anticipata"}]},{"@type":"WebSite","@id":"https:\/\/leasetransfer.ch\/#website","url":"https:\/\/leasetransfer.ch\/","name":"LeaseTransfer","description":"Transfert et rachat de leasing auto en Suisse","potentialAction":[{"@type":"SearchAction","target":{"@type":"EntryPoint","urlTemplate":"https:\/\/leasetransfer.ch\/?s={search_term_string}"},"query-input":{"@type":"PropertyValueSpecification","valueRequired":true,"valueName":"search_term_string"}}],"inLanguage":"it-IT"}]}},"_links":{"self":[{"href":"https:\/\/leasetransfer.ch\/it\/wp-json\/wp\/v2\/pages\/1028"}],"collection":[{"href":"https:\/\/leasetransfer.ch\/it\/wp-json\/wp\/v2\/pages"}],"about":[{"href":"https:\/\/leasetransfer.ch\/it\/wp-json\/wp\/v2\/types\/page"}],"author":[{"embeddable":true,"href":"https:\/\/leasetransfer.ch\/it\/wp-json\/wp\/v2\/users\/44"}],"replies":[{"embeddable":true,"href":"https:\/\/leasetransfer.ch\/it\/wp-json\/wp\/v2\/comments?post=1028"}],"version-history":[{"count":0,"href":"https:\/\/leasetransfer.ch\/it\/wp-json\/wp\/v2\/pages\/1028\/revisions"}],"wp:attachment":[{"href":"https:\/\/leasetransfer.ch\/it\/wp-json\/wp\/v2\/media?parent=1028"}],"curies":[{"name":"wp","href":"https:\/\/api.w.org\/{rel}","templated":true}]}}