{"id":1030,"date":"2016-11-17T16:56:33","date_gmt":"2016-11-17T15:56:33","guid":{"rendered":"https:\/\/leasetransfer.ch\/it\/?page_id=1030"},"modified":"2017-10-31T09:51:41","modified_gmt":"2017-10-31T08:51:41","slug":"cessione-di-leasing","status":"publish","type":"page","link":"https:\/\/leasetransfer.ch\/it\/cessione-di-leasing\/","title":{"rendered":"La cessione di leasing"},"content":{"rendered":"<h2>Perch\u00e9 cedere il contratto di leasing\u00a0?<\/h2>\n<p>Ci sono parecchi motivi che spingono alla decisione di separarsi dal contratto di leasing automobile\u00a0:<\/p>\n<ul>\n<ul>\n<li>Motivi familiari\u00a0: Nascita, divorzio&#8230;<\/li>\n<\/ul>\n<\/ul>\n<ul>\n<ul>\n<li>Motivi professionali\u00a0: Perdita di posto di lavoro, un veicolo messo a disposizione dal datore di lavoro<\/li>\n<\/ul>\n<\/ul>\n<ul>\n<ul>\n<li>Motivi economici\u00a0: Diminuzione del reddito, fabbisogno di liquidit\u00e0\u2026<\/li>\n<\/ul>\n<\/ul>\n<ul>\n<ul>\n<li>Motivi personali: Partenza all\u2019estero, progetto immobiliare\u2026<\/li>\n<\/ul>\n<\/ul>\n<ul>\n<ul>\n<li>Motivi legali\u00a0: Perdita della patente di guida, condanna\u2026<\/li>\n<\/ul>\n<\/ul>\n<ul>\n<ul>\n<li>E tanti altri motivi\u2026<\/li>\n<\/ul>\n<\/ul>\n<p>La disdetta anticipata del contratto di leasing \u00e8 costosissima, soprattutto all\u2019inizio del contratto.<\/p>\n<p>Ora vi \u00e8 chiaro che <strong>LeaseTransfer \u00e8 LA soluzione pi\u00f9 economica per cedere un contratto di leasing.<\/strong><\/p>\n","protected":false},"excerpt":{"rendered":"<p>Perch\u00e9 cedere il contratto di leasing\u00a0? Ci sono parecchi motivi che spingono alla decisione di separarsi dal contratto di leasing automobile\u00a0: Motivi familiari\u00a0: Nascita, divorzio&#8230; Motivi professionali\u00a0: Perdita di posto di lavoro, un veicolo messo a disposizione dal datore di lavoro Motivi economici\u00a0: Diminuzione del reddito, fabbisogno di liquidit\u00e0\u2026 Motivi personali: Partenza all\u2019estero, progetto immobiliare\u2026&hellip;<\/p>\n","protected":false},"author":44,"featured_media":0,"parent":0,"menu_order":80,"comment_status":"closed","ping_status":"closed","template":"","meta":{"_acf_changed":false,"_monsterinsights_skip_tracking":false,"_monsterinsights_sitenote_active":false,"_monsterinsights_sitenote_note":"","_monsterinsights_sitenote_category":0,"footnotes":""},"class_list":["post-1030","page","type-page","status-publish","hentry"],"acf":[],"yoast_head":"<!-- This site is optimized with the Yoast SEO plugin v23.7 - https:\/\/yoast.com\/wordpress\/plugins\/seo\/ -->\n<title>La cessione di leasing<\/title>\n<meta name=\"description\" content=\"Perch\u00e9 cedere il contratto di leasing\u00a0? Ci sono parecchi motivi che spingono alla decisione di separarsi dal contratto di leasing automobile\u00a0: Motivi\" \/>\n<meta name=\"robots\" content=\"index, follow, max-snippet:-1, max-image-preview:large, max-video-preview:-1\" \/>\n<link rel=\"canonical\" href=\"https:\/\/leasetransfer.ch\/it\/cessione-di-leasing\/\" \/>\n<meta property=\"og:locale\" content=\"it_IT\" \/>\n<meta property=\"og:type\" content=\"article\" \/>\n<meta property=\"og:title\" content=\"La cessione di leasing\" \/>\n<meta property=\"og:description\" content=\"Perch\u00e9 cedere il contratto di leasing\u00a0? Ci sono parecchi motivi che spingono alla decisione di separarsi dal contratto di leasing automobile\u00a0: Motivi\" \/>\n<meta property=\"og:url\" content=\"https:\/\/leasetransfer.ch\/it\/cessione-di-leasing\/\" \/>\n<meta property=\"og:site_name\" content=\"LeaseTransfer\" \/>\n<meta property=\"article:modified_time\" content=\"2017-10-31T08:51:41+00:00\" \/>\n<meta name=\"twitter:card\" content=\"summary_large_image\" \/>\n<script type=\"application\/ld+json\" class=\"yoast-schema-graph\">{\"@context\":\"https:\/\/schema.org\",\"@graph\":[{\"@type\":\"WebPage\",\"@id\":\"https:\/\/leasetransfer.ch\/it\/cessione-di-leasing\/\",\"url\":\"https:\/\/leasetransfer.ch\/it\/cessione-di-leasing\/\",\"name\":\"La cessione di leasing\",\"isPartOf\":{\"@id\":\"https:\/\/leasetransfer.ch\/#website\"},\"datePublished\":\"2016-11-17T15:56:33+00:00\",\"dateModified\":\"2017-10-31T08:51:41+00:00\",\"description\":\"Perch\u00e9 cedere il contratto di leasing\u00a0? Ci sono parecchi motivi che spingono alla decisione di separarsi dal contratto di leasing automobile\u00a0: Motivi\",\"breadcrumb\":{\"@id\":\"https:\/\/leasetransfer.ch\/it\/cessione-di-leasing\/#breadcrumb\"},\"inLanguage\":\"it-IT\",\"potentialAction\":[{\"@type\":\"ReadAction\",\"target\":[\"https:\/\/leasetransfer.ch\/it\/cessione-di-leasing\/\"]}]},{\"@type\":\"BreadcrumbList\",\"@id\":\"https:\/\/leasetransfer.ch\/it\/cessione-di-leasing\/#breadcrumb\",\"itemListElement\":[{\"@type\":\"ListItem\",\"position\":1,\"name\":\"Accueil\",\"item\":\"https:\/\/leasetransfer.ch\/it\/\"},{\"@type\":\"ListItem\",\"position\":2,\"name\":\"La cessione di leasing\"}]},{\"@type\":\"WebSite\",\"@id\":\"https:\/\/leasetransfer.ch\/#website\",\"url\":\"https:\/\/leasetransfer.ch\/\",\"name\":\"LeaseTransfer\",\"description\":\"Transfert et rachat de leasing auto en Suisse\",\"potentialAction\":[{\"@type\":\"SearchAction\",\"target\":{\"@type\":\"EntryPoint\",\"urlTemplate\":\"https:\/\/leasetransfer.ch\/?s={search_term_string}\"},\"query-input\":{\"@type\":\"PropertyValueSpecification\",\"valueRequired\":true,\"valueName\":\"search_term_string\"}}],\"inLanguage\":\"it-IT\"}]}<\/script>\n<!-- \/ Yoast SEO plugin. -->","yoast_head_json":{"title":"La cessione di leasing","description":"Perch\u00e9 cedere il contratto di leasing\u00a0? Ci sono parecchi motivi che spingono alla decisione di separarsi dal contratto di leasing automobile\u00a0: Motivi","robots":{"index":"index","follow":"follow","max-snippet":"max-snippet:-1","max-image-preview":"max-image-preview:large","max-video-preview":"max-video-preview:-1"},"canonical":"https:\/\/leasetransfer.ch\/it\/cessione-di-leasing\/","og_locale":"it_IT","og_type":"article","og_title":"La cessione di leasing","og_description":"Perch\u00e9 cedere il contratto di leasing\u00a0? Ci sono parecchi motivi che spingono alla decisione di separarsi dal contratto di leasing automobile\u00a0: Motivi","og_url":"https:\/\/leasetransfer.ch\/it\/cessione-di-leasing\/","og_site_name":"LeaseTransfer","article_modified_time":"2017-10-31T08:51:41+00:00","twitter_card":"summary_large_image","schema":{"@context":"https:\/\/schema.org","@graph":[{"@type":"WebPage","@id":"https:\/\/leasetransfer.ch\/it\/cessione-di-leasing\/","url":"https:\/\/leasetransfer.ch\/it\/cessione-di-leasing\/","name":"La cessione di leasing","isPartOf":{"@id":"https:\/\/leasetransfer.ch\/#website"},"datePublished":"2016-11-17T15:56:33+00:00","dateModified":"2017-10-31T08:51:41+00:00","description":"Perch\u00e9 cedere il contratto di leasing\u00a0? Ci sono parecchi motivi che spingono alla decisione di separarsi dal contratto di leasing automobile\u00a0: Motivi","breadcrumb":{"@id":"https:\/\/leasetransfer.ch\/it\/cessione-di-leasing\/#breadcrumb"},"inLanguage":"it-IT","potentialAction":[{"@type":"ReadAction","target":["https:\/\/leasetransfer.ch\/it\/cessione-di-leasing\/"]}]},{"@type":"BreadcrumbList","@id":"https:\/\/leasetransfer.ch\/it\/cessione-di-leasing\/#breadcrumb","itemListElement":[{"@type":"ListItem","position":1,"name":"Accueil","item":"https:\/\/leasetransfer.ch\/it\/"},{"@type":"ListItem","position":2,"name":"La cessione di leasing"}]},{"@type":"WebSite","@id":"https:\/\/leasetransfer.ch\/#website","url":"https:\/\/leasetransfer.ch\/","name":"LeaseTransfer","description":"Transfert et rachat de leasing auto en Suisse","potentialAction":[{"@type":"SearchAction","target":{"@type":"EntryPoint","urlTemplate":"https:\/\/leasetransfer.ch\/?s={search_term_string}"},"query-input":{"@type":"PropertyValueSpecification","valueRequired":true,"valueName":"search_term_string"}}],"inLanguage":"it-IT"}]}},"_links":{"self":[{"href":"https:\/\/leasetransfer.ch\/it\/wp-json\/wp\/v2\/pages\/1030"}],"collection":[{"href":"https:\/\/leasetransfer.ch\/it\/wp-json\/wp\/v2\/pages"}],"about":[{"href":"https:\/\/leasetransfer.ch\/it\/wp-json\/wp\/v2\/types\/page"}],"author":[{"embeddable":true,"href":"https:\/\/leasetransfer.ch\/it\/wp-json\/wp\/v2\/users\/44"}],"replies":[{"embeddable":true,"href":"https:\/\/leasetransfer.ch\/it\/wp-json\/wp\/v2\/comments?post=1030"}],"version-history":[{"count":0,"href":"https:\/\/leasetransfer.ch\/it\/wp-json\/wp\/v2\/pages\/1030\/revisions"}],"wp:attachment":[{"href":"https:\/\/leasetransfer.ch\/it\/wp-json\/wp\/v2\/media?parent=1030"}],"curies":[{"name":"wp","href":"https:\/\/api.w.org\/{rel}","templated":true}]}}