{"id":1034,"date":"2016-11-17T16:59:01","date_gmt":"2016-11-17T15:59:01","guid":{"rendered":"https:\/\/leasetransfer.ch\/it\/?page_id=1034"},"modified":"2020-07-22T22:51:54","modified_gmt":"2020-07-22T20:51:54","slug":"i-vantaggi-della-cessione-di-leasing","status":"publish","type":"page","link":"https:\/\/leasetransfer.ch\/it\/i-vantaggi-della-cessione-di-leasing\/","title":{"rendered":"I vantaggi della cessione di leasing"},"content":{"rendered":"<h2>I vantaggi per il cedente del contratto di leasing<\/h2>\n<p>Le condizioni per porre fine al contratto di leasing automobile direttamente presso la societ\u00e0 finanziaria sono molto dissuasive poich\u00e9 onerose. Ora vi \u00e8 chiaro che <strong>LeaseTransfer<\/strong> \u00e8 LA soluzione pi\u00f9 economica per cedere un contratto di leasing.<\/p>\n<p><strong>Cedendo il contratto di leasing\u00a0:<\/strong><\/p>\n<ul>\n<ul>\n<li>Si disimpegna dal contratto.<\/li>\n<\/ul>\n<\/ul>\n<ul>\n<ul>\n<li>Si risparmiano i restanti mesi di canoni dovuti.<\/li>\n<\/ul>\n<\/ul>\n<ul>\n<ul>\n<li>Lei potr\u00e0 scambiare il veicolo prima della scadenza del contratto.<\/li>\n<\/ul>\n<\/ul>\n<ul>\n<ul>\n<li>Lei avr\u00e0 la possibilit\u00e0, in alcuni casi, evitare il perseguimento della societ\u00e0 finanziaria.<\/li>\n<\/ul>\n<\/ul>\n<p>Non aspetti di non poter pi\u00f9 pagare il costo del leasing,\u00a0<strong>con LeaseTransfer Lei trover\u00e0 un acquirente in modo semplice ed economico!<\/strong><\/p>\n<h2>I vantaggi per l\u2019acquirente del contratto di leasing<\/h2>\n<p><strong>Prendendo indietro un contratto di leasing:<\/strong><\/p>\n<ul>\n<ul>\n<li>Lei potr\u00e0 beneficiare di una durata d\u2019impegno meno lunga di quella di un nuovo contratto.<\/li>\n<\/ul>\n<\/ul>\n<ul>\n<ul>\n<li>Lei potr\u00e0 beneficiare del contributo pagato nel momento della sottoscrizione del contratto nonch\u00e9 di parecchie mensilit\u00e0 (canoni) offerte.<\/li>\n<\/ul>\n<\/ul>\n<ul>\n<ul>\n<li>Lei beneficier\u00e0 di un contratto anteriormente negoziato.<\/li>\n<\/ul>\n<\/ul>\n<ul>\n<ul>\n<li>Lei potr\u00e0 acquistare un veicolo e realizzare un buon affare prendendo indietro un contratto la cui scadenza \u00e8 vicina ed il cui valore residuo risulta basso.<\/li>\n<\/ul>\n<\/ul>\n<p><strong>LeaseTransfer \u00e8 una soluzione semplice ed efficace per il riscatto del contratto di leasing in linea con i Suoi bisogni!<\/strong><\/p>\n","protected":false},"excerpt":{"rendered":"<p>I vantaggi per il cedente del contratto di leasing Le condizioni per porre fine al contratto di leasing automobile direttamente presso la societ\u00e0 finanziaria sono molto dissuasive poich\u00e9 onerose. Ora vi \u00e8 chiaro che LeaseTransfer \u00e8 LA soluzione pi\u00f9 economica per cedere un contratto di leasing. Cedendo il contratto di leasing\u00a0: Si disimpegna dal contratto.&hellip;<\/p>\n","protected":false},"author":44,"featured_media":0,"parent":0,"menu_order":88,"comment_status":"closed","ping_status":"closed","template":"","meta":{"_acf_changed":false,"_monsterinsights_skip_tracking":false,"_monsterinsights_sitenote_active":false,"_monsterinsights_sitenote_note":"","_monsterinsights_sitenote_category":0,"footnotes":""},"class_list":["post-1034","page","type-page","status-publish","hentry"],"acf":[],"yoast_head":"<!-- This site is optimized with the Yoast SEO plugin v23.7 - https:\/\/yoast.com\/wordpress\/plugins\/seo\/ -->\n<title>I vantaggi della cessione di leasing<\/title>\n<meta name=\"description\" content=\"I vantaggi per il cedente del contratto di leasing Le condizioni per porre fine al contratto di leasing automobile direttamente presso la societ\u00e0\" \/>\n<meta name=\"robots\" content=\"index, follow, max-snippet:-1, max-image-preview:large, max-video-preview:-1\" \/>\n<link rel=\"canonical\" href=\"https:\/\/leasetransfer.ch\/it\/i-vantaggi-della-cessione-di-leasing\/\" \/>\n<meta property=\"og:locale\" content=\"it_IT\" \/>\n<meta property=\"og:type\" content=\"article\" \/>\n<meta property=\"og:title\" content=\"I vantaggi della cessione di leasing\" \/>\n<meta property=\"og:description\" content=\"I vantaggi per il cedente del contratto di leasing Le condizioni per porre fine al contratto di leasing automobile direttamente presso la societ\u00e0\" \/>\n<meta property=\"og:url\" content=\"https:\/\/leasetransfer.ch\/it\/i-vantaggi-della-cessione-di-leasing\/\" \/>\n<meta property=\"og:site_name\" content=\"LeaseTransfer\" \/>\n<meta property=\"article:modified_time\" content=\"2020-07-22T20:51:54+00:00\" \/>\n<meta name=\"twitter:card\" content=\"summary_large_image\" \/>\n<meta name=\"twitter:label1\" content=\"Tempo di lettura stimato\" \/>\n\t<meta name=\"twitter:data1\" content=\"1 minuto\" \/>\n<script type=\"application\/ld+json\" class=\"yoast-schema-graph\">{\"@context\":\"https:\/\/schema.org\",\"@graph\":[{\"@type\":\"WebPage\",\"@id\":\"https:\/\/leasetransfer.ch\/it\/i-vantaggi-della-cessione-di-leasing\/\",\"url\":\"https:\/\/leasetransfer.ch\/it\/i-vantaggi-della-cessione-di-leasing\/\",\"name\":\"I vantaggi della cessione di leasing\",\"isPartOf\":{\"@id\":\"https:\/\/leasetransfer.ch\/#website\"},\"datePublished\":\"2016-11-17T15:59:01+00:00\",\"dateModified\":\"2020-07-22T20:51:54+00:00\",\"description\":\"I vantaggi per il cedente del contratto di leasing Le condizioni per porre fine al contratto di leasing automobile direttamente presso la societ\u00e0\",\"breadcrumb\":{\"@id\":\"https:\/\/leasetransfer.ch\/it\/i-vantaggi-della-cessione-di-leasing\/#breadcrumb\"},\"inLanguage\":\"it-IT\",\"potentialAction\":[{\"@type\":\"ReadAction\",\"target\":[\"https:\/\/leasetransfer.ch\/it\/i-vantaggi-della-cessione-di-leasing\/\"]}]},{\"@type\":\"BreadcrumbList\",\"@id\":\"https:\/\/leasetransfer.ch\/it\/i-vantaggi-della-cessione-di-leasing\/#breadcrumb\",\"itemListElement\":[{\"@type\":\"ListItem\",\"position\":1,\"name\":\"Accueil\",\"item\":\"https:\/\/leasetransfer.ch\/it\/\"},{\"@type\":\"ListItem\",\"position\":2,\"name\":\"I vantaggi della cessione di leasing\"}]},{\"@type\":\"WebSite\",\"@id\":\"https:\/\/leasetransfer.ch\/#website\",\"url\":\"https:\/\/leasetransfer.ch\/\",\"name\":\"LeaseTransfer\",\"description\":\"Transfert et rachat de leasing auto en Suisse\",\"potentialAction\":[{\"@type\":\"SearchAction\",\"target\":{\"@type\":\"EntryPoint\",\"urlTemplate\":\"https:\/\/leasetransfer.ch\/?s={search_term_string}\"},\"query-input\":{\"@type\":\"PropertyValueSpecification\",\"valueRequired\":true,\"valueName\":\"search_term_string\"}}],\"inLanguage\":\"it-IT\"}]}<\/script>\n<!-- \/ Yoast SEO plugin. -->","yoast_head_json":{"title":"I vantaggi della cessione di leasing","description":"I vantaggi per il cedente del contratto di leasing Le condizioni per porre fine al contratto di leasing automobile direttamente presso la societ\u00e0","robots":{"index":"index","follow":"follow","max-snippet":"max-snippet:-1","max-image-preview":"max-image-preview:large","max-video-preview":"max-video-preview:-1"},"canonical":"https:\/\/leasetransfer.ch\/it\/i-vantaggi-della-cessione-di-leasing\/","og_locale":"it_IT","og_type":"article","og_title":"I vantaggi della cessione di leasing","og_description":"I vantaggi per il cedente del contratto di leasing Le condizioni per porre fine al contratto di leasing automobile direttamente presso la societ\u00e0","og_url":"https:\/\/leasetransfer.ch\/it\/i-vantaggi-della-cessione-di-leasing\/","og_site_name":"LeaseTransfer","article_modified_time":"2020-07-22T20:51:54+00:00","twitter_card":"summary_large_image","twitter_misc":{"Tempo di lettura stimato":"1 minuto"},"schema":{"@context":"https:\/\/schema.org","@graph":[{"@type":"WebPage","@id":"https:\/\/leasetransfer.ch\/it\/i-vantaggi-della-cessione-di-leasing\/","url":"https:\/\/leasetransfer.ch\/it\/i-vantaggi-della-cessione-di-leasing\/","name":"I vantaggi della cessione di leasing","isPartOf":{"@id":"https:\/\/leasetransfer.ch\/#website"},"datePublished":"2016-11-17T15:59:01+00:00","dateModified":"2020-07-22T20:51:54+00:00","description":"I vantaggi per il cedente del contratto di leasing Le condizioni per porre fine al contratto di leasing automobile direttamente presso la societ\u00e0","breadcrumb":{"@id":"https:\/\/leasetransfer.ch\/it\/i-vantaggi-della-cessione-di-leasing\/#breadcrumb"},"inLanguage":"it-IT","potentialAction":[{"@type":"ReadAction","target":["https:\/\/leasetransfer.ch\/it\/i-vantaggi-della-cessione-di-leasing\/"]}]},{"@type":"BreadcrumbList","@id":"https:\/\/leasetransfer.ch\/it\/i-vantaggi-della-cessione-di-leasing\/#breadcrumb","itemListElement":[{"@type":"ListItem","position":1,"name":"Accueil","item":"https:\/\/leasetransfer.ch\/it\/"},{"@type":"ListItem","position":2,"name":"I vantaggi della cessione di leasing"}]},{"@type":"WebSite","@id":"https:\/\/leasetransfer.ch\/#website","url":"https:\/\/leasetransfer.ch\/","name":"LeaseTransfer","description":"Transfert et rachat de leasing auto en Suisse","potentialAction":[{"@type":"SearchAction","target":{"@type":"EntryPoint","urlTemplate":"https:\/\/leasetransfer.ch\/?s={search_term_string}"},"query-input":{"@type":"PropertyValueSpecification","valueRequired":true,"valueName":"search_term_string"}}],"inLanguage":"it-IT"}]}},"_links":{"self":[{"href":"https:\/\/leasetransfer.ch\/it\/wp-json\/wp\/v2\/pages\/1034"}],"collection":[{"href":"https:\/\/leasetransfer.ch\/it\/wp-json\/wp\/v2\/pages"}],"about":[{"href":"https:\/\/leasetransfer.ch\/it\/wp-json\/wp\/v2\/types\/page"}],"author":[{"embeddable":true,"href":"https:\/\/leasetransfer.ch\/it\/wp-json\/wp\/v2\/users\/44"}],"replies":[{"embeddable":true,"href":"https:\/\/leasetransfer.ch\/it\/wp-json\/wp\/v2\/comments?post=1034"}],"version-history":[{"count":0,"href":"https:\/\/leasetransfer.ch\/it\/wp-json\/wp\/v2\/pages\/1034\/revisions"}],"wp:attachment":[{"href":"https:\/\/leasetransfer.ch\/it\/wp-json\/wp\/v2\/media?parent=1034"}],"curies":[{"name":"wp","href":"https:\/\/api.w.org\/{rel}","templated":true}]}}