{"id":1038,"date":"2016-11-17T17:04:46","date_gmt":"2016-11-17T16:04:46","guid":{"rendered":"https:\/\/leasetransfer.ch\/it\/?page_id=1038"},"modified":"2021-01-11T23:10:59","modified_gmt":"2021-01-11T22:10:59","slug":"chi-siamo","status":"publish","type":"page","link":"https:\/\/leasetransfer.ch\/it\/chi-siamo\/","title":{"rendered":"Chi siamo\u00a0?"},"content":{"rendered":"<p>LeaseTransfer \u00e8 una start-up Svizzera iscritta\u00a0CH-660.1.144.017-7 nel registro di commercio.<\/p>\n<p>Il sito leasetransfer.ch \u00e8 una piattaforma di annunci che offre la possibilit\u00e0 ai privati o imprese interessate alla\u00a0<strong>cessione di un leasing automobile di pubblicare annunci sul sito<\/strong>.<\/p>\n<p>Il sito si rivolge ai privati cosi come ai professionisti residenti o con la sede legale in Svizzera.<\/p>\n<p>Le condizioni per porre fine al contratto di leasing automobile direttamente presso la societ\u00e0 finanziaria sono molto dissuasive poich\u00e9 onerose. Infatti, dopo parecchi feedback d\u2019esperienza acquisita, ci siamo resi conto che \u00e8 molto difficile separarsi dal contratto di leasing automobile prima della sua scadenza senza dover pagare delle spese irragionevoli e spesso abusivi.<\/p>\n<p>Perci\u00f2, abbiamo deciso creare una piattaforma il cui scopo \u00e8 la cessione di un leasing facile ed economica. Vogliamo dare la possibilit\u00e0 di spendere il meno possibile agli interessati di cessione di leasing. Il nostro obiettivo \u00e8 di alleviargli finanziarmente un canone mensile che talvolta si rivela ingombrante o inadatto.<\/p>\n<p><strong>LeaseTransfer \u00e8 un nuovo concetto per il mercato Svizzero dei veicoli.<\/strong><\/p>\n<p>In Quebec, dove il numero di leasing di auto \u00e8 paragonabile a quello della Svizzera, trovare un acquirente tramite una piattaforma dedicata \u00e8 molto diffuso.<\/p>\n<p><strong>LeaseTransfer soddisf\u00e0 in modo semplice ed efficace <\/strong>un bisogno sempre pi\u00f9 presente nella vita quoitidiana dei\u00a0<strong>privati<\/strong><strong>\u00a0<\/strong>e dei <strong>professionisti<\/strong>. Finalmente una piattaforma totalmente riservata alla <strong>cessione dei contratti di leasing <\/strong>\u00e8 presente in Svizzera.<\/p>\n","protected":false},"excerpt":{"rendered":"<p>LeaseTransfer \u00e8 una start-up Svizzera iscritta\u00a0CH-660.1.144.017-7 nel registro di commercio. Il sito leasetransfer.ch \u00e8 una piattaforma di annunci che offre la possibilit\u00e0 ai privati o imprese interessate alla\u00a0cessione di un leasing automobile di pubblicare annunci sul sito. Il sito si rivolge ai privati cosi come ai professionisti residenti o con la sede legale in Svizzera.&hellip;<\/p>\n","protected":false},"author":44,"featured_media":0,"parent":0,"menu_order":125,"comment_status":"closed","ping_status":"closed","template":"","meta":{"_acf_changed":false,"_monsterinsights_skip_tracking":false,"_monsterinsights_sitenote_active":false,"_monsterinsights_sitenote_note":"","_monsterinsights_sitenote_category":0,"footnotes":""},"class_list":["post-1038","page","type-page","status-publish","hentry"],"acf":[],"yoast_head":"<!-- This site is optimized with the Yoast SEO plugin v23.7 - https:\/\/yoast.com\/wordpress\/plugins\/seo\/ -->\n<title>Chi siamo\u00a0?<\/title>\n<meta name=\"description\" content=\"LeaseTransfer \u00e8 una start-up Svizzera iscritta\u00a0CH-660.1.144.017-7 nel registro di commercio. Il sito leasetransfer.ch \u00e8 una piattaforma di annunci che\" \/>\n<meta name=\"robots\" content=\"index, follow, max-snippet:-1, max-image-preview:large, max-video-preview:-1\" \/>\n<link rel=\"canonical\" href=\"https:\/\/leasetransfer.ch\/it\/chi-siamo\/\" \/>\n<meta property=\"og:locale\" content=\"it_IT\" \/>\n<meta property=\"og:type\" content=\"article\" \/>\n<meta property=\"og:title\" content=\"Chi siamo\u00a0?\" \/>\n<meta property=\"og:description\" content=\"LeaseTransfer \u00e8 una start-up Svizzera iscritta\u00a0CH-660.1.144.017-7 nel registro di commercio. Il sito leasetransfer.ch \u00e8 una piattaforma di annunci che\" \/>\n<meta property=\"og:url\" content=\"https:\/\/leasetransfer.ch\/it\/chi-siamo\/\" \/>\n<meta property=\"og:site_name\" content=\"LeaseTransfer\" \/>\n<meta property=\"article:modified_time\" content=\"2021-01-11T22:10:59+00:00\" \/>\n<meta name=\"twitter:card\" content=\"summary_large_image\" \/>\n<meta name=\"twitter:label1\" content=\"Tempo di lettura stimato\" \/>\n\t<meta name=\"twitter:data1\" content=\"1 minuto\" \/>\n<script type=\"application\/ld+json\" class=\"yoast-schema-graph\">{\"@context\":\"https:\/\/schema.org\",\"@graph\":[{\"@type\":\"WebPage\",\"@id\":\"https:\/\/leasetransfer.ch\/it\/chi-siamo\/\",\"url\":\"https:\/\/leasetransfer.ch\/it\/chi-siamo\/\",\"name\":\"Chi siamo\u00a0?\",\"isPartOf\":{\"@id\":\"https:\/\/leasetransfer.ch\/#website\"},\"datePublished\":\"2016-11-17T16:04:46+00:00\",\"dateModified\":\"2021-01-11T22:10:59+00:00\",\"description\":\"LeaseTransfer \u00e8 una start-up Svizzera iscritta\u00a0CH-660.1.144.017-7 nel registro di commercio. Il sito leasetransfer.ch \u00e8 una piattaforma di annunci che\",\"breadcrumb\":{\"@id\":\"https:\/\/leasetransfer.ch\/it\/chi-siamo\/#breadcrumb\"},\"inLanguage\":\"it-IT\",\"potentialAction\":[{\"@type\":\"ReadAction\",\"target\":[\"https:\/\/leasetransfer.ch\/it\/chi-siamo\/\"]}]},{\"@type\":\"BreadcrumbList\",\"@id\":\"https:\/\/leasetransfer.ch\/it\/chi-siamo\/#breadcrumb\",\"itemListElement\":[{\"@type\":\"ListItem\",\"position\":1,\"name\":\"Accueil\",\"item\":\"https:\/\/leasetransfer.ch\/it\/\"},{\"@type\":\"ListItem\",\"position\":2,\"name\":\"Chi siamo\u00a0?\"}]},{\"@type\":\"WebSite\",\"@id\":\"https:\/\/leasetransfer.ch\/#website\",\"url\":\"https:\/\/leasetransfer.ch\/\",\"name\":\"LeaseTransfer\",\"description\":\"Transfert et rachat de leasing auto en Suisse\",\"potentialAction\":[{\"@type\":\"SearchAction\",\"target\":{\"@type\":\"EntryPoint\",\"urlTemplate\":\"https:\/\/leasetransfer.ch\/?s={search_term_string}\"},\"query-input\":{\"@type\":\"PropertyValueSpecification\",\"valueRequired\":true,\"valueName\":\"search_term_string\"}}],\"inLanguage\":\"it-IT\"}]}<\/script>\n<!-- \/ Yoast SEO plugin. -->","yoast_head_json":{"title":"Chi siamo\u00a0?","description":"LeaseTransfer \u00e8 una start-up Svizzera iscritta\u00a0CH-660.1.144.017-7 nel registro di commercio. Il sito leasetransfer.ch \u00e8 una piattaforma di annunci che","robots":{"index":"index","follow":"follow","max-snippet":"max-snippet:-1","max-image-preview":"max-image-preview:large","max-video-preview":"max-video-preview:-1"},"canonical":"https:\/\/leasetransfer.ch\/it\/chi-siamo\/","og_locale":"it_IT","og_type":"article","og_title":"Chi siamo\u00a0?","og_description":"LeaseTransfer \u00e8 una start-up Svizzera iscritta\u00a0CH-660.1.144.017-7 nel registro di commercio. Il sito leasetransfer.ch \u00e8 una piattaforma di annunci che","og_url":"https:\/\/leasetransfer.ch\/it\/chi-siamo\/","og_site_name":"LeaseTransfer","article_modified_time":"2021-01-11T22:10:59+00:00","twitter_card":"summary_large_image","twitter_misc":{"Tempo di lettura stimato":"1 minuto"},"schema":{"@context":"https:\/\/schema.org","@graph":[{"@type":"WebPage","@id":"https:\/\/leasetransfer.ch\/it\/chi-siamo\/","url":"https:\/\/leasetransfer.ch\/it\/chi-siamo\/","name":"Chi siamo\u00a0?","isPartOf":{"@id":"https:\/\/leasetransfer.ch\/#website"},"datePublished":"2016-11-17T16:04:46+00:00","dateModified":"2021-01-11T22:10:59+00:00","description":"LeaseTransfer \u00e8 una start-up Svizzera iscritta\u00a0CH-660.1.144.017-7 nel registro di commercio. Il sito leasetransfer.ch \u00e8 una piattaforma di annunci che","breadcrumb":{"@id":"https:\/\/leasetransfer.ch\/it\/chi-siamo\/#breadcrumb"},"inLanguage":"it-IT","potentialAction":[{"@type":"ReadAction","target":["https:\/\/leasetransfer.ch\/it\/chi-siamo\/"]}]},{"@type":"BreadcrumbList","@id":"https:\/\/leasetransfer.ch\/it\/chi-siamo\/#breadcrumb","itemListElement":[{"@type":"ListItem","position":1,"name":"Accueil","item":"https:\/\/leasetransfer.ch\/it\/"},{"@type":"ListItem","position":2,"name":"Chi siamo\u00a0?"}]},{"@type":"WebSite","@id":"https:\/\/leasetransfer.ch\/#website","url":"https:\/\/leasetransfer.ch\/","name":"LeaseTransfer","description":"Transfert et rachat de leasing auto en Suisse","potentialAction":[{"@type":"SearchAction","target":{"@type":"EntryPoint","urlTemplate":"https:\/\/leasetransfer.ch\/?s={search_term_string}"},"query-input":{"@type":"PropertyValueSpecification","valueRequired":true,"valueName":"search_term_string"}}],"inLanguage":"it-IT"}]}},"_links":{"self":[{"href":"https:\/\/leasetransfer.ch\/it\/wp-json\/wp\/v2\/pages\/1038"}],"collection":[{"href":"https:\/\/leasetransfer.ch\/it\/wp-json\/wp\/v2\/pages"}],"about":[{"href":"https:\/\/leasetransfer.ch\/it\/wp-json\/wp\/v2\/types\/page"}],"author":[{"embeddable":true,"href":"https:\/\/leasetransfer.ch\/it\/wp-json\/wp\/v2\/users\/44"}],"replies":[{"embeddable":true,"href":"https:\/\/leasetransfer.ch\/it\/wp-json\/wp\/v2\/comments?post=1038"}],"version-history":[{"count":0,"href":"https:\/\/leasetransfer.ch\/it\/wp-json\/wp\/v2\/pages\/1038\/revisions"}],"wp:attachment":[{"href":"https:\/\/leasetransfer.ch\/it\/wp-json\/wp\/v2\/media?parent=1038"}],"curies":[{"name":"wp","href":"https:\/\/api.w.org\/{rel}","templated":true}]}}