{"id":1053,"date":"2016-11-22T11:41:23","date_gmt":"2016-11-22T10:41:23","guid":{"rendered":"https:\/\/leasetransfer.ch\/it\/?page_id=1053"},"modified":"2022-06-23T13:46:28","modified_gmt":"2022-06-23T11:46:28","slug":"mentions-legales","status":"publish","type":"page","link":"https:\/\/leasetransfer.ch\/it\/mentions-legales\/","title":{"rendered":"Informazioni generali"},"content":{"rendered":"<p>Stai visualizzando il sito \u00ab www.leasetransfer.ch \u00bb.<\/p>\n<p>Questo sito \u00e8 sotto la responsabilit\u00e0 di leasetransfer.ch. Per qualsiasi informazione o consiglio, vedi la sezione contatto.<br \/>\nL\u2019accesso e la navigazione sul presente sito stabilisce dalla parte dell\u2019utente un\u2019approvazione incondizionata delle precizioni menzionate negli articoli seguenti :<\/p>\n<p><strong>Informazioni contatto<\/strong><\/p>\n<p>Il presente sito \u00e8 la propriet\u00e0 di LeaseTransfer<br \/>\nGr\u00e9gory Perales<br \/>\nRue du Stand, 3 bis<br \/>\n1204 Gen\u00e8ve<br \/>\nTel: 022 321 47 10<\/p>\n<p><strong>Provider di servizi di hosting<\/strong><\/p>\n<p>L\u2019h\u00e9bergement du site www.leasetransfer.ch est r\u00e9alis\u00e9 par :<br \/>\nABC M\u00e9dia SARL<br \/>\nABC Media<br \/>\nAdresse : Numa-Droz 161, CH \u2013 2301 La Chaux-de-Fonds (SUISSE)<br \/>\nTel : 0041 32 924 43 02<br \/>\nMail : contact@abcmedia.ch<br \/>\nSite : https:\/\/abcmedia.ch\/<\/p>\n<p><strong>Crediti grafiche \u2013 Realizzazione e concezione del sito<\/strong><\/p>\n<p>Il sito www.leasetransfer.ch \u00e8 stato realizzato da :<br \/>\nABC M\u00e9dia SARL<br \/>\nABC Media<br \/>\nIndirizzo : Numa-Droz 161, CH \u2013 2301 La Chaux-de-Fonds (SUISSE)<br \/>\nTel : 0041 32 924 43 02<br \/>\nE-mail : contact@abcmedia.ch<br \/>\nSito : https:\/\/abcmedia.ch\/<\/p>\n<p><strong>Nota legali<\/strong><\/p>\n<p>Leasetransfer LeaseTransfer si riserva il diritto di modificare in ogni modo possibile il contenuto del presente sito web in qualsiasi momento e per ogni sorta di motivo, e questo senza nessun preavviso speciale. Leasetransfer non potr\u00e0 in nessun modo essere considerato responsabile delle conseguenze di tali modifiche.<\/p>\n<p><strong>Non divulgazione delle informazioni<\/strong><\/p>\n<p>LeaseTransfer si impegna a trattare le Sue dati personnali in modo riservato. Tuttavia, LeaseTransfer pu\u00f2 communicare i Suoi dati con i propri prestatori di servizi i quali assistono all\u2019esercizio del sito (per la gestione delle e-mail, il trattamento dei pagamenti, o lo hosting di un server, per esempio).<\/p>\n<p>Inoltre, LeaseTransfer si riserva il diritto di communicare i Suoi informazioni di contatto ai propri partner menzionati sul Sito.<\/p>\n<p>I dati dell\u2019account vengono conservati nei nostri server durante l\u2019integralit\u00e0 dell\u2019esistenza di quest\u2019ultimo.<\/p>\n<p>Utilizziamo i Suoi dati di contatto per inviare delle informazioni sui nostri servizi o per\u00a0 informarLa sulle modifiche delle presenti CGU. Lei ha la possibilit\u00e0 di rifiutare gli e-mail promozionali annulando l\u2019iscrizione tramite un collegamento (link) che si trova nella parte finale dei nostri e-mail.<\/p>\n<p>I dati personali presenti sul Suo account sono accessibili ad ogni momento, per le eventuali rettifiche o modifiche. La cancellazione di questi dati pu\u00f2 essere effettuata tramite la richiesta di chiusura dell\u2019account. Qualsiasi domanda\/richiesta rispetto\u00a0 all\u2019accesso, modifiche o cancellazione dei dati pu\u00f2 essere inviata al seguente modulo di contatto: <a href=\"https:\/\/leasetransfer.ch\/it\/nous-contacter\/\">contattaci<\/a><\/p>\n<p><strong>Propriet\u00e0 intelettuale<\/strong><\/p>\n<p>Il Codice civile sulla propiet\u00e0 dei diritti intellettuali si applica alla protezione dei siti web.<\/p>\n<p>I file contenuti nel presente sito, le foto e la forma di presentazione (codice), rimangono la propriet\u00e0 esclusiva di Leasetransfer. Questo insieme di elementi costituisce il carattere speciale ed originale del presente sito.<\/p>\n<p>I logo e le marche, tutte le societ\u00e0 e prodotti menzionati sul sito, appartengono ai rispettivi autori. Salvo autorizzazione espressa dell\u2019autore, non pu\u00f2 essere copiato o imitato nella sua totalit\u00e0 o parzialmente per scopi commerciali o per essere trasmesso alcun logo, elemento grafico, foto o immagine proveniente dal sito Leasetransfer.ch .<\/p>\n<p>Sono esplicitamente proibite qualsiasi rappresentazione e\/o riproduzione, della totalit\u00e0 o di qualunque parte del presente sito e\/o di uno degli elementi di esso tramite la presentazione di una pagina del suddetto sito in un contesto non di propriet\u00e0 di Leasetransfer (tramite il metodo del <em>framing<\/em> ) o tramite l\u2019inserzione di un\u2019immagine che appartiene o fa parte di Leasetransfer in una pagina non di propriet\u00e0 di Leasetransfer (tramite il metodo del <em>inline linking<\/em>).<\/p>\n<p>Questi documenti non devono essere copiati o trasmessi su una rete informatica o su qualsiasi altro mezzo di communicazione o di valore contrattuale e commerciale.<\/p>\n<p>Il sito\u00a0Leasetransfer \u00e8 tutelato dalla regolamentazione applicabile alla concorrenza sleale. Ogni tipo di riproduzione e trasmissione, parziale inclusa, tramite qualsiasi procedimento, a titolo commerciale, oneroso o gratuito, senza il consenso di Leasetransfer costituisce una violazione punibile con le pene stabilite dalla legge. Ogni individuo che non rispetta le disposizioni legali applicabili si rende colpevole del reato di contraffazione ed \u00e8 passibile delle sanzioni penali previste dalla legge.<\/p>\n<p>LeaseTransfer si riserva il diritto di chiedere la cancellazione di un link cui, secondo le proprie stime, sia non conforme alla linea editoriale del sito.<\/p>\n<p>Le nostre Condizioni Generali d\u2019Uso sono consultabili sul seguente link\u00a0<a href=\"https:\/\/leasetransfer.ch\/it\/cgu\/\">CGU<\/a><\/p>\n","protected":false},"excerpt":{"rendered":"<p>Stai visualizzando il sito \u00ab www.leasetransfer.ch \u00bb. Questo sito \u00e8 sotto la responsabilit\u00e0 di leasetransfer.ch. Per qualsiasi informazione o consiglio, vedi la sezione contatto. L\u2019accesso e la navigazione sul presente sito stabilisce dalla parte dell\u2019utente un\u2019approvazione incondizionata delle precizioni menzionate negli articoli seguenti : Informazioni contatto Il presente sito \u00e8 la propriet\u00e0 di LeaseTransfer Gr\u00e9gory&hellip;<\/p>\n","protected":false},"author":44,"featured_media":0,"parent":0,"menu_order":26,"comment_status":"closed","ping_status":"closed","template":"","meta":{"_acf_changed":false,"_monsterinsights_skip_tracking":false,"_monsterinsights_sitenote_active":false,"_monsterinsights_sitenote_note":"","_monsterinsights_sitenote_category":0,"footnotes":""},"class_list":["post-1053","page","type-page","status-publish","hentry"],"acf":[],"yoast_head":"<!-- This site is optimized with the Yoast SEO plugin v23.7 - https:\/\/yoast.com\/wordpress\/plugins\/seo\/ -->\n<title>Informazioni generali<\/title>\n<meta name=\"description\" content=\"Stai visualizzando il sito \u00ab www.leasetransfer.ch \u00bb. Questo sito \u00e8 sotto la responsabilit\u00e0 di leasetransfer.ch. Per qualsiasi informazione o consiglio,\" \/>\n<meta name=\"robots\" content=\"index, follow, max-snippet:-1, max-image-preview:large, max-video-preview:-1\" \/>\n<link rel=\"canonical\" href=\"https:\/\/leasetransfer.ch\/it\/mentions-legales\/\" \/>\n<meta property=\"og:locale\" content=\"it_IT\" \/>\n<meta property=\"og:type\" content=\"article\" \/>\n<meta property=\"og:title\" content=\"Informazioni generali\" \/>\n<meta property=\"og:description\" content=\"Stai visualizzando il sito \u00ab www.leasetransfer.ch \u00bb. Questo sito \u00e8 sotto la responsabilit\u00e0 di leasetransfer.ch. Per qualsiasi informazione o consiglio,\" \/>\n<meta property=\"og:url\" content=\"https:\/\/leasetransfer.ch\/it\/mentions-legales\/\" \/>\n<meta property=\"og:site_name\" content=\"LeaseTransfer\" \/>\n<meta property=\"article:modified_time\" content=\"2022-06-23T11:46:28+00:00\" \/>\n<meta name=\"twitter:card\" content=\"summary_large_image\" \/>\n<meta name=\"twitter:label1\" content=\"Tempo di lettura stimato\" \/>\n\t<meta name=\"twitter:data1\" content=\"3 minuti\" \/>\n<script type=\"application\/ld+json\" class=\"yoast-schema-graph\">{\"@context\":\"https:\/\/schema.org\",\"@graph\":[{\"@type\":\"WebPage\",\"@id\":\"https:\/\/leasetransfer.ch\/it\/mentions-legales\/\",\"url\":\"https:\/\/leasetransfer.ch\/it\/mentions-legales\/\",\"name\":\"Informazioni generali\",\"isPartOf\":{\"@id\":\"https:\/\/leasetransfer.ch\/#website\"},\"datePublished\":\"2016-11-22T10:41:23+00:00\",\"dateModified\":\"2022-06-23T11:46:28+00:00\",\"description\":\"Stai visualizzando il sito \u00ab www.leasetransfer.ch \u00bb. Questo sito \u00e8 sotto la responsabilit\u00e0 di leasetransfer.ch. Per qualsiasi informazione o consiglio,\",\"breadcrumb\":{\"@id\":\"https:\/\/leasetransfer.ch\/it\/mentions-legales\/#breadcrumb\"},\"inLanguage\":\"it-IT\",\"potentialAction\":[{\"@type\":\"ReadAction\",\"target\":[\"https:\/\/leasetransfer.ch\/it\/mentions-legales\/\"]}]},{\"@type\":\"BreadcrumbList\",\"@id\":\"https:\/\/leasetransfer.ch\/it\/mentions-legales\/#breadcrumb\",\"itemListElement\":[{\"@type\":\"ListItem\",\"position\":1,\"name\":\"Accueil\",\"item\":\"https:\/\/leasetransfer.ch\/it\/\"},{\"@type\":\"ListItem\",\"position\":2,\"name\":\"Informazioni generali\"}]},{\"@type\":\"WebSite\",\"@id\":\"https:\/\/leasetransfer.ch\/#website\",\"url\":\"https:\/\/leasetransfer.ch\/\",\"name\":\"LeaseTransfer\",\"description\":\"Transfert et rachat de leasing auto en Suisse\",\"potentialAction\":[{\"@type\":\"SearchAction\",\"target\":{\"@type\":\"EntryPoint\",\"urlTemplate\":\"https:\/\/leasetransfer.ch\/?s={search_term_string}\"},\"query-input\":{\"@type\":\"PropertyValueSpecification\",\"valueRequired\":true,\"valueName\":\"search_term_string\"}}],\"inLanguage\":\"it-IT\"}]}<\/script>\n<!-- \/ Yoast SEO plugin. -->","yoast_head_json":{"title":"Informazioni generali","description":"Stai visualizzando il sito \u00ab www.leasetransfer.ch \u00bb. Questo sito \u00e8 sotto la responsabilit\u00e0 di leasetransfer.ch. Per qualsiasi informazione o consiglio,","robots":{"index":"index","follow":"follow","max-snippet":"max-snippet:-1","max-image-preview":"max-image-preview:large","max-video-preview":"max-video-preview:-1"},"canonical":"https:\/\/leasetransfer.ch\/it\/mentions-legales\/","og_locale":"it_IT","og_type":"article","og_title":"Informazioni generali","og_description":"Stai visualizzando il sito \u00ab www.leasetransfer.ch \u00bb. Questo sito \u00e8 sotto la responsabilit\u00e0 di leasetransfer.ch. Per qualsiasi informazione o consiglio,","og_url":"https:\/\/leasetransfer.ch\/it\/mentions-legales\/","og_site_name":"LeaseTransfer","article_modified_time":"2022-06-23T11:46:28+00:00","twitter_card":"summary_large_image","twitter_misc":{"Tempo di lettura stimato":"3 minuti"},"schema":{"@context":"https:\/\/schema.org","@graph":[{"@type":"WebPage","@id":"https:\/\/leasetransfer.ch\/it\/mentions-legales\/","url":"https:\/\/leasetransfer.ch\/it\/mentions-legales\/","name":"Informazioni generali","isPartOf":{"@id":"https:\/\/leasetransfer.ch\/#website"},"datePublished":"2016-11-22T10:41:23+00:00","dateModified":"2022-06-23T11:46:28+00:00","description":"Stai visualizzando il sito \u00ab www.leasetransfer.ch \u00bb. Questo sito \u00e8 sotto la responsabilit\u00e0 di leasetransfer.ch. Per qualsiasi informazione o consiglio,","breadcrumb":{"@id":"https:\/\/leasetransfer.ch\/it\/mentions-legales\/#breadcrumb"},"inLanguage":"it-IT","potentialAction":[{"@type":"ReadAction","target":["https:\/\/leasetransfer.ch\/it\/mentions-legales\/"]}]},{"@type":"BreadcrumbList","@id":"https:\/\/leasetransfer.ch\/it\/mentions-legales\/#breadcrumb","itemListElement":[{"@type":"ListItem","position":1,"name":"Accueil","item":"https:\/\/leasetransfer.ch\/it\/"},{"@type":"ListItem","position":2,"name":"Informazioni generali"}]},{"@type":"WebSite","@id":"https:\/\/leasetransfer.ch\/#website","url":"https:\/\/leasetransfer.ch\/","name":"LeaseTransfer","description":"Transfert et rachat de leasing auto en Suisse","potentialAction":[{"@type":"SearchAction","target":{"@type":"EntryPoint","urlTemplate":"https:\/\/leasetransfer.ch\/?s={search_term_string}"},"query-input":{"@type":"PropertyValueSpecification","valueRequired":true,"valueName":"search_term_string"}}],"inLanguage":"it-IT"}]}},"_links":{"self":[{"href":"https:\/\/leasetransfer.ch\/it\/wp-json\/wp\/v2\/pages\/1053"}],"collection":[{"href":"https:\/\/leasetransfer.ch\/it\/wp-json\/wp\/v2\/pages"}],"about":[{"href":"https:\/\/leasetransfer.ch\/it\/wp-json\/wp\/v2\/types\/page"}],"author":[{"embeddable":true,"href":"https:\/\/leasetransfer.ch\/it\/wp-json\/wp\/v2\/users\/44"}],"replies":[{"embeddable":true,"href":"https:\/\/leasetransfer.ch\/it\/wp-json\/wp\/v2\/comments?post=1053"}],"version-history":[{"count":0,"href":"https:\/\/leasetransfer.ch\/it\/wp-json\/wp\/v2\/pages\/1053\/revisions"}],"wp:attachment":[{"href":"https:\/\/leasetransfer.ch\/it\/wp-json\/wp\/v2\/media?parent=1053"}],"curies":[{"name":"wp","href":"https:\/\/api.w.org\/{rel}","templated":true}]}}