{"id":1055,"date":"2016-11-22T11:42:18","date_gmt":"2016-11-22T10:42:18","guid":{"rendered":"https:\/\/leasetransfer.ch\/it\/?page_id=1055"},"modified":"2026-01-23T14:57:30","modified_gmt":"2026-01-23T13:57:30","slug":"cgu","status":"publish","type":"page","link":"https:\/\/leasetransfer.ch\/it\/cgu\/","title":{"rendered":"CGU"},"content":{"rendered":"<p><strong>CONDIZIONI GENERALI D\u2019USO DEL SITO LEASETRANSFER.CH<\/strong><\/p>\n<ol>\n<li><strong> Informazioni generali<\/strong><\/li>\n<\/ol>\n<p>Il Sito LeaseTransfer (www.leasetransfer.ch) \u00e8 una piattaforma di annunci che permette a dei privati o a delle imprese desiderosi di cedere un leasing automobile di pubblicare annunci sul Sito.<\/p>\n<p>Il responsabile del Sito (www.leasetransfer.ch) \u00e8\u00a0:<br \/>\nSignor Perales Gr\u00e9gory<br \/>\n<em>Rue du Stand, 3 bis<\/em><br \/>\n<em>1204 Gen\u00e8ve<\/em><\/p>\n<p><em>Telefono\u00a0: +41 (0) 22\u00a0321 47 10<\/em><br \/>\n<em>E-mail<\/em>\u00a0: info@leasetransfer.ch<\/p>\n<p>Le presenti condizioni generali d\u2019uso (di seguito \u00ab\u00a0CGU\u00a0\u00bb) regolano l\u2019uso del Sito e la pubblicazione degli annunci sul Sito.<\/p>\n<p>Le CGU applicabili ad un annuncio particolare sono quelle in vigore nel momento in cui l\u2019annuncio viene trasmesso a LeaseTransfer, nella versione presente sul Sito a suddetta data. Nel momento della trasmissione del annuncio, Le sar\u00e0 inviata la richiesta di accettazione delle CGU. L\u2019accettazione delle CGU \u00e8 una condizione necessaria alla pubblicazione dell\u2019annuncio.<\/p>\n<p>LeaseTransfer si riserva il diritto di modificare le CGU in qualsiasi momento, nell\u2018esercizio del suo potere discrezionale.<\/p>\n<ol start=\"2\">\n<li><strong> Inserzionisti <\/strong><\/li>\n<\/ol>\n<p>Il Sito \u00e8 destinato alle persone fisiche nonch\u00e9 alle imprese e societ\u00e0, residenti o con sede in Svizzera.<\/p>\n<p>Affinch\u00e9 la pubblicazione di un annuncio sul Sito sia possibile, il conto utente (account) deve essere creato sul Sito. La creazione del suddetto account \u00e8 gratuita ed obbligatoria.<\/p>\n<ol start=\"3\">\n<li><strong> Annunci<\/strong><\/li>\n<\/ol>\n<p><strong>3.1 \u00a0\u00a0\u00a0\u00a0 Annunci gratuiti<\/strong><\/p>\n<p>Il Sito offre la possibilit\u00e0 alle persone che agiscono a titolo privato e non professionale di inserire un annuncio gratuito sul Sito. Questa possibilit\u00e0 \u00e8 limitata ad un annuncio gratuito per account. Non \u00e8 ammesso che l\u2019unico utente abbia pubblicato online molteplici annunci gratuiti contemporaneamente.<\/p>\n<p>Gli annunci gratuiti sono pubblicati per un periodo di 30 giorni.<\/p>\n<p><strong>3.2\u00a0\u00a0\u00a0\u00a0\u00a0 Annunci a pagamento per privati<\/strong><\/p>\n<p>Il Sito mette a disposizione diversi piani di annunci a pagamento per i privati. I piani di annunci a pagamento variano rispetto alle condizioni di visibilit\u00e0 e la durata di trasmissione dell\u2019annuncio. Si prega consultare l\u2019<u>elenco dei prezzi <\/u>[link] per l\u2019indicazione dei prezzi e delle opzioni a disposizione per la pubblicazione degli annunci a pagamento.<\/p>\n<p><strong>3.3\u00a0\u00a0\u00a0\u00a0\u00a0 Annunci a pagamento per professionisti<\/strong><\/p>\n<p>Il Sito propone ai professionisti i diversi piani che permettono la trasmissione di pi\u00f9 di un annuncio simultaneamente. Ogni piano include parecchi posti che possono accogliere ognuno un annuncio. Esiste la possibilit\u00e0 di cancellare un annuncio e di reinserire un nuovo nello stesso posto per tutta la durata di validit\u00e0 del posto in questione. Il nostro piano per i professionisti su misura e senza abbonamento \u00e8 disponibile a partire di tre posti. Il nostro piano per i professionisti su misura con abbonamento annuale \u00e8 disponibile a partire di dieci posti. Si prega consultare la\u00a0 <u>tabella dei prezzi<\/u> [link] per l\u2019indicazione dei prezzi e delle opzioni disponibili per i piani rivolti ai professionisti.<\/p>\n<p><strong>3.4\u00a0\u00a0\u00a0\u00a0\u00a0 Opzioni<\/strong><\/p>\n<p>Una lista di opzioni \u00e8 disponibile ed addattabile ad ogni annuncio. Un\u2019opzione a pagamento viene sottoscrita per un singolo annuncio.\u00a0 Il trasferimento del beneficio di un\u2019opzione a pagamento da un annuncio ad un altro non \u00e8 possibile. Per quanto riguarda i privati, la sottoscrizione ad ogni opzione a pagamento \u00e8 possibile nel momento del deposito dell\u2019annuncio , nel corso della trasmissione o durante l\u2019aggiornamento. Per i professionisti, la sottoscrizione ad ogni opzione a pagamento \u00e8 possibile durante la pubblicazione online dell\u2019annuncio, nel corso della trasmissione o durante l\u2019aggiornamento. La sottoscrizione a delle opzioni a pagamento molteplici \u00e8 possibile, in modo contemporaeneo o no. \u00a0Il fatto di cancellare l\u2019annuncio provoca automaticamente la cancellazione delle opzioni legati all\u2019annuncio. La sottoscrizione ad un\u2019opzione a pagamento non proroga la durata dell\u2019annuncio.<\/p>\n<p><strong>3.5\u00a0\u00a0\u00a0\u00a0\u00a0 Contenuto degli annunci<\/strong><\/p>\n<p>Un annuncio pu\u00f2 avere come oggetto l\u2019unico veicolo e non di pi\u00f9. \u00c8 vietato proporre molteplici veicoli in un solo annuncio. L\u2019inserzionista non pu\u00f2 modificare la tipologia del veicolo, la marca, il modello e l\u2019anno dopo la pubblicazione online dell\u2019annuncio.<\/p>\n<p>L\u2019inserzione delle parole chiavi negli annunci \u00e8 proibita nel caso esse non corrispondessero alle caratteristiche del veicolo in offerta (in particolare alla sua marca) o del leasing.<\/p>\n<p>I professionisti possono cancellare e reinserire un nuovo annuncio nei limiti del numero dei posti scelti in modo illimitato durante tutta la validit\u00e0 del piano sottoscritto.<\/p>\n<p>L\u2019annuncio \u00e8 pubblicato sotto la responsabilit\u00e0 esclusiva dell\u2019inserzionista. L\u2019inserzionista garantisce che \u00e8 autorizzato a trasmettere l\u2019annuncio. L\u2019inserzionista garantisce che il contenuto di qualsiasi annuncio trasmesso al Sito con lo scopo di essere pubblicato \u00e8 rigorosamente conforme alla verit\u00e0 e non contiene nessun\u2019indicazione inesatta o inganevole.<\/p>\n<p>LeaseTransfer non effettua nessun controllo del contenuto degli annunci pubblicati sul Sito, e declina qualsiasi responsabilit\u00e0 a questo proposito. La verifica delle informazioni contenute nell\u2019annuncio spetta all\u2019utente del Sito.<\/p>\n<p>LeaseTransfer si riserva il diritto di cancellare con effetto immediato e senza nessuna indennit\u00e0 per l\u2019inserzionista, qualsiasi annuncio il cui contenuto sia inesatto o non conforme alle CGU presenti, alle disposizioni legislativi o normativi in vigore, o ai buoni costumi.<\/p>\n<ol start=\"4\">\n<li><strong> Acquisto di crediti<\/strong><\/li>\n<\/ol>\n<p>L\u2019acquisto di crediti si effettua esclusivamente dal Suo account.<\/p>\n<p>Qualsiasi inserzionista connesso al proprio account pu\u00f2, tramite la scheda \u00ab\u00a0I miei crediti\u00a0\u00bb, sottoscrivere ad una offerta d\u2019acquisto di crediti. I crediti acquistati permettono inserire annunci e sottoscrivere ad una o parrecchie opzioni a pagamento. I crediti sono legati all\u2019account da cui sono stati acquistati e non possono essere trasferiti su un altro account. Lei potr\u00e0 utilizzare i Suoi crediti finch\u00e9 il Suo account sia attivo.<\/p>\n<p>La cancellazione dell\u2019account comporta la cancellazione dei crediti allegati al suddetto account.<\/p>\n<p>1 credito = 1.- chf tasse incluse<\/p>\n<p>A partire da 100.- chf d\u2019acquisto di crediti, Lei beneficier\u00e0 del 10% di crediti supplementari offerti automaticamente.<\/p>\n<ol start=\"5\">\n<li><strong> Prezzo e pagamento<\/strong><\/li>\n<\/ol>\n<p>I prezzi degli annunci sono indicati in Franchi Svizzeri, IVA inclusa. Il pagamento per gli annunci sar\u00e0 effettuato prima della trasmissione tramite i mezzi di pagamento disponibili sul Sito.<\/p>\n<p>LeaseTransfer si riserva il diritto di modificare i prezzi degli annunci senza preavviso e nell\u2018esercizio del suo potere discrezionale.<\/p>\n<p>Il pagamento degli annunci pu\u00f2 essere effettuato per mezzo di seguenti :<\/p>\n<p>PostFinance Card, Post Finance E-Finance, Twint, Visa, Mastercard, American Express. Il pagamento viene effettuato tramite una piattaforma protetta dal sistema SSL (Secure Socket Layers). LeaseTransfer pu\u00f2 accettare altre carte di credito, nell\u2018esercizio del suo potere discrezionale ma senza alcun obbligo.<\/p>\n<p>Qualsiasi detentore di carta di credito \u00e8 assoggettato alla convalida ed autorizzazione dall\u2019ente emittente della carta. Nel caso in cui l\u2019emittente della Sua carta rifiutasse il pagamento, LeaseTransfer non pubblicher\u00e0 l\u2019annuncio in questione.\u00a0 Sar\u00e0 a carico Suo di contattare direttamente l\u2019ente emittente affinch\u00e9 il problema sia risolto.<\/p>\n<p>LeaseTransfer accetta altri mezzi di pagamento come Paypal ed i bonifici bancari, nell\u2019esercizio del suo potere discrezionale ma senza alcun obbligo.<\/p>\n<p>In caso di pagamento tramite carta di credito o Paypal, la pubblicazione online sar\u00e0 effettuata\u00a0 dopo l\u2019autorizzazione e la convalida da parte dell\u2019organismo emittente della carta, oppure dopo la conferma del ricevuto pagamento da Paypal. In caso di un pagamento per mezzo di un bonifico bancario, la pubblicazione online dell\u2019annuncio viene effettuata dopo la ricevuta del pagamento da LeaseTransfer.<\/p>\n<p>Una e-mail di conferma del pagamento viene inviata all\u2019inserzionista.<\/p>\n<p>La durata di validit\u00e0 dell\u2019annuncio inizia dalla pubblicazione online di quest\u2019ultimo. Non \u00e8 possibile ottenere nessun rimborso dopo la pubblicazione online.<\/p>\n<ol start=\"6\">\n<li><strong> Limitazioni di responsabilit\u00e0<\/strong><\/li>\n<\/ol>\n<p>LeaseTransfer declina qualsiasi responsabilit\u00e0 per quanto riguarda il contenuto degli annunci pubblicati sul Sito, in particolare per i dati relativi ai veicoli o ai leasing descritti negli annunci. L\u2019inserzionista indennizza LeaseTransfer per qualsiasi danno (le spese legali incluse) che LeaseTransfer potrebbe sopportare a causa di un\u2019attivit\u00e0 dei terzi come conseguenza di un annuncio pubblicato dall\u2019inserzionista.<\/p>\n<p>LeaseTransfer non offre consulenza o qualsiasi suggerimento rispetto all\u2019opportunit\u00e0 di cessione o riscatto del leasing automobile alle condizioni descritte negli annunci. \u00c8 a carico di ogni persona interessata al riscatto di un leasing sulla base di un annuncio pubblicato sul Sito di prendere le informazioni e consigli presso le persone o enti competenti.<\/p>\n<p>Nonostante che la redazione del Sito sia fatta con maggior cura, \u00e8 possibile che quest\u2019ultimo contenga delle informazioni erronati o incompleti. LeaseTransfer non garantisce nulla per quanto riguarda la completezza, l\u2019accuratezza o l\u2019attualit\u00e0 delle informazioni presenti sul Sito.<\/p>\n<p>LeaseTransfer declina qualsiasi responsabilit\u00e0 per ogni danno direttamente o indirettamente causato dalla sospensione del Sito, dagli eventuali bug che potrebbero ostacolare la navigazione sul Sito o da qualsiasi altro problema del tipo tecnico.<\/p>\n<p>LeaseTransfer declina qualsiasi responsabilit\u00e0 per quanto riguarda i contenuti dei siti terzi accessibili dal Sito, o collocanti verso il Sito via collegamenti (link) ipertestuali. LeaseTransfer non pratica nessun controllo sui contenuti di questi siti web esterni.<\/p>\n<p>LeaseTransfer \u00e8 terzo nella corrispondenza e nei rapporti tra inserzionisti e utenti, e pertanto esclude qualsiasi responsabilit\u00e0 al riguardo.<\/p>\n<ol start=\"7\">\n<li><strong> Dati personali e politica di protezione dei dati (privacy)<\/strong><\/li>\n<\/ol>\n<p><strong>7.1 Raccolta, trattamento, modifica e cancellazione dei dati personali<\/strong><\/p>\n<p>Nel momento in cui Lei procede alla creazione dell\u2019account sul Sito, si prega di fornire informazioni su di Lei, come il nome, il cognome, la data di nascita, l\u2019indirizzo postale, l\u2019indirizzo e-mail, il numero di telefono nonch\u00e9 le informazioni di carta di credito. Si impegna a fornire informazioni esatte e complete.<\/p>\n<p>LeaseTransfer si impegna a trattare i Suoi dati personali in modo riservato. Tuttavia, LeaseTransfer pu\u00f2 communicare i Suoi dati ai prestatori di servizi che assistono l\u2019impresa nell\u2019ambito della gestione del Sito (per la gestione delle e-mail, il trattamento dei pagamenti, o per l\u2019hosting di un server, per esempio). I vostri dati personali sono conservati esclusivamente su server situati in Svizzera.<\/p>\n<p>LeaseTransfer utilizza la soluzione PostFinance Checkout per l&#8217;elaborazione dei pagamenti. La soluzione PostFinance Checkout \u00e8 certificata PCI DSS. Per questo motivo, PostFinance collabora esclusivamente con partner certificati PCI, al fine di soddisfare i requisiti in materia, sia in Svizzera che all&#8217;estero. Il Payment Card Industry Data Security Standard (PCI DSS) prevede la protezione permanente dei dati memorizzati su PostFinance Checkout, che include anche verifiche annuali. I vostri dati saranno trattati da PostFinance in conformit\u00e0 alla <a href=\"https:\/\/www.postfinance.ch\/it\/dettaglio\/protezione-dei-dati\/dichiarazione-generale-sulla-protezione-dei-dati.html\" target=\"_blank\" rel=\"noopener\">dichiarazione generale sulla protezione dei dati<\/a>.<\/p>\n<p>L&#8217;utente riconosce e accetta che i suoi dati saranno memorizzati in modo criptato dal fornitore di software Wallee SA, Winterthur, nel cloud di dati di Amazon Web Services EMEA SARL, Lussemburgo (una filiale di Amazon Web Services Inc., USA) sui loro server in Irlanda e verificati dal Web Application Firewall (WAF) di Cloudflare Inc. Per verificare la presenza di malware, i dati devono essere decifrati dal WAF per un breve periodo di tempo. Si tratta di un requisito obbligatorio di PCI per la protezione dei dati. In altri Paesi, i dati decriptati durante il processo di verifica WAF non sono pi\u00f9 soggetti alla legge svizzera sulla protezione dei dati o al segreto bancario, ma al Regolamento Generale europeo sulla Protezione dei Dati (RGPD) o ad altre norme giuridiche applicabili.<\/p>\n<p>Inoltre, LeaseTransfer si riserva il diritto di communicare i Suoi dati di contatto ai partner identificati sul Sito.<\/p>\n<p>Conserviamo i vostri dati sui nostri server in Svizzera per tutta la durata di vita del vostro account.<\/p>\n<p>Utilizziamo i Suoi dati di contatto e le informazioni di carta di credito per il trattamento delle richieste di pubblicazione degli annunci che Lei ci fa pervenire via il Sito.<\/p>\n<p>Utilizziamo i Suoi dati di contatto per inviare delle informazioni sui nostri servizi o per\u00a0 informarLa sulle modifiche delle presenti CGU. Lei ha la possibilit\u00e0 di rifiutare le e-mail promozionali annulando l\u2019iscrizione tramite un collegamento (link) che si trova nella parte finale dei nostri e-mail.<\/p>\n<p>I dati personali presenti sul Suo account sono accessibili ad ogni momento, per le eventuali rettifiche o modifiche. La cancellazione di questi dati pu\u00f2 essere effettuata tramite la richiesta di chiusura dell\u2019account. Qualsiasi domanda\/richiesta rispetto\u00a0 all\u2019accesso, modifiche o cancellazione dei dati pu\u00f2 essere inviata al seguente indirizzo e-mail: <a href=\"mailto:contact@leasetransfer.ch\">info@leasetransfer.ch<\/a><\/p>\n<p id=\"7.2\"><strong>7.2 Cookies<\/strong><\/p>\n<p>Durante la navigazione sul nostro Sito Web, i nostri server raccolgono informazioni di registrazione come il tipo del Suo navigatore, l\u2019indirizzo IP con cui si accedde al Sito, la data di visita, l\u2019ultima pagina visitata o le azioni effettuate, tutto quanto via i cookies. Un cookie \u00e8 un file testuale di piccole dimensioni che si trova sul disco rigido del Suo computer o altro tipo di hardware (tablet, smartphone, ecc.). I cookies aiutano ai proprietari dei siti web a migliorare l\u2019efficienza dei loro siti ed ad ottenere informazioni su come viene utilizzato il loro sito. La raccolta dei voci di registro tramite i cookies ha lo scopo di ottimizzare il nostro sito, di verificare se funzioni correttamente e di soddisfare in modo pi\u00f9 efficace i bisogni degli utenti.<\/p>\n<p>Questo Sito utilizza Google Analytics, un servizio di analisi dei siti web offerto da Google, Inc. (\u00ab\u00a0Google\u00a0\u00bb). Google Analytics utilizza i cookies. Le informazioni generati dai cookies relative al Suo uso del Sito (indirizzo IP incluso) saranno trasmesse e salvaguardate da Google nei server con la sedia negli Stati Uniti. Google utilizzer\u00e0 queste informazioni per\u00a0 effettuare le stime del Suo uso del Sito, compilare rapporti di attivit\u00e0 sul Sito per i gestori dei siti, e\u00a0 per fornire altri servizi relativi all\u2019attivit\u00e0 sul sito ed all\u2019uso di Internet. Google pu\u00f2 anche trasferire le suddette informazioni ai terzi nel caso in cui la legge lo richiedesse, o nel caso in cui quest\u2019ultimi (terzi) elaborano le informazioni per Google. Google non collegher\u00e0 il Suo indirizzo IP con degli altri dati in possesso di Google.<\/p>\n<p>Lei pu\u00f2 tuttavia cancellare o rifiutare i cookies regolando le impostazioni del navigatore (browser). Ogni navigatore segue le modalit\u00e0 specifiche a lui, e suggeriamo consultare il sito dell\u2019editore del Suo navigatore. La cancellazione o il rifiuto dei cookies possono incidere sul modo in cui il sito o le applicazioni funzionano.<\/p>\n<ol start=\"8\">\n<li><strong> Propriet\u00e0 intellettuale<\/strong><\/li>\n<\/ol>\n<p>Il Sito ed il suo contenuto (testi, fotografie, contenuti visuali, animazioni video e programmi inclusi) sono sotto prottezione dei diritti d\u2019autore.<\/p>\n<p>Lo scaricamento (download) e l\u2019impressione dell\u2019integrit\u00e0 o di una parte del Sito sono autorizzati solo per l\u2019uso personale e privato degli utenti. Salvo l\u2019uso ivi delimitato, qualsiasi riproduzione, distribuzione o adattamento \u00e8 proibita senza previo consenso di LeaseTransfer.<\/p>\n<ol start=\"9\">\n<li><strong> Sospensione o cancellazione di account<\/strong><\/li>\n<\/ol>\n<p>LeaseTransfer si riserva il diritto di sospendere o cancellare un account in qualsiasi momento e di rifiutare qualunque uso attuale o futuro dei suoi servizi nel caso di inadempienza alle presenti CGU dalla parte dell\u2019utente.<\/p>\n<ol start=\"10\">\n<li><strong> Leggislazione applicabile<\/strong><\/li>\n<\/ol>\n<p>Le presenti CGU sono regolate dalla legge svizzera.<\/p>\n<p>I tribunali di Ginevra, Svizzera, sono di competenza esclusiva su qualsiasi controversia derivante per quanto riguarda il contenuto del Sito o le condizioni d\u2019uso del Sito.<\/p>\n<p>Approvato nel 23\/01\/2026<\/p>\n","protected":false},"excerpt":{"rendered":"<p>CONDIZIONI GENERALI D\u2019USO DEL SITO LEASETRANSFER.CH Informazioni generali Il Sito LeaseTransfer (www.leasetransfer.ch) \u00e8 una piattaforma di annunci che permette a dei privati o a delle imprese desiderosi di cedere un leasing automobile di pubblicare annunci sul Sito. Il responsabile del Sito (www.leasetransfer.ch) \u00e8\u00a0: Signor Perales Gr\u00e9gory Rue du Stand, 3 bis 1204 Gen\u00e8ve Telefono\u00a0: +41&hellip;<\/p>\n","protected":false},"author":44,"featured_media":0,"parent":0,"menu_order":19,"comment_status":"closed","ping_status":"closed","template":"","meta":{"_acf_changed":false,"_monsterinsights_skip_tracking":false,"_monsterinsights_sitenote_active":false,"_monsterinsights_sitenote_note":"","_monsterinsights_sitenote_category":0,"footnotes":""},"class_list":["post-1055","page","type-page","status-publish","hentry"],"acf":[],"yoast_head":"<!-- This site is optimized with the Yoast SEO plugin v23.7 - https:\/\/yoast.com\/wordpress\/plugins\/seo\/ -->\n<title>CGU<\/title>\n<meta name=\"description\" content=\"CONDIZIONI GENERALI D\u2019USO DEL SITO LEASETRANSFER.CH Informazioni generali Il Sito LeaseTransfer (www.leasetransfer.ch) \u00e8 una piattaforma di annunci che\" \/>\n<meta name=\"robots\" content=\"index, follow, max-snippet:-1, max-image-preview:large, max-video-preview:-1\" \/>\n<link rel=\"canonical\" href=\"https:\/\/leasetransfer.ch\/it\/cgu\/\" \/>\n<meta property=\"og:locale\" content=\"it_IT\" \/>\n<meta property=\"og:type\" content=\"article\" \/>\n<meta property=\"og:title\" content=\"CGU\" \/>\n<meta property=\"og:description\" content=\"CONDIZIONI GENERALI D\u2019USO DEL SITO LEASETRANSFER.CH Informazioni generali Il Sito LeaseTransfer (www.leasetransfer.ch) \u00e8 una piattaforma di annunci che\" \/>\n<meta property=\"og:url\" content=\"https:\/\/leasetransfer.ch\/it\/cgu\/\" \/>\n<meta property=\"og:site_name\" content=\"LeaseTransfer\" \/>\n<meta property=\"article:modified_time\" content=\"2026-01-23T13:57:30+00:00\" \/>\n<meta name=\"twitter:card\" content=\"summary_large_image\" \/>\n<meta name=\"twitter:label1\" content=\"Tempo di lettura stimato\" \/>\n\t<meta name=\"twitter:data1\" content=\"12 minuti\" \/>\n<script type=\"application\/ld+json\" class=\"yoast-schema-graph\">{\"@context\":\"https:\/\/schema.org\",\"@graph\":[{\"@type\":\"WebPage\",\"@id\":\"https:\/\/leasetransfer.ch\/it\/cgu\/\",\"url\":\"https:\/\/leasetransfer.ch\/it\/cgu\/\",\"name\":\"CGU\",\"isPartOf\":{\"@id\":\"https:\/\/leasetransfer.ch\/#website\"},\"datePublished\":\"2016-11-22T10:42:18+00:00\",\"dateModified\":\"2026-01-23T13:57:30+00:00\",\"description\":\"CONDIZIONI GENERALI D\u2019USO DEL SITO LEASETRANSFER.CH Informazioni generali Il Sito LeaseTransfer (www.leasetransfer.ch) \u00e8 una piattaforma di annunci che\",\"breadcrumb\":{\"@id\":\"https:\/\/leasetransfer.ch\/it\/cgu\/#breadcrumb\"},\"inLanguage\":\"it-IT\",\"potentialAction\":[{\"@type\":\"ReadAction\",\"target\":[\"https:\/\/leasetransfer.ch\/it\/cgu\/\"]}]},{\"@type\":\"BreadcrumbList\",\"@id\":\"https:\/\/leasetransfer.ch\/it\/cgu\/#breadcrumb\",\"itemListElement\":[{\"@type\":\"ListItem\",\"position\":1,\"name\":\"Accueil\",\"item\":\"https:\/\/leasetransfer.ch\/it\/\"},{\"@type\":\"ListItem\",\"position\":2,\"name\":\"CGU\"}]},{\"@type\":\"WebSite\",\"@id\":\"https:\/\/leasetransfer.ch\/#website\",\"url\":\"https:\/\/leasetransfer.ch\/\",\"name\":\"LeaseTransfer\",\"description\":\"Transfert et rachat de leasing auto en Suisse\",\"potentialAction\":[{\"@type\":\"SearchAction\",\"target\":{\"@type\":\"EntryPoint\",\"urlTemplate\":\"https:\/\/leasetransfer.ch\/?s={search_term_string}\"},\"query-input\":{\"@type\":\"PropertyValueSpecification\",\"valueRequired\":true,\"valueName\":\"search_term_string\"}}],\"inLanguage\":\"it-IT\"}]}<\/script>\n<!-- \/ Yoast SEO plugin. -->","yoast_head_json":{"title":"CGU","description":"CONDIZIONI GENERALI D\u2019USO DEL SITO LEASETRANSFER.CH Informazioni generali Il Sito LeaseTransfer (www.leasetransfer.ch) \u00e8 una piattaforma di annunci che","robots":{"index":"index","follow":"follow","max-snippet":"max-snippet:-1","max-image-preview":"max-image-preview:large","max-video-preview":"max-video-preview:-1"},"canonical":"https:\/\/leasetransfer.ch\/it\/cgu\/","og_locale":"it_IT","og_type":"article","og_title":"CGU","og_description":"CONDIZIONI GENERALI D\u2019USO DEL SITO LEASETRANSFER.CH Informazioni generali Il Sito LeaseTransfer (www.leasetransfer.ch) \u00e8 una piattaforma di annunci che","og_url":"https:\/\/leasetransfer.ch\/it\/cgu\/","og_site_name":"LeaseTransfer","article_modified_time":"2026-01-23T13:57:30+00:00","twitter_card":"summary_large_image","twitter_misc":{"Tempo di lettura stimato":"12 minuti"},"schema":{"@context":"https:\/\/schema.org","@graph":[{"@type":"WebPage","@id":"https:\/\/leasetransfer.ch\/it\/cgu\/","url":"https:\/\/leasetransfer.ch\/it\/cgu\/","name":"CGU","isPartOf":{"@id":"https:\/\/leasetransfer.ch\/#website"},"datePublished":"2016-11-22T10:42:18+00:00","dateModified":"2026-01-23T13:57:30+00:00","description":"CONDIZIONI GENERALI D\u2019USO DEL SITO LEASETRANSFER.CH Informazioni generali Il Sito LeaseTransfer (www.leasetransfer.ch) \u00e8 una piattaforma di annunci che","breadcrumb":{"@id":"https:\/\/leasetransfer.ch\/it\/cgu\/#breadcrumb"},"inLanguage":"it-IT","potentialAction":[{"@type":"ReadAction","target":["https:\/\/leasetransfer.ch\/it\/cgu\/"]}]},{"@type":"BreadcrumbList","@id":"https:\/\/leasetransfer.ch\/it\/cgu\/#breadcrumb","itemListElement":[{"@type":"ListItem","position":1,"name":"Accueil","item":"https:\/\/leasetransfer.ch\/it\/"},{"@type":"ListItem","position":2,"name":"CGU"}]},{"@type":"WebSite","@id":"https:\/\/leasetransfer.ch\/#website","url":"https:\/\/leasetransfer.ch\/","name":"LeaseTransfer","description":"Transfert et rachat de leasing auto en Suisse","potentialAction":[{"@type":"SearchAction","target":{"@type":"EntryPoint","urlTemplate":"https:\/\/leasetransfer.ch\/?s={search_term_string}"},"query-input":{"@type":"PropertyValueSpecification","valueRequired":true,"valueName":"search_term_string"}}],"inLanguage":"it-IT"}]}},"_links":{"self":[{"href":"https:\/\/leasetransfer.ch\/it\/wp-json\/wp\/v2\/pages\/1055"}],"collection":[{"href":"https:\/\/leasetransfer.ch\/it\/wp-json\/wp\/v2\/pages"}],"about":[{"href":"https:\/\/leasetransfer.ch\/it\/wp-json\/wp\/v2\/types\/page"}],"author":[{"embeddable":true,"href":"https:\/\/leasetransfer.ch\/it\/wp-json\/wp\/v2\/users\/44"}],"replies":[{"embeddable":true,"href":"https:\/\/leasetransfer.ch\/it\/wp-json\/wp\/v2\/comments?post=1055"}],"version-history":[{"count":3,"href":"https:\/\/leasetransfer.ch\/it\/wp-json\/wp\/v2\/pages\/1055\/revisions"}],"predecessor-version":[{"id":8540,"href":"https:\/\/leasetransfer.ch\/it\/wp-json\/wp\/v2\/pages\/1055\/revisions\/8540"}],"wp:attachment":[{"href":"https:\/\/leasetransfer.ch\/it\/wp-json\/wp\/v2\/media?parent=1055"}],"curies":[{"name":"wp","href":"https:\/\/api.w.org\/{rel}","templated":true}]}}