{"id":1124,"date":"2016-08-24T13:29:54","date_gmt":"2016-08-24T11:29:54","guid":{"rendered":"https:\/\/leasetransfer.ch\/it\/creation-annonce-pro\/"},"modified":"2023-10-13T11:43:40","modified_gmt":"2023-10-13T09:43:40","slug":"creation-annonce-pro","status":"publish","type":"page","link":"https:\/\/leasetransfer.ch\/it\/creation-annonce-pro\/","title":{"rendered":"Cr\u00e9ation annonce pro"},"content":{"rendered":"<p><strong>Pacchetto SU MISURA e SENZA ABBONAMENTO \u00e8 disponibile a partire da 3 posti :<\/strong><\/p>\n<p>\u00c8 possibile eliminare e reinserire nuovi annunci senza limitazioni per tutta la durata del pacchetto scelto.<br \/>\n<strong>Il pacchetto entra in vigore quando viene pubblicato il primo annuncio. Da quel momento inizia il periodo di distribuzione, che prevede 6 mesi di visibilit\u00e0 degli annunci.<\/strong><\/p>\n<p>La nostra piattaforma <a href=\"https:\/\/leasetransfer.ch\/it\/?\">Leasetransfer.ch<\/a> Le permette di evidenziare <strong>i suoi annunci di veicoli nuovi o usati in leasing. Contratto di leasing in corso o nuovo contratto :<\/strong><\/p>\n<p><strong><br \/>\n<\/strong><strong><\/strong><\/p>\n<ul>\n<li><strong>Leasing noleggio<\/strong> (abbonamento auto, agenzie di noleggio, ecc.)<\/li>\n<li><strong>Leasing con valore residuo<\/strong> (concessionari, officine, ecc.)<\/li>\n<li><strong>Leasing-vendita<\/strong> (societ\u00e0 finanziarie, banche, ecc.)<\/li>\n<\/ul>\n","protected":false},"excerpt":{"rendered":"<p>Pacchetto SU MISURA e SENZA ABBONAMENTO \u00e8 disponibile a partire da 3 posti : \u00c8 possibile eliminare e reinserire nuovi annunci senza limitazioni per tutta la durata del pacchetto scelto. Il pacchetto entra in vigore quando viene pubblicato il primo annuncio. Da quel momento inizia il periodo di distribuzione, che prevede 6 mesi di visibilit\u00e0&hellip;<\/p>\n","protected":false},"author":1,"featured_media":0,"parent":0,"menu_order":56,"comment_status":"closed","ping_status":"closed","template":"lt-templates\/create-annonce-pro.php","meta":{"_acf_changed":false,"_monsterinsights_skip_tracking":false,"_monsterinsights_sitenote_active":false,"_monsterinsights_sitenote_note":"","_monsterinsights_sitenote_category":0,"footnotes":""},"class_list":["post-1124","page","type-page","status-publish","hentry"],"acf":[],"yoast_head":"<!-- This site is optimized with the Yoast SEO plugin v23.7 - https:\/\/yoast.com\/wordpress\/plugins\/seo\/ -->\n<title>Cr\u00e9ation annonce pro<\/title>\n<meta name=\"description\" content=\"Pacchetto SU MISURA e SENZA ABBONAMENTO \u00e8 disponibile a partire da 3 posti : \u00c8 possibile eliminare e reinserire nuovi annunci senza limitazioni per tutta\" \/>\n<meta name=\"robots\" content=\"index, follow, max-snippet:-1, max-image-preview:large, max-video-preview:-1\" \/>\n<link rel=\"canonical\" href=\"https:\/\/leasetransfer.ch\/it\/creation-annonce-pro\/\" \/>\n<meta property=\"og:locale\" content=\"it_IT\" \/>\n<meta property=\"og:type\" content=\"article\" \/>\n<meta property=\"og:title\" content=\"Cr\u00e9ation annonce pro\" \/>\n<meta property=\"og:description\" content=\"Pacchetto SU MISURA e SENZA ABBONAMENTO \u00e8 disponibile a partire da 3 posti : \u00c8 possibile eliminare e reinserire nuovi annunci senza limitazioni per tutta\" \/>\n<meta property=\"og:url\" content=\"https:\/\/leasetransfer.ch\/it\/creation-annonce-pro\/\" \/>\n<meta property=\"og:site_name\" content=\"LeaseTransfer\" \/>\n<meta property=\"article:modified_time\" content=\"2023-10-13T09:43:40+00:00\" \/>\n<meta name=\"twitter:card\" content=\"summary_large_image\" \/>\n<meta name=\"twitter:label1\" content=\"Tempo di lettura stimato\" \/>\n\t<meta name=\"twitter:data1\" content=\"1 minuto\" \/>\n<script type=\"application\/ld+json\" class=\"yoast-schema-graph\">{\"@context\":\"https:\/\/schema.org\",\"@graph\":[{\"@type\":\"WebPage\",\"@id\":\"https:\/\/leasetransfer.ch\/it\/creation-annonce-pro\/\",\"url\":\"https:\/\/leasetransfer.ch\/it\/creation-annonce-pro\/\",\"name\":\"Cr\u00e9ation annonce pro\",\"isPartOf\":{\"@id\":\"https:\/\/leasetransfer.ch\/#website\"},\"datePublished\":\"2016-08-24T11:29:54+00:00\",\"dateModified\":\"2023-10-13T09:43:40+00:00\",\"description\":\"Pacchetto SU MISURA e SENZA ABBONAMENTO \u00e8 disponibile a partire da 3 posti : \u00c8 possibile eliminare e reinserire nuovi annunci senza limitazioni per tutta\",\"breadcrumb\":{\"@id\":\"https:\/\/leasetransfer.ch\/it\/creation-annonce-pro\/#breadcrumb\"},\"inLanguage\":\"it-IT\",\"potentialAction\":[{\"@type\":\"ReadAction\",\"target\":[\"https:\/\/leasetransfer.ch\/it\/creation-annonce-pro\/\"]}]},{\"@type\":\"BreadcrumbList\",\"@id\":\"https:\/\/leasetransfer.ch\/it\/creation-annonce-pro\/#breadcrumb\",\"itemListElement\":[{\"@type\":\"ListItem\",\"position\":1,\"name\":\"Accueil\",\"item\":\"https:\/\/leasetransfer.ch\/it\/\"},{\"@type\":\"ListItem\",\"position\":2,\"name\":\"Cr\u00e9ation annonce pro\"}]},{\"@type\":\"WebSite\",\"@id\":\"https:\/\/leasetransfer.ch\/#website\",\"url\":\"https:\/\/leasetransfer.ch\/\",\"name\":\"LeaseTransfer\",\"description\":\"Transfert et rachat de leasing auto en Suisse\",\"potentialAction\":[{\"@type\":\"SearchAction\",\"target\":{\"@type\":\"EntryPoint\",\"urlTemplate\":\"https:\/\/leasetransfer.ch\/?s={search_term_string}\"},\"query-input\":{\"@type\":\"PropertyValueSpecification\",\"valueRequired\":true,\"valueName\":\"search_term_string\"}}],\"inLanguage\":\"it-IT\"}]}<\/script>\n<!-- \/ Yoast SEO plugin. -->","yoast_head_json":{"title":"Cr\u00e9ation annonce pro","description":"Pacchetto SU MISURA e SENZA ABBONAMENTO \u00e8 disponibile a partire da 3 posti : \u00c8 possibile eliminare e reinserire nuovi annunci senza limitazioni per tutta","robots":{"index":"index","follow":"follow","max-snippet":"max-snippet:-1","max-image-preview":"max-image-preview:large","max-video-preview":"max-video-preview:-1"},"canonical":"https:\/\/leasetransfer.ch\/it\/creation-annonce-pro\/","og_locale":"it_IT","og_type":"article","og_title":"Cr\u00e9ation annonce pro","og_description":"Pacchetto SU MISURA e SENZA ABBONAMENTO \u00e8 disponibile a partire da 3 posti : \u00c8 possibile eliminare e reinserire nuovi annunci senza limitazioni per tutta","og_url":"https:\/\/leasetransfer.ch\/it\/creation-annonce-pro\/","og_site_name":"LeaseTransfer","article_modified_time":"2023-10-13T09:43:40+00:00","twitter_card":"summary_large_image","twitter_misc":{"Tempo di lettura stimato":"1 minuto"},"schema":{"@context":"https:\/\/schema.org","@graph":[{"@type":"WebPage","@id":"https:\/\/leasetransfer.ch\/it\/creation-annonce-pro\/","url":"https:\/\/leasetransfer.ch\/it\/creation-annonce-pro\/","name":"Cr\u00e9ation annonce pro","isPartOf":{"@id":"https:\/\/leasetransfer.ch\/#website"},"datePublished":"2016-08-24T11:29:54+00:00","dateModified":"2023-10-13T09:43:40+00:00","description":"Pacchetto SU MISURA e SENZA ABBONAMENTO \u00e8 disponibile a partire da 3 posti : \u00c8 possibile eliminare e reinserire nuovi annunci senza limitazioni per tutta","breadcrumb":{"@id":"https:\/\/leasetransfer.ch\/it\/creation-annonce-pro\/#breadcrumb"},"inLanguage":"it-IT","potentialAction":[{"@type":"ReadAction","target":["https:\/\/leasetransfer.ch\/it\/creation-annonce-pro\/"]}]},{"@type":"BreadcrumbList","@id":"https:\/\/leasetransfer.ch\/it\/creation-annonce-pro\/#breadcrumb","itemListElement":[{"@type":"ListItem","position":1,"name":"Accueil","item":"https:\/\/leasetransfer.ch\/it\/"},{"@type":"ListItem","position":2,"name":"Cr\u00e9ation annonce pro"}]},{"@type":"WebSite","@id":"https:\/\/leasetransfer.ch\/#website","url":"https:\/\/leasetransfer.ch\/","name":"LeaseTransfer","description":"Transfert et rachat de leasing auto en Suisse","potentialAction":[{"@type":"SearchAction","target":{"@type":"EntryPoint","urlTemplate":"https:\/\/leasetransfer.ch\/?s={search_term_string}"},"query-input":{"@type":"PropertyValueSpecification","valueRequired":true,"valueName":"search_term_string"}}],"inLanguage":"it-IT"}]}},"_links":{"self":[{"href":"https:\/\/leasetransfer.ch\/it\/wp-json\/wp\/v2\/pages\/1124"}],"collection":[{"href":"https:\/\/leasetransfer.ch\/it\/wp-json\/wp\/v2\/pages"}],"about":[{"href":"https:\/\/leasetransfer.ch\/it\/wp-json\/wp\/v2\/types\/page"}],"author":[{"embeddable":true,"href":"https:\/\/leasetransfer.ch\/it\/wp-json\/wp\/v2\/users\/1"}],"replies":[{"embeddable":true,"href":"https:\/\/leasetransfer.ch\/it\/wp-json\/wp\/v2\/comments?post=1124"}],"version-history":[{"count":0,"href":"https:\/\/leasetransfer.ch\/it\/wp-json\/wp\/v2\/pages\/1124\/revisions"}],"wp:attachment":[{"href":"https:\/\/leasetransfer.ch\/it\/wp-json\/wp\/v2\/media?parent=1124"}],"curies":[{"name":"wp","href":"https:\/\/api.w.org\/{rel}","templated":true}]}}