{"id":2455,"date":"2017-10-04T16:55:19","date_gmt":"2017-10-04T14:55:19","guid":{"rendered":"https:\/\/leasetransfer.ch\/blog\/"},"modified":"2022-01-24T22:32:50","modified_gmt":"2022-01-24T21:32:50","slug":"blog","status":"publish","type":"page","link":"https:\/\/leasetransfer.ch\/it\/blog\/","title":{"rendered":"Blog"},"content":{"rendered":"<p>I<img loading=\"lazy\" decoding=\"async\" class=\"alignnone size-medium wp-image-2712\" src=\"https:\/\/leasetransfer.ch\/wp-content\/uploads\/2017\/10\/LT-banni\u00e8re-11.17-4-300x200.png\" alt=\"\" width=\"300\" height=\"200\" srcset=\"https:\/\/leasetransfer.ch\/wp-content\/uploads\/2017\/10\/LT-banni\u00e8re-11.17-4-300x200.png 300w, https:\/\/leasetransfer.ch\/wp-content\/uploads\/2017\/10\/LT-banni\u00e8re-11.17-4-768x512.png 768w, https:\/\/leasetransfer.ch\/wp-content\/uploads\/2017\/10\/LT-banni\u00e8re-11.17-4-600x400.png 600w, https:\/\/leasetransfer.ch\/wp-content\/uploads\/2017\/10\/LT-banni\u00e8re-11.17-4.png 1000w\" sizes=\"(max-width: 300px) 85vw, 300px\" \/><\/p>\n<p>In Svizzera un\u2019automobile su due<br \/>\n\u00e8 a leasing. E quasi un contratto<br \/>\nleasing su due viene interrotto<br \/>\nprima della scadenza. La ragione<br \/>\npi\u00f9 frequente \u00e8 un cambiamento<br \/>\ndella situazione economica personale<br \/>\ne l\u2019impossibilit\u00e0 quindi di continuare<br \/>\na pagare le rate mensili. Ma sbarazzarsi<br \/>\ndell\u2019auto non \u00e8 sempre cos\u00ec semplice.<br \/>\nSoprattutto pu\u00f2 essere molto<br \/>\ncostoso. La soluzione sarebbe trovare<br \/>\nqualcuno cui cedere il contratto leasing.<br \/>\nMa \u00e8 ancora meno semplice. Da<br \/>\nqui l\u2019idea di Gr\u00e9gory Perales, che lo<br \/>\nscorso gennaio ha creato la piattaforma<br \/>\nLeaseTransfer.ch per mettere in<br \/>\ncontatto il cedente con i potenziali interessati<br \/>\na ritirare quel contratto leasing<br \/>\nin corso.<\/p>\n<p>Capita soprattutto ai giovani di<br \/>\nsottoscrivere un leasing con un\u2019alta<br \/>\nrata. Dopo qualche tempo il carico finanziario<br \/>\npu\u00f2 rivelarsi pi\u00f9 pesante del<br \/>\nprevisto. Ma le ragioni per interrompere<br \/>\nun contratto sono molte. Lo si<br \/>\npu\u00f2 ereditare, da un genitore, ad<br \/>\nesempio, ma anche un improvviso<br \/>\ncambiamento della situazione familiare,<br \/>\ncome un divorzio o la nascita di<br \/>\nun figlio, possono costringere una<br \/>\npersona a cambiare vettura. Altre volte<br \/>\nc\u2019\u00e8 una causa professionale, ad<br \/>\nesempio il datore di lavoro mette a disposizione<br \/>\nun\u2019automobile, o licenzia o<br \/>\nriduce il salario al dipendente. Infine,<br \/>\nsempre per ragioni professionali, pu\u00f2<br \/>\ncapitare di doversi trasferire all\u2019estero.<br \/>\nCapita spesso a Ginevra, non per<br \/>\nniente la sede scelta da Perales.<br \/>\nLa maggior parte degli automobilisti<br \/>\nsceglie un contratto leasing di 48<br \/>\no 60 mensilit\u00e0. In questo modo la rata<br \/>\n\u00e8 meno alta, ma alte sono anche le<br \/>\nprobabilit\u00e0 di doverlo interrompere&#8230;<\/p>\n","protected":false},"excerpt":{"rendered":"<p>I In Svizzera un\u2019automobile su due \u00e8 a leasing. E quasi un contratto leasing su due viene interrotto prima della scadenza. La ragione pi\u00f9 frequente \u00e8 un cambiamento della situazione economica personale e l\u2019impossibilit\u00e0 quindi di continuare a pagare le rate mensili. Ma sbarazzarsi dell\u2019auto non \u00e8 sempre cos\u00ec semplice. Soprattutto pu\u00f2 essere molto costoso.&hellip;<\/p>\n","protected":false},"author":1,"featured_media":0,"parent":0,"menu_order":4,"comment_status":"closed","ping_status":"closed","template":"lt-templates\/blog.php","meta":{"_acf_changed":false,"_monsterinsights_skip_tracking":false,"_monsterinsights_sitenote_active":false,"_monsterinsights_sitenote_note":"","_monsterinsights_sitenote_category":0,"footnotes":""},"class_list":["post-2455","page","type-page","status-publish","hentry"],"acf":[],"yoast_head":"<!-- This site is optimized with the Yoast SEO plugin v23.7 - https:\/\/yoast.com\/wordpress\/plugins\/seo\/ -->\n<title>Blog<\/title>\n<meta name=\"description\" content=\"I In Svizzera un\u2019automobile su due \u00e8 a leasing. E quasi un contratto leasing su due viene interrotto prima della scadenza. La ragione pi\u00f9 frequente \u00e8 un\" \/>\n<meta name=\"robots\" content=\"index, follow, max-snippet:-1, max-image-preview:large, max-video-preview:-1\" \/>\n<link rel=\"canonical\" href=\"https:\/\/leasetransfer.ch\/it\/blog\/\" \/>\n<meta property=\"og:locale\" content=\"it_IT\" \/>\n<meta property=\"og:type\" content=\"article\" \/>\n<meta property=\"og:title\" content=\"Blog\" \/>\n<meta property=\"og:description\" content=\"I In Svizzera un\u2019automobile su due \u00e8 a leasing. E quasi un contratto leasing su due viene interrotto prima della scadenza. La ragione pi\u00f9 frequente \u00e8 un\" \/>\n<meta property=\"og:url\" content=\"https:\/\/leasetransfer.ch\/it\/blog\/\" \/>\n<meta property=\"og:site_name\" content=\"LeaseTransfer\" \/>\n<meta property=\"article:modified_time\" content=\"2022-01-24T21:32:50+00:00\" \/>\n<meta name=\"twitter:card\" content=\"summary_large_image\" \/>\n<meta name=\"twitter:label1\" content=\"Tempo di lettura stimato\" \/>\n\t<meta name=\"twitter:data1\" content=\"1 minuto\" \/>\n<script type=\"application\/ld+json\" class=\"yoast-schema-graph\">{\"@context\":\"https:\/\/schema.org\",\"@graph\":[{\"@type\":\"WebPage\",\"@id\":\"https:\/\/leasetransfer.ch\/it\/blog\/\",\"url\":\"https:\/\/leasetransfer.ch\/it\/blog\/\",\"name\":\"Blog\",\"isPartOf\":{\"@id\":\"https:\/\/leasetransfer.ch\/#website\"},\"datePublished\":\"2017-10-04T14:55:19+00:00\",\"dateModified\":\"2022-01-24T21:32:50+00:00\",\"description\":\"I In Svizzera un\u2019automobile su due \u00e8 a leasing. E quasi un contratto leasing su due viene interrotto prima della scadenza. La ragione pi\u00f9 frequente \u00e8 un\",\"breadcrumb\":{\"@id\":\"https:\/\/leasetransfer.ch\/it\/blog\/#breadcrumb\"},\"inLanguage\":\"it-IT\",\"potentialAction\":[{\"@type\":\"ReadAction\",\"target\":[\"https:\/\/leasetransfer.ch\/it\/blog\/\"]}]},{\"@type\":\"BreadcrumbList\",\"@id\":\"https:\/\/leasetransfer.ch\/it\/blog\/#breadcrumb\",\"itemListElement\":[{\"@type\":\"ListItem\",\"position\":1,\"name\":\"Accueil\",\"item\":\"https:\/\/leasetransfer.ch\/it\/\"},{\"@type\":\"ListItem\",\"position\":2,\"name\":\"Blog\"}]},{\"@type\":\"WebSite\",\"@id\":\"https:\/\/leasetransfer.ch\/#website\",\"url\":\"https:\/\/leasetransfer.ch\/\",\"name\":\"LeaseTransfer\",\"description\":\"Transfert et rachat de leasing auto en Suisse\",\"potentialAction\":[{\"@type\":\"SearchAction\",\"target\":{\"@type\":\"EntryPoint\",\"urlTemplate\":\"https:\/\/leasetransfer.ch\/?s={search_term_string}\"},\"query-input\":{\"@type\":\"PropertyValueSpecification\",\"valueRequired\":true,\"valueName\":\"search_term_string\"}}],\"inLanguage\":\"it-IT\"}]}<\/script>\n<!-- \/ Yoast SEO plugin. -->","yoast_head_json":{"title":"Blog","description":"I In Svizzera un\u2019automobile su due \u00e8 a leasing. E quasi un contratto leasing su due viene interrotto prima della scadenza. La ragione pi\u00f9 frequente \u00e8 un","robots":{"index":"index","follow":"follow","max-snippet":"max-snippet:-1","max-image-preview":"max-image-preview:large","max-video-preview":"max-video-preview:-1"},"canonical":"https:\/\/leasetransfer.ch\/it\/blog\/","og_locale":"it_IT","og_type":"article","og_title":"Blog","og_description":"I In Svizzera un\u2019automobile su due \u00e8 a leasing. E quasi un contratto leasing su due viene interrotto prima della scadenza. La ragione pi\u00f9 frequente \u00e8 un","og_url":"https:\/\/leasetransfer.ch\/it\/blog\/","og_site_name":"LeaseTransfer","article_modified_time":"2022-01-24T21:32:50+00:00","twitter_card":"summary_large_image","twitter_misc":{"Tempo di lettura stimato":"1 minuto"},"schema":{"@context":"https:\/\/schema.org","@graph":[{"@type":"WebPage","@id":"https:\/\/leasetransfer.ch\/it\/blog\/","url":"https:\/\/leasetransfer.ch\/it\/blog\/","name":"Blog","isPartOf":{"@id":"https:\/\/leasetransfer.ch\/#website"},"datePublished":"2017-10-04T14:55:19+00:00","dateModified":"2022-01-24T21:32:50+00:00","description":"I In Svizzera un\u2019automobile su due \u00e8 a leasing. E quasi un contratto leasing su due viene interrotto prima della scadenza. La ragione pi\u00f9 frequente \u00e8 un","breadcrumb":{"@id":"https:\/\/leasetransfer.ch\/it\/blog\/#breadcrumb"},"inLanguage":"it-IT","potentialAction":[{"@type":"ReadAction","target":["https:\/\/leasetransfer.ch\/it\/blog\/"]}]},{"@type":"BreadcrumbList","@id":"https:\/\/leasetransfer.ch\/it\/blog\/#breadcrumb","itemListElement":[{"@type":"ListItem","position":1,"name":"Accueil","item":"https:\/\/leasetransfer.ch\/it\/"},{"@type":"ListItem","position":2,"name":"Blog"}]},{"@type":"WebSite","@id":"https:\/\/leasetransfer.ch\/#website","url":"https:\/\/leasetransfer.ch\/","name":"LeaseTransfer","description":"Transfert et rachat de leasing auto en Suisse","potentialAction":[{"@type":"SearchAction","target":{"@type":"EntryPoint","urlTemplate":"https:\/\/leasetransfer.ch\/?s={search_term_string}"},"query-input":{"@type":"PropertyValueSpecification","valueRequired":true,"valueName":"search_term_string"}}],"inLanguage":"it-IT"}]}},"_links":{"self":[{"href":"https:\/\/leasetransfer.ch\/it\/wp-json\/wp\/v2\/pages\/2455"}],"collection":[{"href":"https:\/\/leasetransfer.ch\/it\/wp-json\/wp\/v2\/pages"}],"about":[{"href":"https:\/\/leasetransfer.ch\/it\/wp-json\/wp\/v2\/types\/page"}],"author":[{"embeddable":true,"href":"https:\/\/leasetransfer.ch\/it\/wp-json\/wp\/v2\/users\/1"}],"replies":[{"embeddable":true,"href":"https:\/\/leasetransfer.ch\/it\/wp-json\/wp\/v2\/comments?post=2455"}],"version-history":[{"count":0,"href":"https:\/\/leasetransfer.ch\/it\/wp-json\/wp\/v2\/pages\/2455\/revisions"}],"wp:attachment":[{"href":"https:\/\/leasetransfer.ch\/it\/wp-json\/wp\/v2\/media?parent=2455"}],"curies":[{"name":"wp","href":"https:\/\/api.w.org\/{rel}","templated":true}]}}